{"id":6670,"date":"2024-12-27T02:15:33","date_gmt":"2024-12-27T02:15:33","guid":{"rendered":"https:\/\/chantampharma.com.vn\/san-pham\/kem-boi-bong-skinmar-20g\/"},"modified":"2024-12-27T02:15:33","modified_gmt":"2024-12-27T02:15:33","slug":"kem-boi-bong-skinmar-20g","status":"publish","type":"product","link":"https:\/\/chantampharma.com.vn\/en\/san-pham\/kem-boi-bong-skinmar-20g\/","title":{"rendered":"Kem B\u00f4i B\u1ecfng Skinmar 20g"},"content":{"rendered":"<p>Kem B\u00f4i B\u1ecfng Skinmar h\u1ed7 tr\u1ee3 l\u00e0m d\u1ecbu m\u00e1t l\u00e0n da b\u1ecb b\u1ecfng nhi\u1ec7t v\u00e0 \u0111\u1ed1t laser. V\u1edbi c\u00e1c th\u00e0nh ph\u1ea7n t\u1ef1 nhi\u00ean an to\u00e0n nh\u01b0 v\u00f4ng nem, tr\u00e0 xanh, l\u00f4 h\u1ed9i, s\u1ea3n ph\u1ea9m gi\u00fap ng\u0103n ng\u1eeba nhi\u1ec5m tr\u00f9ng, h\u1ea1n ch\u1ebf \u0111\u1ec3 l\u1ea1i s\u1eb9o, mang l\u1ea1i c\u1ea3m gi\u00e1c d\u1ec5 ch\u1ecbu ngay sau khi s\u1eed d\u1ee5ng.<\/p>\n","protected":false},"excerpt":{"rendered":"<p>Kem B\u00f4i B\u1ecfng Skinmar h\u1ed7 tr\u1ee3 l\u00e0m d\u1ecbu m\u00e1t l\u00e0n da b\u1ecb b\u1ecfng nhi\u1ec7t v\u00e0 \u0111\u1ed1t laser. V\u1edbi c\u00e1c th\u00e0nh ph\u1ea7n t\u1ef1 nhi\u00ean an to\u00e0n nh\u01b0 v\u00f4ng nem, tr\u00e0 xanh, l\u00f4 h\u1ed9i, s\u1ea3n ph\u1ea9m gi\u00fap ng\u0103n ng\u1eeba nhi\u1ec5m tr\u00f9ng, h\u1ea1n ch\u1ebf \u0111\u1ec3 l\u1ea1i s\u1eb9o, mang l\u1ea1i c\u1ea3m gi\u00e1c d\u1ec5 ch\u1ecbu ngay sau khi s\u1eed d\u1ee5ng.<\/p>\n","protected":false},"author":4,"featured_media":6671,"parent":0,"menu_order":0,"comment_status":"closed","ping_status":"closed","template":"","meta":{"footnotes":""},"product_category":[123],"product_tag":[],"product_producer":[122],"class_list":["post-6670","product","type-product","status-publish","has-post-thumbnail","hentry","product_category-dermatology-products","product_producer-nature-vietnam"],"yoast_head":"<!-- This site is optimized with the Yoast SEO plugin v24.9 - https:\/\/yoast.com\/wordpress\/plugins\/seo\/ -->\n<title>Kem B\u00f4i B\u1ecfng Skinmar 20g - Ch\u00e2n T\u00e2m Pharma<\/title>\n<meta name=\"robots\" content=\"index, follow, max-snippet:-1, max-image-preview:large, max-video-preview:-1\" \/>\n<link rel=\"canonical\" href=\"https:\/\/chantampharma.com.vn\/en\/san-pham\/kem-boi-bong-skinmar-20g\/\" \/>\n<meta property=\"og:locale\" content=\"en_GB\" \/>\n<meta property=\"og:type\" content=\"article\" \/>\n<meta property=\"og:title\" content=\"Kem B\u00f4i B\u1ecfng Skinmar 20g - Ch\u00e2n T\u00e2m Pharma\" \/>\n<meta property=\"og:description\" content=\"Kem B\u00f4i B\u1ecfng Skinmar h\u1ed7 tr\u1ee3 l\u00e0m d\u1ecbu m\u00e1t l\u00e0n da b\u1ecb b\u1ecfng nhi\u1ec7t v\u00e0 \u0111\u1ed1t laser. V\u1edbi c\u00e1c th\u00e0nh ph\u1ea7n t\u1ef1 nhi\u00ean an to\u00e0n nh\u01b0 v\u00f4ng nem, tr\u00e0 xanh, l\u00f4 h\u1ed9i, s\u1ea3n ph\u1ea9m gi\u00fap ng\u0103n ng\u1eeba nhi\u1ec5m tr\u00f9ng, h\u1ea1n ch\u1ebf \u0111\u1ec3 l\u1ea1i s\u1eb9o, mang l\u1ea1i c\u1ea3m gi\u00e1c d\u1ec5 ch\u1ecbu ngay sau khi s\u1eed d\u1ee5ng.\" \/>\n<meta property=\"og:url\" content=\"https:\/\/chantampharma.com.vn\/en\/san-pham\/kem-boi-bong-skinmar-20g\/\" \/>\n<meta property=\"og:site_name\" content=\"Ch\u00e2n T\u00e2m Pharma\" \/>\n<meta name=\"twitter:card\" content=\"summary_large_image\" \/>\n<script type=\"application\/ld+json\" class=\"yoast-schema-graph\">{\"@context\":\"https:\/\/schema.org\",\"@graph\":[{\"@type\":\"WebPage\",\"@id\":\"https:\/\/chantampharma.com.vn\/en\/san-pham\/kem-boi-bong-skinmar-20g\/\",\"url\":\"https:\/\/chantampharma.com.vn\/en\/san-pham\/kem-boi-bong-skinmar-20g\/\",\"name\":\"Kem B\u00f4i B\u1ecfng Skinmar 20g - Ch\u00e2n T\u00e2m Pharma\",\"isPartOf\":{\"@id\":\"https:\/\/chantampharma.com.vn\/#website\"},\"primaryImageOfPage\":{\"@id\":\"https:\/\/chantampharma.com.vn\/en\/san-pham\/kem-boi-bong-skinmar-20g\/#primaryimage\"},\"image\":{\"@id\":\"https:\/\/chantampharma.com.vn\/en\/san-pham\/kem-boi-bong-skinmar-20g\/#primaryimage\"},\"thumbnailUrl\":\"https:\/\/chantampharma.com.vn\/wp-content\/uploads\/2025\/06\/Choi-22.png\",\"datePublished\":\"2024-12-27T02:15:33+00:00\",\"breadcrumb\":{\"@id\":\"https:\/\/chantampharma.com.vn\/en\/san-pham\/kem-boi-bong-skinmar-20g\/#breadcrumb\"},\"inLanguage\":\"en-GB\",\"potentialAction\":[{\"@type\":\"ReadAction\",\"target\":[\"https:\/\/chantampharma.com.vn\/en\/san-pham\/kem-boi-bong-skinmar-20g\/\"]}]},{\"@type\":\"ImageObject\",\"inLanguage\":\"en-GB\",\"@id\":\"https:\/\/chantampharma.com.vn\/en\/san-pham\/kem-boi-bong-skinmar-20g\/#primaryimage\",\"url\":\"https:\/\/chantampharma.com.vn\/wp-content\/uploads\/2025\/06\/Choi-22.png\",\"contentUrl\":\"https:\/\/chantampharma.com.vn\/wp-content\/uploads\/2025\/06\/Choi-22.png\",\"width\":600,\"height\":600},{\"@type\":\"BreadcrumbList\",\"@id\":\"https:\/\/chantampharma.com.vn\/en\/san-pham\/kem-boi-bong-skinmar-20g\/#breadcrumb\",\"itemListElement\":[{\"@type\":\"ListItem\",\"position\":1,\"name\":\"Trang ch\u1ee7\",\"item\":\"https:\/\/chantampharma.com.vn\/en\/\"},{\"@type\":\"ListItem\",\"position\":2,\"name\":\"S\u1ea3n Ph\u1ea9m\",\"item\":\"https:\/\/chantampharma.com.vn\/san-pham\/\"},{\"@type\":\"ListItem\",\"position\":3,\"name\":\"Kem B\u00f4i B\u1ecfng Skinmar 20g\"}]},{\"@type\":\"WebSite\",\"@id\":\"https:\/\/chantampharma.com.vn\/#website\",\"url\":\"https:\/\/chantampharma.com.vn\/\",\"name\":\"Ch\u00e2n T\u00e2m Pharma\",\"description\":\"\",\"publisher\":{\"@id\":\"https:\/\/chantampharma.com.vn\/#organization\"},\"potentialAction\":[{\"@type\":\"SearchAction\",\"target\":{\"@type\":\"EntryPoint\",\"urlTemplate\":\"https:\/\/chantampharma.com.vn\/?s={search_term_string}\"},\"query-input\":{\"@type\":\"PropertyValueSpecification\",\"valueRequired\":true,\"valueName\":\"search_term_string\"}}],\"inLanguage\":\"en-GB\"},{\"@type\":\"Organization\",\"@id\":\"https:\/\/chantampharma.com.vn\/#organization\",\"name\":\"Ch\u00e2n T\u00e2m Pharma\",\"url\":\"https:\/\/chantampharma.com.vn\/\",\"logo\":{\"@type\":\"ImageObject\",\"inLanguage\":\"en-GB\",\"@id\":\"https:\/\/chantampharma.com.vn\/#\/schema\/logo\/image\/\",\"url\":\"https:\/\/chantampharma.com.vn\/wp-content\/uploads\/2025\/06\/cropped-fsd.png\",\"contentUrl\":\"https:\/\/chantampharma.com.vn\/wp-content\/uploads\/2025\/06\/cropped-fsd.png\",\"width\":130,\"height\":34,\"caption\":\"Ch\u00e2n T\u00e2m Pharma\"},\"image\":{\"@id\":\"https:\/\/chantampharma.com.vn\/#\/schema\/logo\/image\/\"}}]}<\/script>\n<!-- \/ Yoast SEO plugin. -->","yoast_head_json":{"title":"Kem B\u00f4i B\u1ecfng Skinmar 20g - Ch\u00e2n T\u00e2m Pharma","robots":{"index":"index","follow":"follow","max-snippet":"max-snippet:-1","max-image-preview":"max-image-preview:large","max-video-preview":"max-video-preview:-1"},"canonical":"https:\/\/chantampharma.com.vn\/en\/san-pham\/kem-boi-bong-skinmar-20g\/","og_locale":"en_GB","og_type":"article","og_title":"Kem B\u00f4i B\u1ecfng Skinmar 20g - Ch\u00e2n T\u00e2m Pharma","og_description":"Kem B\u00f4i B\u1ecfng Skinmar h\u1ed7 tr\u1ee3 l\u00e0m d\u1ecbu m\u00e1t l\u00e0n da b\u1ecb b\u1ecfng nhi\u1ec7t v\u00e0 \u0111\u1ed1t laser. V\u1edbi c\u00e1c th\u00e0nh ph\u1ea7n t\u1ef1 nhi\u00ean an to\u00e0n nh\u01b0 v\u00f4ng nem, tr\u00e0 xanh, l\u00f4 h\u1ed9i, s\u1ea3n ph\u1ea9m gi\u00fap ng\u0103n ng\u1eeba nhi\u1ec5m tr\u00f9ng, h\u1ea1n ch\u1ebf \u0111\u1ec3 l\u1ea1i s\u1eb9o, mang l\u1ea1i c\u1ea3m gi\u00e1c d\u1ec5 ch\u1ecbu ngay sau khi s\u1eed d\u1ee5ng.","og_url":"https:\/\/chantampharma.com.vn\/en\/san-pham\/kem-boi-bong-skinmar-20g\/","og_site_name":"Ch\u00e2n T\u00e2m Pharma","twitter_card":"summary_large_image","schema":{"@context":"https:\/\/schema.org","@graph":[{"@type":"WebPage","@id":"https:\/\/chantampharma.com.vn\/en\/san-pham\/kem-boi-bong-skinmar-20g\/","url":"https:\/\/chantampharma.com.vn\/en\/san-pham\/kem-boi-bong-skinmar-20g\/","name":"Kem B\u00f4i B\u1ecfng Skinmar 20g - Ch\u00e2n T\u00e2m Pharma","isPartOf":{"@id":"https:\/\/chantampharma.com.vn\/#website"},"primaryImageOfPage":{"@id":"https:\/\/chantampharma.com.vn\/en\/san-pham\/kem-boi-bong-skinmar-20g\/#primaryimage"},"image":{"@id":"https:\/\/chantampharma.com.vn\/en\/san-pham\/kem-boi-bong-skinmar-20g\/#primaryimage"},"thumbnailUrl":"https:\/\/chantampharma.com.vn\/wp-content\/uploads\/2025\/06\/Choi-22.png","datePublished":"2024-12-27T02:15:33+00:00","breadcrumb":{"@id":"https:\/\/chantampharma.com.vn\/en\/san-pham\/kem-boi-bong-skinmar-20g\/#breadcrumb"},"inLanguage":"en-GB","potentialAction":[{"@type":"ReadAction","target":["https:\/\/chantampharma.com.vn\/en\/san-pham\/kem-boi-bong-skinmar-20g\/"]}]},{"@type":"ImageObject","inLanguage":"en-GB","@id":"https:\/\/chantampharma.com.vn\/en\/san-pham\/kem-boi-bong-skinmar-20g\/#primaryimage","url":"https:\/\/chantampharma.com.vn\/wp-content\/uploads\/2025\/06\/Choi-22.png","contentUrl":"https:\/\/chantampharma.com.vn\/wp-content\/uploads\/2025\/06\/Choi-22.png","width":600,"height":600},{"@type":"BreadcrumbList","@id":"https:\/\/chantampharma.com.vn\/en\/san-pham\/kem-boi-bong-skinmar-20g\/#breadcrumb","itemListElement":[{"@type":"ListItem","position":1,"name":"Trang ch\u1ee7","item":"https:\/\/chantampharma.com.vn\/en\/"},{"@type":"ListItem","position":2,"name":"S\u1ea3n Ph\u1ea9m","item":"https:\/\/chantampharma.com.vn\/san-pham\/"},{"@type":"ListItem","position":3,"name":"Kem B\u00f4i B\u1ecfng Skinmar 20g"}]},{"@type":"WebSite","@id":"https:\/\/chantampharma.com.vn\/#website","url":"https:\/\/chantampharma.com.vn\/","name":"Ch\u00e2n T\u00e2m Pharma","description":"","publisher":{"@id":"https:\/\/chantampharma.com.vn\/#organization"},"potentialAction":[{"@type":"SearchAction","target":{"@type":"EntryPoint","urlTemplate":"https:\/\/chantampharma.com.vn\/?s={search_term_string}"},"query-input":{"@type":"PropertyValueSpecification","valueRequired":true,"valueName":"search_term_string"}}],"inLanguage":"en-GB"},{"@type":"Organization","@id":"https:\/\/chantampharma.com.vn\/#organization","name":"Ch\u00e2n T\u00e2m Pharma","url":"https:\/\/chantampharma.com.vn\/","logo":{"@type":"ImageObject","inLanguage":"en-GB","@id":"https:\/\/chantampharma.com.vn\/#\/schema\/logo\/image\/","url":"https:\/\/chantampharma.com.vn\/wp-content\/uploads\/2025\/06\/cropped-fsd.png","contentUrl":"https:\/\/chantampharma.com.vn\/wp-content\/uploads\/2025\/06\/cropped-fsd.png","width":130,"height":34,"caption":"Ch\u00e2n T\u00e2m Pharma"},"image":{"@id":"https:\/\/chantampharma.com.vn\/#\/schema\/logo\/image\/"}}]}},"_links":{"self":[{"href":"https:\/\/chantampharma.com.vn\/en\/wp-json\/wp\/v2\/product\/6670","targetHints":{"allow":["GET"]}}],"collection":[{"href":"https:\/\/chantampharma.com.vn\/en\/wp-json\/wp\/v2\/product"}],"about":[{"href":"https:\/\/chantampharma.com.vn\/en\/wp-json\/wp\/v2\/types\/product"}],"author":[{"embeddable":true,"href":"https:\/\/chantampharma.com.vn\/en\/wp-json\/wp\/v2\/users\/4"}],"replies":[{"embeddable":true,"href":"https:\/\/chantampharma.com.vn\/en\/wp-json\/wp\/v2\/comments?post=6670"}],"version-history":[{"count":0,"href":"https:\/\/chantampharma.com.vn\/en\/wp-json\/wp\/v2\/product\/6670\/revisions"}],"wp:featuredmedia":[{"embeddable":true,"href":"https:\/\/chantampharma.com.vn\/en\/wp-json\/wp\/v2\/media\/6671"}],"wp:attachment":[{"href":"https:\/\/chantampharma.com.vn\/en\/wp-json\/wp\/v2\/media?parent=6670"}],"wp:term":[{"taxonomy":"product_category","embeddable":true,"href":"https:\/\/chantampharma.com.vn\/en\/wp-json\/wp\/v2\/product_category?post=6670"},{"taxonomy":"product_tag","embeddable":true,"href":"https:\/\/chantampharma.com.vn\/en\/wp-json\/wp\/v2\/product_tag?post=6670"},{"taxonomy":"product_producer","embeddable":true,"href":"https:\/\/chantampharma.com.vn\/en\/wp-json\/wp\/v2\/product_producer?post=6670"}],"curies":[{"name":"wp","href":"https:\/\/api.w.org\/{rel}","templated":true}]}}