{"id":6667,"date":"2024-12-31T04:32:07","date_gmt":"2024-12-31T04:32:07","guid":{"rendered":"https:\/\/chantampharma.com.vn\/san-pham\/skinmar-lo-mieng\/"},"modified":"2024-12-31T04:32:07","modified_gmt":"2024-12-31T04:32:07","slug":"skinmar-lo-mieng","status":"publish","type":"product","link":"https:\/\/chantampharma.com.vn\/en\/san-pham\/skinmar-lo-mieng\/","title":{"rendered":"Kem B\u00f4i L\u1edf Mi\u1ec7ng Skinmar 5g"},"content":{"rendered":"<p>Kem b\u00f4i l\u1edf mi\u1ec7ng Skinmar gi\u00fap gi\u1ea3m \u0111au nhanh ch\u00f3ng v\u00e0 h\u1ed7 tr\u1ee3 l\u00e0m l\u00e0nh c\u00e1c v\u1ebft l\u1edf mi\u1ec7ng, nhi\u1ec7t mi\u1ec7ng, v\u00e0 c\u00e1c t\u1ed5n th\u01b0\u01a1ng nh\u1ecf trong khoang mi\u1ec7ng. V\u1edbi c\u00f4ng th\u1ee9c d\u1ecbu nh\u1eb9 v\u00e0 an to\u00e0n, l\u00e0m xoa d\u1ecbu c\u01a1n \u0111au r\u00e1t ngay t\u1ee9c th\u00ec v\u00e0 t\u1ea1o l\u1edbp b\u1ea3o v\u1ec7 v\u1ebft th\u01b0\u01a1ng, ng\u0103n ng\u1eeba nhi\u1ec5m tr\u00f9ng.<\/p>\n","protected":false},"excerpt":{"rendered":"<p>Kem b\u00f4i l\u1edf mi\u1ec7ng Skinmar gi\u00fap gi\u1ea3m \u0111au nhanh ch\u00f3ng v\u00e0 h\u1ed7 tr\u1ee3 l\u00e0m l\u00e0nh c\u00e1c v\u1ebft l\u1edf mi\u1ec7ng, nhi\u1ec7t mi\u1ec7ng, v\u00e0 c\u00e1c t\u1ed5n th\u01b0\u01a1ng nh\u1ecf trong khoang mi\u1ec7ng. V\u1edbi c\u00f4ng th\u1ee9c d\u1ecbu nh\u1eb9 v\u00e0 an to\u00e0n, l\u00e0m xoa d\u1ecbu c\u01a1n \u0111au r\u00e1t ngay t\u1ee9c th\u00ec v\u00e0 t\u1ea1o l\u1edbp b\u1ea3o v\u1ec7 v\u1ebft th\u01b0\u01a1ng, ng\u0103n ng\u1eeba nhi\u1ec5m tr\u00f9ng. <\/p>\n","protected":false},"author":4,"featured_media":6669,"parent":0,"menu_order":0,"comment_status":"closed","ping_status":"closed","template":"","meta":{"footnotes":""},"product_category":[123],"product_tag":[],"product_producer":[122],"class_list":["post-6667","product","type-product","status-publish","has-post-thumbnail","hentry","product_category-dermatology-products","product_producer-nature-vietnam"],"yoast_head":"<!-- This site is optimized with the Yoast SEO plugin v24.9 - https:\/\/yoast.com\/wordpress\/plugins\/seo\/ -->\n<title>Kem B\u00f4i L\u1edf Mi\u1ec7ng Skinmar 5g - Ch\u00e2n T\u00e2m Pharma<\/title>\n<meta name=\"robots\" content=\"index, follow, max-snippet:-1, max-image-preview:large, max-video-preview:-1\" \/>\n<link rel=\"canonical\" href=\"https:\/\/chantampharma.com.vn\/en\/san-pham\/skinmar-lo-mieng\/\" \/>\n<meta property=\"og:locale\" content=\"en_GB\" \/>\n<meta property=\"og:type\" content=\"article\" \/>\n<meta property=\"og:title\" content=\"Kem B\u00f4i L\u1edf Mi\u1ec7ng Skinmar 5g - Ch\u00e2n T\u00e2m Pharma\" \/>\n<meta property=\"og:description\" content=\"Kem b\u00f4i l\u1edf mi\u1ec7ng Skinmar gi\u00fap gi\u1ea3m \u0111au nhanh ch\u00f3ng v\u00e0 h\u1ed7 tr\u1ee3 l\u00e0m l\u00e0nh c\u00e1c v\u1ebft l\u1edf mi\u1ec7ng, nhi\u1ec7t mi\u1ec7ng, v\u00e0 c\u00e1c t\u1ed5n th\u01b0\u01a1ng nh\u1ecf trong khoang mi\u1ec7ng. V\u1edbi c\u00f4ng th\u1ee9c d\u1ecbu nh\u1eb9 v\u00e0 an to\u00e0n, l\u00e0m xoa d\u1ecbu c\u01a1n \u0111au r\u00e1t ngay t\u1ee9c th\u00ec v\u00e0 t\u1ea1o l\u1edbp b\u1ea3o v\u1ec7 v\u1ebft th\u01b0\u01a1ng, ng\u0103n ng\u1eeba nhi\u1ec5m tr\u00f9ng.\" \/>\n<meta property=\"og:url\" content=\"https:\/\/chantampharma.com.vn\/en\/san-pham\/skinmar-lo-mieng\/\" \/>\n<meta property=\"og:site_name\" content=\"Ch\u00e2n T\u00e2m Pharma\" \/>\n<meta name=\"twitter:card\" content=\"summary_large_image\" \/>\n<script type=\"application\/ld+json\" class=\"yoast-schema-graph\">{\"@context\":\"https:\/\/schema.org\",\"@graph\":[{\"@type\":\"WebPage\",\"@id\":\"https:\/\/chantampharma.com.vn\/en\/san-pham\/skinmar-lo-mieng\/\",\"url\":\"https:\/\/chantampharma.com.vn\/en\/san-pham\/skinmar-lo-mieng\/\",\"name\":\"Kem B\u00f4i L\u1edf Mi\u1ec7ng Skinmar 5g - Ch\u00e2n T\u00e2m Pharma\",\"isPartOf\":{\"@id\":\"https:\/\/chantampharma.com.vn\/#website\"},\"primaryImageOfPage\":{\"@id\":\"https:\/\/chantampharma.com.vn\/en\/san-pham\/skinmar-lo-mieng\/#primaryimage\"},\"image\":{\"@id\":\"https:\/\/chantampharma.com.vn\/en\/san-pham\/skinmar-lo-mieng\/#primaryimage\"},\"thumbnailUrl\":\"https:\/\/chantampharma.com.vn\/wp-content\/uploads\/2025\/06\/5.png\",\"datePublished\":\"2024-12-31T04:32:07+00:00\",\"breadcrumb\":{\"@id\":\"https:\/\/chantampharma.com.vn\/en\/san-pham\/skinmar-lo-mieng\/#breadcrumb\"},\"inLanguage\":\"en-GB\",\"potentialAction\":[{\"@type\":\"ReadAction\",\"target\":[\"https:\/\/chantampharma.com.vn\/en\/san-pham\/skinmar-lo-mieng\/\"]}]},{\"@type\":\"ImageObject\",\"inLanguage\":\"en-GB\",\"@id\":\"https:\/\/chantampharma.com.vn\/en\/san-pham\/skinmar-lo-mieng\/#primaryimage\",\"url\":\"https:\/\/chantampharma.com.vn\/wp-content\/uploads\/2025\/06\/5.png\",\"contentUrl\":\"https:\/\/chantampharma.com.vn\/wp-content\/uploads\/2025\/06\/5.png\",\"width\":600,\"height\":600},{\"@type\":\"BreadcrumbList\",\"@id\":\"https:\/\/chantampharma.com.vn\/en\/san-pham\/skinmar-lo-mieng\/#breadcrumb\",\"itemListElement\":[{\"@type\":\"ListItem\",\"position\":1,\"name\":\"Trang ch\u1ee7\",\"item\":\"https:\/\/chantampharma.com.vn\/en\/\"},{\"@type\":\"ListItem\",\"position\":2,\"name\":\"S\u1ea3n Ph\u1ea9m\",\"item\":\"https:\/\/chantampharma.com.vn\/san-pham\/\"},{\"@type\":\"ListItem\",\"position\":3,\"name\":\"Kem B\u00f4i L\u1edf Mi\u1ec7ng Skinmar 5g\"}]},{\"@type\":\"WebSite\",\"@id\":\"https:\/\/chantampharma.com.vn\/#website\",\"url\":\"https:\/\/chantampharma.com.vn\/\",\"name\":\"Ch\u00e2n T\u00e2m Pharma\",\"description\":\"\",\"publisher\":{\"@id\":\"https:\/\/chantampharma.com.vn\/#organization\"},\"potentialAction\":[{\"@type\":\"SearchAction\",\"target\":{\"@type\":\"EntryPoint\",\"urlTemplate\":\"https:\/\/chantampharma.com.vn\/?s={search_term_string}\"},\"query-input\":{\"@type\":\"PropertyValueSpecification\",\"valueRequired\":true,\"valueName\":\"search_term_string\"}}],\"inLanguage\":\"en-GB\"},{\"@type\":\"Organization\",\"@id\":\"https:\/\/chantampharma.com.vn\/#organization\",\"name\":\"Ch\u00e2n T\u00e2m Pharma\",\"url\":\"https:\/\/chantampharma.com.vn\/\",\"logo\":{\"@type\":\"ImageObject\",\"inLanguage\":\"en-GB\",\"@id\":\"https:\/\/chantampharma.com.vn\/#\/schema\/logo\/image\/\",\"url\":\"https:\/\/chantampharma.com.vn\/wp-content\/uploads\/2025\/06\/cropped-fsd.png\",\"contentUrl\":\"https:\/\/chantampharma.com.vn\/wp-content\/uploads\/2025\/06\/cropped-fsd.png\",\"width\":130,\"height\":34,\"caption\":\"Ch\u00e2n T\u00e2m Pharma\"},\"image\":{\"@id\":\"https:\/\/chantampharma.com.vn\/#\/schema\/logo\/image\/\"}}]}<\/script>\n<!-- \/ Yoast SEO plugin. -->","yoast_head_json":{"title":"Kem B\u00f4i L\u1edf Mi\u1ec7ng Skinmar 5g - Ch\u00e2n T\u00e2m Pharma","robots":{"index":"index","follow":"follow","max-snippet":"max-snippet:-1","max-image-preview":"max-image-preview:large","max-video-preview":"max-video-preview:-1"},"canonical":"https:\/\/chantampharma.com.vn\/en\/san-pham\/skinmar-lo-mieng\/","og_locale":"en_GB","og_type":"article","og_title":"Kem B\u00f4i L\u1edf Mi\u1ec7ng Skinmar 5g - Ch\u00e2n T\u00e2m Pharma","og_description":"Kem b\u00f4i l\u1edf mi\u1ec7ng Skinmar gi\u00fap gi\u1ea3m \u0111au nhanh ch\u00f3ng v\u00e0 h\u1ed7 tr\u1ee3 l\u00e0m l\u00e0nh c\u00e1c v\u1ebft l\u1edf mi\u1ec7ng, nhi\u1ec7t mi\u1ec7ng, v\u00e0 c\u00e1c t\u1ed5n th\u01b0\u01a1ng nh\u1ecf trong khoang mi\u1ec7ng. V\u1edbi c\u00f4ng th\u1ee9c d\u1ecbu nh\u1eb9 v\u00e0 an to\u00e0n, l\u00e0m xoa d\u1ecbu c\u01a1n \u0111au r\u00e1t ngay t\u1ee9c th\u00ec v\u00e0 t\u1ea1o l\u1edbp b\u1ea3o v\u1ec7 v\u1ebft th\u01b0\u01a1ng, ng\u0103n ng\u1eeba nhi\u1ec5m tr\u00f9ng.","og_url":"https:\/\/chantampharma.com.vn\/en\/san-pham\/skinmar-lo-mieng\/","og_site_name":"Ch\u00e2n T\u00e2m Pharma","twitter_card":"summary_large_image","schema":{"@context":"https:\/\/schema.org","@graph":[{"@type":"WebPage","@id":"https:\/\/chantampharma.com.vn\/en\/san-pham\/skinmar-lo-mieng\/","url":"https:\/\/chantampharma.com.vn\/en\/san-pham\/skinmar-lo-mieng\/","name":"Kem B\u00f4i L\u1edf Mi\u1ec7ng Skinmar 5g - Ch\u00e2n T\u00e2m Pharma","isPartOf":{"@id":"https:\/\/chantampharma.com.vn\/#website"},"primaryImageOfPage":{"@id":"https:\/\/chantampharma.com.vn\/en\/san-pham\/skinmar-lo-mieng\/#primaryimage"},"image":{"@id":"https:\/\/chantampharma.com.vn\/en\/san-pham\/skinmar-lo-mieng\/#primaryimage"},"thumbnailUrl":"https:\/\/chantampharma.com.vn\/wp-content\/uploads\/2025\/06\/5.png","datePublished":"2024-12-31T04:32:07+00:00","breadcrumb":{"@id":"https:\/\/chantampharma.com.vn\/en\/san-pham\/skinmar-lo-mieng\/#breadcrumb"},"inLanguage":"en-GB","potentialAction":[{"@type":"ReadAction","target":["https:\/\/chantampharma.com.vn\/en\/san-pham\/skinmar-lo-mieng\/"]}]},{"@type":"ImageObject","inLanguage":"en-GB","@id":"https:\/\/chantampharma.com.vn\/en\/san-pham\/skinmar-lo-mieng\/#primaryimage","url":"https:\/\/chantampharma.com.vn\/wp-content\/uploads\/2025\/06\/5.png","contentUrl":"https:\/\/chantampharma.com.vn\/wp-content\/uploads\/2025\/06\/5.png","width":600,"height":600},{"@type":"BreadcrumbList","@id":"https:\/\/chantampharma.com.vn\/en\/san-pham\/skinmar-lo-mieng\/#breadcrumb","itemListElement":[{"@type":"ListItem","position":1,"name":"Trang ch\u1ee7","item":"https:\/\/chantampharma.com.vn\/en\/"},{"@type":"ListItem","position":2,"name":"S\u1ea3n Ph\u1ea9m","item":"https:\/\/chantampharma.com.vn\/san-pham\/"},{"@type":"ListItem","position":3,"name":"Kem B\u00f4i L\u1edf Mi\u1ec7ng Skinmar 5g"}]},{"@type":"WebSite","@id":"https:\/\/chantampharma.com.vn\/#website","url":"https:\/\/chantampharma.com.vn\/","name":"Ch\u00e2n T\u00e2m Pharma","description":"","publisher":{"@id":"https:\/\/chantampharma.com.vn\/#organization"},"potentialAction":[{"@type":"SearchAction","target":{"@type":"EntryPoint","urlTemplate":"https:\/\/chantampharma.com.vn\/?s={search_term_string}"},"query-input":{"@type":"PropertyValueSpecification","valueRequired":true,"valueName":"search_term_string"}}],"inLanguage":"en-GB"},{"@type":"Organization","@id":"https:\/\/chantampharma.com.vn\/#organization","name":"Ch\u00e2n T\u00e2m Pharma","url":"https:\/\/chantampharma.com.vn\/","logo":{"@type":"ImageObject","inLanguage":"en-GB","@id":"https:\/\/chantampharma.com.vn\/#\/schema\/logo\/image\/","url":"https:\/\/chantampharma.com.vn\/wp-content\/uploads\/2025\/06\/cropped-fsd.png","contentUrl":"https:\/\/chantampharma.com.vn\/wp-content\/uploads\/2025\/06\/cropped-fsd.png","width":130,"height":34,"caption":"Ch\u00e2n T\u00e2m Pharma"},"image":{"@id":"https:\/\/chantampharma.com.vn\/#\/schema\/logo\/image\/"}}]}},"_links":{"self":[{"href":"https:\/\/chantampharma.com.vn\/en\/wp-json\/wp\/v2\/product\/6667","targetHints":{"allow":["GET"]}}],"collection":[{"href":"https:\/\/chantampharma.com.vn\/en\/wp-json\/wp\/v2\/product"}],"about":[{"href":"https:\/\/chantampharma.com.vn\/en\/wp-json\/wp\/v2\/types\/product"}],"author":[{"embeddable":true,"href":"https:\/\/chantampharma.com.vn\/en\/wp-json\/wp\/v2\/users\/4"}],"replies":[{"embeddable":true,"href":"https:\/\/chantampharma.com.vn\/en\/wp-json\/wp\/v2\/comments?post=6667"}],"version-history":[{"count":0,"href":"https:\/\/chantampharma.com.vn\/en\/wp-json\/wp\/v2\/product\/6667\/revisions"}],"wp:featuredmedia":[{"embeddable":true,"href":"https:\/\/chantampharma.com.vn\/en\/wp-json\/wp\/v2\/media\/6669"}],"wp:attachment":[{"href":"https:\/\/chantampharma.com.vn\/en\/wp-json\/wp\/v2\/media?parent=6667"}],"wp:term":[{"taxonomy":"product_category","embeddable":true,"href":"https:\/\/chantampharma.com.vn\/en\/wp-json\/wp\/v2\/product_category?post=6667"},{"taxonomy":"product_tag","embeddable":true,"href":"https:\/\/chantampharma.com.vn\/en\/wp-json\/wp\/v2\/product_tag?post=6667"},{"taxonomy":"product_producer","embeddable":true,"href":"https:\/\/chantampharma.com.vn\/en\/wp-json\/wp\/v2\/product_producer?post=6667"}],"curies":[{"name":"wp","href":"https:\/\/api.w.org\/{rel}","templated":true}]}}