{"id":6664,"date":"2025-06-25T04:28:37","date_gmt":"2025-06-25T04:28:37","guid":{"rendered":"https:\/\/chantampharma.com.vn\/san-pham\/kem-boi-comozol-10g\/"},"modified":"2025-06-25T04:28:37","modified_gmt":"2025-06-25T04:28:37","slug":"kem-boi-comozol-10g","status":"publish","type":"product","link":"https:\/\/chantampharma.com.vn\/en\/san-pham\/kem-boi-comozol-10g\/","title":{"rendered":"Kem b\u00f4i Comozol tr\u1ecb n\u1ea5m da 10g"},"content":{"rendered":"<p>Kem b\u00f4i Comozol c\u00f3 t\u00e1c d\u1ee5ng \u1ee9c ch\u1ebf ergosterol v\u00e0 lipod m\u00e0ng t\u1ebf b\u00e0o c\u1ee7a n\u1ea5m, do \u0111\u00f3 l\u00e0m thay \u0111\u1ed5i t\u00ednh th\u1ea5m m\u00e0ng t\u1ebf b\u00e0o v\u00e0 \u1ee9c ch\u1ebf s\u1ef1 ph\u00e1t tri\u1ec3n c\u1ee7a ch\u00fang, k\u1ebft qu\u1ea3 l\u00e0 k\u00ecm h\u00e3m n\u1ea5m (\u1edf li\u1ec1u th\u1ea5p) v\u00e0 ti\u00eau di\u1ec7t n\u1ea5m (\u1edf li\u1ec1u cao).<\/p>\n","protected":false},"excerpt":{"rendered":"<p>Kem b\u00f4i Comozol c\u00f3 t\u00e1c d\u1ee5ng \u1ee9c ch\u1ebf ergosterol v\u00e0 lipod m\u00e0ng t\u1ebf b\u00e0o c\u1ee7a n\u1ea5m, do \u0111\u00f3 l\u00e0m thay \u0111\u1ed5i t\u00ednh th\u1ea5m m\u00e0ng t\u1ebf b\u00e0o v\u00e0 \u1ee9c ch\u1ebf s\u1ef1 ph\u00e1t tri\u1ec3n c\u1ee7a ch\u00fang, k\u1ebft qu\u1ea3 l\u00e0 k\u00ecm h\u00e3m n\u1ea5m (\u1edf li\u1ec1u th\u1ea5p) v\u00e0 ti\u00eau di\u1ec7t n\u1ea5m (\u1edf li\u1ec1u cao).<\/p>\n","protected":false},"author":4,"featured_media":2315,"parent":0,"menu_order":133,"comment_status":"closed","ping_status":"closed","template":"","meta":{"footnotes":""},"product_category":[123,263],"product_tag":[],"product_producer":[124],"class_list":["post-6664","product","type-product","status-publish","has-post-thumbnail","hentry","product_category-dermatology-products","product_category-thuoc-ke-don-rx-en","product_producer-daehwa-farm-en"],"yoast_head":"<!-- This site is optimized with the Yoast SEO plugin v24.9 - https:\/\/yoast.com\/wordpress\/plugins\/seo\/ -->\n<title>Kem b\u00f4i Comozol tr\u1ecb n\u1ea5m da 10g - Ch\u00e2n T\u00e2m Pharma<\/title>\n<meta name=\"robots\" content=\"index, follow, max-snippet:-1, max-image-preview:large, max-video-preview:-1\" \/>\n<link rel=\"canonical\" href=\"https:\/\/chantampharma.com.vn\/en\/san-pham\/kem-boi-comozol-10g\/\" \/>\n<meta property=\"og:locale\" content=\"en_GB\" \/>\n<meta property=\"og:type\" content=\"article\" \/>\n<meta property=\"og:title\" content=\"Kem b\u00f4i Comozol tr\u1ecb n\u1ea5m da 10g - Ch\u00e2n T\u00e2m Pharma\" \/>\n<meta property=\"og:description\" content=\"Kem b\u00f4i Comozol c\u00f3 t\u00e1c d\u1ee5ng \u1ee9c ch\u1ebf ergosterol v\u00e0 lipod m\u00e0ng t\u1ebf b\u00e0o c\u1ee7a n\u1ea5m, do \u0111\u00f3 l\u00e0m thay \u0111\u1ed5i t\u00ednh th\u1ea5m m\u00e0ng t\u1ebf b\u00e0o v\u00e0 \u1ee9c ch\u1ebf s\u1ef1 ph\u00e1t tri\u1ec3n c\u1ee7a ch\u00fang, k\u1ebft qu\u1ea3 l\u00e0 k\u00ecm h\u00e3m n\u1ea5m (\u1edf li\u1ec1u th\u1ea5p) v\u00e0 ti\u00eau di\u1ec7t n\u1ea5m (\u1edf li\u1ec1u cao).\" \/>\n<meta property=\"og:url\" content=\"https:\/\/chantampharma.com.vn\/en\/san-pham\/kem-boi-comozol-10g\/\" \/>\n<meta property=\"og:site_name\" content=\"Ch\u00e2n T\u00e2m Pharma\" \/>\n<meta name=\"twitter:card\" content=\"summary_large_image\" \/>\n<script type=\"application\/ld+json\" class=\"yoast-schema-graph\">{\"@context\":\"https:\/\/schema.org\",\"@graph\":[{\"@type\":\"WebPage\",\"@id\":\"https:\/\/chantampharma.com.vn\/en\/san-pham\/kem-boi-comozol-10g\/\",\"url\":\"https:\/\/chantampharma.com.vn\/en\/san-pham\/kem-boi-comozol-10g\/\",\"name\":\"Kem b\u00f4i Comozol tr\u1ecb n\u1ea5m da 10g - Ch\u00e2n T\u00e2m Pharma\",\"isPartOf\":{\"@id\":\"https:\/\/chantampharma.com.vn\/#website\"},\"primaryImageOfPage\":{\"@id\":\"https:\/\/chantampharma.com.vn\/en\/san-pham\/kem-boi-comozol-10g\/#primaryimage\"},\"image\":{\"@id\":\"https:\/\/chantampharma.com.vn\/en\/san-pham\/kem-boi-comozol-10g\/#primaryimage\"},\"thumbnailUrl\":\"https:\/\/chantampharma.com.vn\/wp-content\/uploads\/2021\/08\/COMOZOL-600PX.png\",\"datePublished\":\"2025-06-25T04:28:37+00:00\",\"breadcrumb\":{\"@id\":\"https:\/\/chantampharma.com.vn\/en\/san-pham\/kem-boi-comozol-10g\/#breadcrumb\"},\"inLanguage\":\"en-GB\",\"potentialAction\":[{\"@type\":\"ReadAction\",\"target\":[\"https:\/\/chantampharma.com.vn\/en\/san-pham\/kem-boi-comozol-10g\/\"]}]},{\"@type\":\"ImageObject\",\"inLanguage\":\"en-GB\",\"@id\":\"https:\/\/chantampharma.com.vn\/en\/san-pham\/kem-boi-comozol-10g\/#primaryimage\",\"url\":\"https:\/\/chantampharma.com.vn\/wp-content\/uploads\/2021\/08\/COMOZOL-600PX.png\",\"contentUrl\":\"https:\/\/chantampharma.com.vn\/wp-content\/uploads\/2021\/08\/COMOZOL-600PX.png\",\"width\":600,\"height\":600},{\"@type\":\"BreadcrumbList\",\"@id\":\"https:\/\/chantampharma.com.vn\/en\/san-pham\/kem-boi-comozol-10g\/#breadcrumb\",\"itemListElement\":[{\"@type\":\"ListItem\",\"position\":1,\"name\":\"Trang ch\u1ee7\",\"item\":\"https:\/\/chantampharma.com.vn\/en\/\"},{\"@type\":\"ListItem\",\"position\":2,\"name\":\"S\u1ea3n Ph\u1ea9m\",\"item\":\"https:\/\/chantampharma.com.vn\/san-pham\/\"},{\"@type\":\"ListItem\",\"position\":3,\"name\":\"Kem b\u00f4i Comozol tr\u1ecb n\u1ea5m da 10g\"}]},{\"@type\":\"WebSite\",\"@id\":\"https:\/\/chantampharma.com.vn\/#website\",\"url\":\"https:\/\/chantampharma.com.vn\/\",\"name\":\"Ch\u00e2n T\u00e2m Pharma\",\"description\":\"\",\"publisher\":{\"@id\":\"https:\/\/chantampharma.com.vn\/#organization\"},\"potentialAction\":[{\"@type\":\"SearchAction\",\"target\":{\"@type\":\"EntryPoint\",\"urlTemplate\":\"https:\/\/chantampharma.com.vn\/?s={search_term_string}\"},\"query-input\":{\"@type\":\"PropertyValueSpecification\",\"valueRequired\":true,\"valueName\":\"search_term_string\"}}],\"inLanguage\":\"en-GB\"},{\"@type\":\"Organization\",\"@id\":\"https:\/\/chantampharma.com.vn\/#organization\",\"name\":\"Ch\u00e2n T\u00e2m Pharma\",\"url\":\"https:\/\/chantampharma.com.vn\/\",\"logo\":{\"@type\":\"ImageObject\",\"inLanguage\":\"en-GB\",\"@id\":\"https:\/\/chantampharma.com.vn\/#\/schema\/logo\/image\/\",\"url\":\"https:\/\/chantampharma.com.vn\/wp-content\/uploads\/2025\/06\/cropped-fsd.png\",\"contentUrl\":\"https:\/\/chantampharma.com.vn\/wp-content\/uploads\/2025\/06\/cropped-fsd.png\",\"width\":130,\"height\":34,\"caption\":\"Ch\u00e2n T\u00e2m Pharma\"},\"image\":{\"@id\":\"https:\/\/chantampharma.com.vn\/#\/schema\/logo\/image\/\"}}]}<\/script>\n<!-- \/ Yoast SEO plugin. -->","yoast_head_json":{"title":"Kem b\u00f4i Comozol tr\u1ecb n\u1ea5m da 10g - Ch\u00e2n T\u00e2m Pharma","robots":{"index":"index","follow":"follow","max-snippet":"max-snippet:-1","max-image-preview":"max-image-preview:large","max-video-preview":"max-video-preview:-1"},"canonical":"https:\/\/chantampharma.com.vn\/en\/san-pham\/kem-boi-comozol-10g\/","og_locale":"en_GB","og_type":"article","og_title":"Kem b\u00f4i Comozol tr\u1ecb n\u1ea5m da 10g - Ch\u00e2n T\u00e2m Pharma","og_description":"Kem b\u00f4i Comozol c\u00f3 t\u00e1c d\u1ee5ng \u1ee9c ch\u1ebf ergosterol v\u00e0 lipod m\u00e0ng t\u1ebf b\u00e0o c\u1ee7a n\u1ea5m, do \u0111\u00f3 l\u00e0m thay \u0111\u1ed5i t\u00ednh th\u1ea5m m\u00e0ng t\u1ebf b\u00e0o v\u00e0 \u1ee9c ch\u1ebf s\u1ef1 ph\u00e1t tri\u1ec3n c\u1ee7a ch\u00fang, k\u1ebft qu\u1ea3 l\u00e0 k\u00ecm h\u00e3m n\u1ea5m (\u1edf li\u1ec1u th\u1ea5p) v\u00e0 ti\u00eau di\u1ec7t n\u1ea5m (\u1edf li\u1ec1u cao).","og_url":"https:\/\/chantampharma.com.vn\/en\/san-pham\/kem-boi-comozol-10g\/","og_site_name":"Ch\u00e2n T\u00e2m Pharma","twitter_card":"summary_large_image","schema":{"@context":"https:\/\/schema.org","@graph":[{"@type":"WebPage","@id":"https:\/\/chantampharma.com.vn\/en\/san-pham\/kem-boi-comozol-10g\/","url":"https:\/\/chantampharma.com.vn\/en\/san-pham\/kem-boi-comozol-10g\/","name":"Kem b\u00f4i Comozol tr\u1ecb n\u1ea5m da 10g - Ch\u00e2n T\u00e2m Pharma","isPartOf":{"@id":"https:\/\/chantampharma.com.vn\/#website"},"primaryImageOfPage":{"@id":"https:\/\/chantampharma.com.vn\/en\/san-pham\/kem-boi-comozol-10g\/#primaryimage"},"image":{"@id":"https:\/\/chantampharma.com.vn\/en\/san-pham\/kem-boi-comozol-10g\/#primaryimage"},"thumbnailUrl":"https:\/\/chantampharma.com.vn\/wp-content\/uploads\/2021\/08\/COMOZOL-600PX.png","datePublished":"2025-06-25T04:28:37+00:00","breadcrumb":{"@id":"https:\/\/chantampharma.com.vn\/en\/san-pham\/kem-boi-comozol-10g\/#breadcrumb"},"inLanguage":"en-GB","potentialAction":[{"@type":"ReadAction","target":["https:\/\/chantampharma.com.vn\/en\/san-pham\/kem-boi-comozol-10g\/"]}]},{"@type":"ImageObject","inLanguage":"en-GB","@id":"https:\/\/chantampharma.com.vn\/en\/san-pham\/kem-boi-comozol-10g\/#primaryimage","url":"https:\/\/chantampharma.com.vn\/wp-content\/uploads\/2021\/08\/COMOZOL-600PX.png","contentUrl":"https:\/\/chantampharma.com.vn\/wp-content\/uploads\/2021\/08\/COMOZOL-600PX.png","width":600,"height":600},{"@type":"BreadcrumbList","@id":"https:\/\/chantampharma.com.vn\/en\/san-pham\/kem-boi-comozol-10g\/#breadcrumb","itemListElement":[{"@type":"ListItem","position":1,"name":"Trang ch\u1ee7","item":"https:\/\/chantampharma.com.vn\/en\/"},{"@type":"ListItem","position":2,"name":"S\u1ea3n Ph\u1ea9m","item":"https:\/\/chantampharma.com.vn\/san-pham\/"},{"@type":"ListItem","position":3,"name":"Kem b\u00f4i Comozol tr\u1ecb n\u1ea5m da 10g"}]},{"@type":"WebSite","@id":"https:\/\/chantampharma.com.vn\/#website","url":"https:\/\/chantampharma.com.vn\/","name":"Ch\u00e2n T\u00e2m Pharma","description":"","publisher":{"@id":"https:\/\/chantampharma.com.vn\/#organization"},"potentialAction":[{"@type":"SearchAction","target":{"@type":"EntryPoint","urlTemplate":"https:\/\/chantampharma.com.vn\/?s={search_term_string}"},"query-input":{"@type":"PropertyValueSpecification","valueRequired":true,"valueName":"search_term_string"}}],"inLanguage":"en-GB"},{"@type":"Organization","@id":"https:\/\/chantampharma.com.vn\/#organization","name":"Ch\u00e2n T\u00e2m Pharma","url":"https:\/\/chantampharma.com.vn\/","logo":{"@type":"ImageObject","inLanguage":"en-GB","@id":"https:\/\/chantampharma.com.vn\/#\/schema\/logo\/image\/","url":"https:\/\/chantampharma.com.vn\/wp-content\/uploads\/2025\/06\/cropped-fsd.png","contentUrl":"https:\/\/chantampharma.com.vn\/wp-content\/uploads\/2025\/06\/cropped-fsd.png","width":130,"height":34,"caption":"Ch\u00e2n T\u00e2m Pharma"},"image":{"@id":"https:\/\/chantampharma.com.vn\/#\/schema\/logo\/image\/"}}]}},"_links":{"self":[{"href":"https:\/\/chantampharma.com.vn\/en\/wp-json\/wp\/v2\/product\/6664","targetHints":{"allow":["GET"]}}],"collection":[{"href":"https:\/\/chantampharma.com.vn\/en\/wp-json\/wp\/v2\/product"}],"about":[{"href":"https:\/\/chantampharma.com.vn\/en\/wp-json\/wp\/v2\/types\/product"}],"author":[{"embeddable":true,"href":"https:\/\/chantampharma.com.vn\/en\/wp-json\/wp\/v2\/users\/4"}],"replies":[{"embeddable":true,"href":"https:\/\/chantampharma.com.vn\/en\/wp-json\/wp\/v2\/comments?post=6664"}],"version-history":[{"count":0,"href":"https:\/\/chantampharma.com.vn\/en\/wp-json\/wp\/v2\/product\/6664\/revisions"}],"wp:featuredmedia":[{"embeddable":true,"href":"https:\/\/chantampharma.com.vn\/en\/wp-json\/wp\/v2\/media\/2315"}],"wp:attachment":[{"href":"https:\/\/chantampharma.com.vn\/en\/wp-json\/wp\/v2\/media?parent=6664"}],"wp:term":[{"taxonomy":"product_category","embeddable":true,"href":"https:\/\/chantampharma.com.vn\/en\/wp-json\/wp\/v2\/product_category?post=6664"},{"taxonomy":"product_tag","embeddable":true,"href":"https:\/\/chantampharma.com.vn\/en\/wp-json\/wp\/v2\/product_tag?post=6664"},{"taxonomy":"product_producer","embeddable":true,"href":"https:\/\/chantampharma.com.vn\/en\/wp-json\/wp\/v2\/product_producer?post=6664"}],"curies":[{"name":"wp","href":"https:\/\/api.w.org\/{rel}","templated":true}]}}