{"id":6662,"date":"2025-06-25T04:50:49","date_gmt":"2025-06-25T04:50:49","guid":{"rendered":"https:\/\/chantampharma.com.vn\/san-pham\/thuoc-daehwa-acyclovir-cream-5g\/"},"modified":"2025-06-25T04:50:49","modified_gmt":"2025-06-25T04:50:49","slug":"thuoc-daehwa-acyclovir-cream-5g","status":"publish","type":"product","link":"https:\/\/chantampharma.com.vn\/en\/san-pham\/thuoc-daehwa-acyclovir-cream-5g\/","title":{"rendered":"Thu\u1ed1c \u0110i\u1ec1u Tr\u1ecb Virus Daehwa Acyclovir Cream 5g"},"content":{"rendered":"<p>Thu\u1ed1c \u0110i\u1ec1u Tr\u1ecb Virus Daehwa Acyclovir Cream l\u00e0 m\u1ed9t lo\u1ea1i kem b\u00f4i ngo\u00e0i da c\u00f3 th\u00e0nh ph\u1ea7n ch\u00ednh l\u00e0 acyclovir, m\u1ed9t lo\u1ea1i thu\u1ed1c kh\u00e1ng virus, \u0111\u01b0\u1ee3c ch\u1ec9 \u0111\u1ecbnh \u0111\u1ec3 \u0111i\u1ec1u tr\u1ecb c\u00e1c b\u1ec7nh da do nhi\u1ec5m virus herpes simplex nh\u01b0 herpes m\u00f4i v\u00e0 herpes sinh d\u1ee5c, bao g\u1ed3m c\u1ea3 giai \u0111o\u1ea1n kh\u1edfi ph\u00e1t v\u00e0 t\u00e1i ph\u00e1t. <\/p>\n","protected":false},"excerpt":{"rendered":"<p>Thu\u1ed1c \u0110i\u1ec1u Tr\u1ecb Virus Daehwa Acyclovir Cream l\u00e0 m\u1ed9t lo\u1ea1i kem b\u00f4i ngo\u00e0i da c\u00f3 th\u00e0nh ph\u1ea7n ch\u00ednh l\u00e0 acyclovir, m\u1ed9t lo\u1ea1i thu\u1ed1c kh\u00e1ng virus, \u0111\u01b0\u1ee3c ch\u1ec9 \u0111\u1ecbnh \u0111\u1ec3 \u0111i\u1ec1u tr\u1ecb c\u00e1c b\u1ec7nh da do nhi\u1ec5m virus herpes simplex nh\u01b0 herpes m\u00f4i v\u00e0 herpes sinh d\u1ee5c, bao g\u1ed3m c\u1ea3 giai \u0111o\u1ea1n kh\u1edfi ph\u00e1t v\u00e0 t\u00e1i ph\u00e1t. <\/p>\n","protected":false},"author":4,"featured_media":2869,"parent":0,"menu_order":132,"comment_status":"closed","ping_status":"closed","template":"","meta":{"footnotes":""},"product_category":[123],"product_tag":[],"product_producer":[124],"class_list":["post-6662","product","type-product","status-publish","has-post-thumbnail","hentry","product_category-dermatology-products","product_producer-daehwa-farm-en"],"yoast_head":"<!-- This site is optimized with the Yoast SEO plugin v24.9 - https:\/\/yoast.com\/wordpress\/plugins\/seo\/ -->\n<title>Thu\u1ed1c \u0110i\u1ec1u Tr\u1ecb Virus Daehwa Acyclovir Cream 5g - Ch\u00e2n T\u00e2m Pharma<\/title>\n<meta name=\"robots\" content=\"index, follow, max-snippet:-1, max-image-preview:large, max-video-preview:-1\" \/>\n<link rel=\"canonical\" href=\"https:\/\/chantampharma.com.vn\/en\/san-pham\/thuoc-daehwa-acyclovir-cream-5g\/\" \/>\n<meta property=\"og:locale\" content=\"en_GB\" \/>\n<meta property=\"og:type\" content=\"article\" \/>\n<meta property=\"og:title\" content=\"Thu\u1ed1c \u0110i\u1ec1u Tr\u1ecb Virus Daehwa Acyclovir Cream 5g - Ch\u00e2n T\u00e2m Pharma\" \/>\n<meta property=\"og:description\" content=\"Thu\u1ed1c \u0110i\u1ec1u Tr\u1ecb Virus Daehwa Acyclovir Cream l\u00e0 m\u1ed9t lo\u1ea1i kem b\u00f4i ngo\u00e0i da c\u00f3 th\u00e0nh ph\u1ea7n ch\u00ednh l\u00e0 acyclovir, m\u1ed9t lo\u1ea1i thu\u1ed1c kh\u00e1ng virus, \u0111\u01b0\u1ee3c ch\u1ec9 \u0111\u1ecbnh \u0111\u1ec3 \u0111i\u1ec1u tr\u1ecb c\u00e1c b\u1ec7nh da do nhi\u1ec5m virus herpes simplex nh\u01b0 herpes m\u00f4i v\u00e0 herpes sinh d\u1ee5c, bao g\u1ed3m c\u1ea3 giai \u0111o\u1ea1n kh\u1edfi ph\u00e1t v\u00e0 t\u00e1i ph\u00e1t.\" \/>\n<meta property=\"og:url\" content=\"https:\/\/chantampharma.com.vn\/en\/san-pham\/thuoc-daehwa-acyclovir-cream-5g\/\" \/>\n<meta property=\"og:site_name\" content=\"Ch\u00e2n T\u00e2m Pharma\" \/>\n<meta name=\"twitter:card\" content=\"summary_large_image\" \/>\n<script type=\"application\/ld+json\" class=\"yoast-schema-graph\">{\"@context\":\"https:\/\/schema.org\",\"@graph\":[{\"@type\":\"WebPage\",\"@id\":\"https:\/\/chantampharma.com.vn\/en\/san-pham\/thuoc-daehwa-acyclovir-cream-5g\/\",\"url\":\"https:\/\/chantampharma.com.vn\/en\/san-pham\/thuoc-daehwa-acyclovir-cream-5g\/\",\"name\":\"Thu\u1ed1c \u0110i\u1ec1u Tr\u1ecb Virus Daehwa Acyclovir Cream 5g - Ch\u00e2n T\u00e2m Pharma\",\"isPartOf\":{\"@id\":\"https:\/\/chantampharma.com.vn\/#website\"},\"primaryImageOfPage\":{\"@id\":\"https:\/\/chantampharma.com.vn\/en\/san-pham\/thuoc-daehwa-acyclovir-cream-5g\/#primaryimage\"},\"image\":{\"@id\":\"https:\/\/chantampharma.com.vn\/en\/san-pham\/thuoc-daehwa-acyclovir-cream-5g\/#primaryimage\"},\"thumbnailUrl\":\"https:\/\/chantampharma.com.vn\/wp-content\/uploads\/2021\/12\/DEAH-ACYCLOVIR600-1.png\",\"datePublished\":\"2025-06-25T04:50:49+00:00\",\"breadcrumb\":{\"@id\":\"https:\/\/chantampharma.com.vn\/en\/san-pham\/thuoc-daehwa-acyclovir-cream-5g\/#breadcrumb\"},\"inLanguage\":\"en-GB\",\"potentialAction\":[{\"@type\":\"ReadAction\",\"target\":[\"https:\/\/chantampharma.com.vn\/en\/san-pham\/thuoc-daehwa-acyclovir-cream-5g\/\"]}]},{\"@type\":\"ImageObject\",\"inLanguage\":\"en-GB\",\"@id\":\"https:\/\/chantampharma.com.vn\/en\/san-pham\/thuoc-daehwa-acyclovir-cream-5g\/#primaryimage\",\"url\":\"https:\/\/chantampharma.com.vn\/wp-content\/uploads\/2021\/12\/DEAH-ACYCLOVIR600-1.png\",\"contentUrl\":\"https:\/\/chantampharma.com.vn\/wp-content\/uploads\/2021\/12\/DEAH-ACYCLOVIR600-1.png\",\"width\":600,\"height\":600},{\"@type\":\"BreadcrumbList\",\"@id\":\"https:\/\/chantampharma.com.vn\/en\/san-pham\/thuoc-daehwa-acyclovir-cream-5g\/#breadcrumb\",\"itemListElement\":[{\"@type\":\"ListItem\",\"position\":1,\"name\":\"Trang ch\u1ee7\",\"item\":\"https:\/\/chantampharma.com.vn\/en\/\"},{\"@type\":\"ListItem\",\"position\":2,\"name\":\"S\u1ea3n Ph\u1ea9m\",\"item\":\"https:\/\/chantampharma.com.vn\/san-pham\/\"},{\"@type\":\"ListItem\",\"position\":3,\"name\":\"Thu\u1ed1c \u0110i\u1ec1u Tr\u1ecb Virus Daehwa Acyclovir Cream 5g\"}]},{\"@type\":\"WebSite\",\"@id\":\"https:\/\/chantampharma.com.vn\/#website\",\"url\":\"https:\/\/chantampharma.com.vn\/\",\"name\":\"Ch\u00e2n T\u00e2m Pharma\",\"description\":\"\",\"publisher\":{\"@id\":\"https:\/\/chantampharma.com.vn\/#organization\"},\"potentialAction\":[{\"@type\":\"SearchAction\",\"target\":{\"@type\":\"EntryPoint\",\"urlTemplate\":\"https:\/\/chantampharma.com.vn\/?s={search_term_string}\"},\"query-input\":{\"@type\":\"PropertyValueSpecification\",\"valueRequired\":true,\"valueName\":\"search_term_string\"}}],\"inLanguage\":\"en-GB\"},{\"@type\":\"Organization\",\"@id\":\"https:\/\/chantampharma.com.vn\/#organization\",\"name\":\"Ch\u00e2n T\u00e2m Pharma\",\"url\":\"https:\/\/chantampharma.com.vn\/\",\"logo\":{\"@type\":\"ImageObject\",\"inLanguage\":\"en-GB\",\"@id\":\"https:\/\/chantampharma.com.vn\/#\/schema\/logo\/image\/\",\"url\":\"https:\/\/chantampharma.com.vn\/wp-content\/uploads\/2025\/06\/cropped-fsd.png\",\"contentUrl\":\"https:\/\/chantampharma.com.vn\/wp-content\/uploads\/2025\/06\/cropped-fsd.png\",\"width\":130,\"height\":34,\"caption\":\"Ch\u00e2n T\u00e2m Pharma\"},\"image\":{\"@id\":\"https:\/\/chantampharma.com.vn\/#\/schema\/logo\/image\/\"}}]}<\/script>\n<!-- \/ Yoast SEO plugin. -->","yoast_head_json":{"title":"Thu\u1ed1c \u0110i\u1ec1u Tr\u1ecb Virus Daehwa Acyclovir Cream 5g - Ch\u00e2n T\u00e2m Pharma","robots":{"index":"index","follow":"follow","max-snippet":"max-snippet:-1","max-image-preview":"max-image-preview:large","max-video-preview":"max-video-preview:-1"},"canonical":"https:\/\/chantampharma.com.vn\/en\/san-pham\/thuoc-daehwa-acyclovir-cream-5g\/","og_locale":"en_GB","og_type":"article","og_title":"Thu\u1ed1c \u0110i\u1ec1u Tr\u1ecb Virus Daehwa Acyclovir Cream 5g - Ch\u00e2n T\u00e2m Pharma","og_description":"Thu\u1ed1c \u0110i\u1ec1u Tr\u1ecb Virus Daehwa Acyclovir Cream l\u00e0 m\u1ed9t lo\u1ea1i kem b\u00f4i ngo\u00e0i da c\u00f3 th\u00e0nh ph\u1ea7n ch\u00ednh l\u00e0 acyclovir, m\u1ed9t lo\u1ea1i thu\u1ed1c kh\u00e1ng virus, \u0111\u01b0\u1ee3c ch\u1ec9 \u0111\u1ecbnh \u0111\u1ec3 \u0111i\u1ec1u tr\u1ecb c\u00e1c b\u1ec7nh da do nhi\u1ec5m virus herpes simplex nh\u01b0 herpes m\u00f4i v\u00e0 herpes sinh d\u1ee5c, bao g\u1ed3m c\u1ea3 giai \u0111o\u1ea1n kh\u1edfi ph\u00e1t v\u00e0 t\u00e1i ph\u00e1t.","og_url":"https:\/\/chantampharma.com.vn\/en\/san-pham\/thuoc-daehwa-acyclovir-cream-5g\/","og_site_name":"Ch\u00e2n T\u00e2m Pharma","twitter_card":"summary_large_image","schema":{"@context":"https:\/\/schema.org","@graph":[{"@type":"WebPage","@id":"https:\/\/chantampharma.com.vn\/en\/san-pham\/thuoc-daehwa-acyclovir-cream-5g\/","url":"https:\/\/chantampharma.com.vn\/en\/san-pham\/thuoc-daehwa-acyclovir-cream-5g\/","name":"Thu\u1ed1c \u0110i\u1ec1u Tr\u1ecb Virus Daehwa Acyclovir Cream 5g - Ch\u00e2n T\u00e2m Pharma","isPartOf":{"@id":"https:\/\/chantampharma.com.vn\/#website"},"primaryImageOfPage":{"@id":"https:\/\/chantampharma.com.vn\/en\/san-pham\/thuoc-daehwa-acyclovir-cream-5g\/#primaryimage"},"image":{"@id":"https:\/\/chantampharma.com.vn\/en\/san-pham\/thuoc-daehwa-acyclovir-cream-5g\/#primaryimage"},"thumbnailUrl":"https:\/\/chantampharma.com.vn\/wp-content\/uploads\/2021\/12\/DEAH-ACYCLOVIR600-1.png","datePublished":"2025-06-25T04:50:49+00:00","breadcrumb":{"@id":"https:\/\/chantampharma.com.vn\/en\/san-pham\/thuoc-daehwa-acyclovir-cream-5g\/#breadcrumb"},"inLanguage":"en-GB","potentialAction":[{"@type":"ReadAction","target":["https:\/\/chantampharma.com.vn\/en\/san-pham\/thuoc-daehwa-acyclovir-cream-5g\/"]}]},{"@type":"ImageObject","inLanguage":"en-GB","@id":"https:\/\/chantampharma.com.vn\/en\/san-pham\/thuoc-daehwa-acyclovir-cream-5g\/#primaryimage","url":"https:\/\/chantampharma.com.vn\/wp-content\/uploads\/2021\/12\/DEAH-ACYCLOVIR600-1.png","contentUrl":"https:\/\/chantampharma.com.vn\/wp-content\/uploads\/2021\/12\/DEAH-ACYCLOVIR600-1.png","width":600,"height":600},{"@type":"BreadcrumbList","@id":"https:\/\/chantampharma.com.vn\/en\/san-pham\/thuoc-daehwa-acyclovir-cream-5g\/#breadcrumb","itemListElement":[{"@type":"ListItem","position":1,"name":"Trang ch\u1ee7","item":"https:\/\/chantampharma.com.vn\/en\/"},{"@type":"ListItem","position":2,"name":"S\u1ea3n Ph\u1ea9m","item":"https:\/\/chantampharma.com.vn\/san-pham\/"},{"@type":"ListItem","position":3,"name":"Thu\u1ed1c \u0110i\u1ec1u Tr\u1ecb Virus Daehwa Acyclovir Cream 5g"}]},{"@type":"WebSite","@id":"https:\/\/chantampharma.com.vn\/#website","url":"https:\/\/chantampharma.com.vn\/","name":"Ch\u00e2n T\u00e2m Pharma","description":"","publisher":{"@id":"https:\/\/chantampharma.com.vn\/#organization"},"potentialAction":[{"@type":"SearchAction","target":{"@type":"EntryPoint","urlTemplate":"https:\/\/chantampharma.com.vn\/?s={search_term_string}"},"query-input":{"@type":"PropertyValueSpecification","valueRequired":true,"valueName":"search_term_string"}}],"inLanguage":"en-GB"},{"@type":"Organization","@id":"https:\/\/chantampharma.com.vn\/#organization","name":"Ch\u00e2n T\u00e2m Pharma","url":"https:\/\/chantampharma.com.vn\/","logo":{"@type":"ImageObject","inLanguage":"en-GB","@id":"https:\/\/chantampharma.com.vn\/#\/schema\/logo\/image\/","url":"https:\/\/chantampharma.com.vn\/wp-content\/uploads\/2025\/06\/cropped-fsd.png","contentUrl":"https:\/\/chantampharma.com.vn\/wp-content\/uploads\/2025\/06\/cropped-fsd.png","width":130,"height":34,"caption":"Ch\u00e2n T\u00e2m Pharma"},"image":{"@id":"https:\/\/chantampharma.com.vn\/#\/schema\/logo\/image\/"}}]}},"_links":{"self":[{"href":"https:\/\/chantampharma.com.vn\/en\/wp-json\/wp\/v2\/product\/6662","targetHints":{"allow":["GET"]}}],"collection":[{"href":"https:\/\/chantampharma.com.vn\/en\/wp-json\/wp\/v2\/product"}],"about":[{"href":"https:\/\/chantampharma.com.vn\/en\/wp-json\/wp\/v2\/types\/product"}],"author":[{"embeddable":true,"href":"https:\/\/chantampharma.com.vn\/en\/wp-json\/wp\/v2\/users\/4"}],"replies":[{"embeddable":true,"href":"https:\/\/chantampharma.com.vn\/en\/wp-json\/wp\/v2\/comments?post=6662"}],"version-history":[{"count":0,"href":"https:\/\/chantampharma.com.vn\/en\/wp-json\/wp\/v2\/product\/6662\/revisions"}],"wp:featuredmedia":[{"embeddable":true,"href":"https:\/\/chantampharma.com.vn\/en\/wp-json\/wp\/v2\/media\/2869"}],"wp:attachment":[{"href":"https:\/\/chantampharma.com.vn\/en\/wp-json\/wp\/v2\/media?parent=6662"}],"wp:term":[{"taxonomy":"product_category","embeddable":true,"href":"https:\/\/chantampharma.com.vn\/en\/wp-json\/wp\/v2\/product_category?post=6662"},{"taxonomy":"product_tag","embeddable":true,"href":"https:\/\/chantampharma.com.vn\/en\/wp-json\/wp\/v2\/product_tag?post=6662"},{"taxonomy":"product_producer","embeddable":true,"href":"https:\/\/chantampharma.com.vn\/en\/wp-json\/wp\/v2\/product_producer?post=6662"}],"curies":[{"name":"wp","href":"https:\/\/api.w.org\/{rel}","templated":true}]}}