{"id":6654,"date":"2025-07-01T02:14:04","date_gmt":"2025-07-01T02:14:04","guid":{"rendered":"https:\/\/chantampharma.com.vn\/san-pham\/l-cystine-500mg\/"},"modified":"2025-07-01T02:14:04","modified_gmt":"2025-07-01T02:14:04","slug":"l-cystine-500mg","status":"publish","type":"product","link":"https:\/\/chantampharma.com.vn\/en\/san-pham\/l-cystine-500mg\/","title":{"rendered":"L-Cystine 500mg"},"content":{"rendered":"<p>L-Cystine 500mg h\u1ed7 tr\u1ee3 trong c\u00e1c tr\u01b0\u1eddng h\u1ee3p: Vi\u00eam da do thu\u1ed1c, s\u1ea1m da, t\u00e0n nhang, s\u1ea1m n\u1eafng, eczema, m\u1ec1 \u0111ay, ph\u00e1t ban da, m\u1ee5n tr\u1ee9ng c\u00e1. C\u00e1c b\u1ec7nh bi\u1ec3u b\u00ec l\u00e0m m\u00f3ng t\u00f3c kh\u00f4 gi\u00f2n d\u1ec5 g\u00e3y.<\/p>\n","protected":false},"excerpt":{"rendered":"<p>L-Cystine 500mg h\u1ed7 tr\u1ee3 trong c\u00e1c tr\u01b0\u1eddng h\u1ee3p: Vi\u00eam da do thu\u1ed1c, s\u1ea1m da, t\u00e0n nhang, s\u1ea1m n\u1eafng, eczema, m\u1ec1 \u0111ay, ph\u00e1t ban da, m\u1ee5n tr\u1ee9ng c\u00e1. C\u00e1c b\u1ec7nh bi\u1ec3u b\u00ec l\u00e0m m\u00f3ng t\u00f3c kh\u00f4 gi\u00f2n d\u1ec5 g\u00e3y.<\/p>\n","protected":false},"author":4,"featured_media":2321,"parent":0,"menu_order":144,"comment_status":"closed","ping_status":"closed","template":"","meta":{"footnotes":""},"product_category":[269,270],"product_tag":[],"product_producer":[113],"class_list":["post-6654","product","type-product","status-publish","has-post-thumbnail","hentry","product_category-thuc-pham-chuc-nang-en","product_category-vitamin-khoang-chat-en","product_producer-phil-inter-pharma-en"],"yoast_head":"<!-- This site is optimized with the Yoast SEO plugin v24.9 - https:\/\/yoast.com\/wordpress\/plugins\/seo\/ -->\n<title>L-Cystine 500mg - Ch\u00e2n T\u00e2m Pharma<\/title>\n<meta name=\"robots\" content=\"index, follow, max-snippet:-1, max-image-preview:large, max-video-preview:-1\" \/>\n<link rel=\"canonical\" href=\"https:\/\/chantampharma.com.vn\/en\/san-pham\/l-cystine-500mg\/\" \/>\n<meta property=\"og:locale\" content=\"en_GB\" \/>\n<meta property=\"og:type\" content=\"article\" \/>\n<meta property=\"og:title\" content=\"L-Cystine 500mg - Ch\u00e2n T\u00e2m Pharma\" \/>\n<meta property=\"og:description\" content=\"L-Cystine 500mg h\u1ed7 tr\u1ee3 trong c\u00e1c tr\u01b0\u1eddng h\u1ee3p: Vi\u00eam da do thu\u1ed1c, s\u1ea1m da, t\u00e0n nhang, s\u1ea1m n\u1eafng, eczema, m\u1ec1 \u0111ay, ph\u00e1t ban da, m\u1ee5n tr\u1ee9ng c\u00e1. C\u00e1c b\u1ec7nh bi\u1ec3u b\u00ec l\u00e0m m\u00f3ng t\u00f3c kh\u00f4 gi\u00f2n d\u1ec5 g\u00e3y.\" \/>\n<meta property=\"og:url\" content=\"https:\/\/chantampharma.com.vn\/en\/san-pham\/l-cystine-500mg\/\" \/>\n<meta property=\"og:site_name\" content=\"Ch\u00e2n T\u00e2m Pharma\" \/>\n<meta name=\"twitter:card\" content=\"summary_large_image\" \/>\n<script type=\"application\/ld+json\" class=\"yoast-schema-graph\">{\"@context\":\"https:\/\/schema.org\",\"@graph\":[{\"@type\":\"WebPage\",\"@id\":\"https:\/\/chantampharma.com.vn\/en\/san-pham\/l-cystine-500mg\/\",\"url\":\"https:\/\/chantampharma.com.vn\/en\/san-pham\/l-cystine-500mg\/\",\"name\":\"L-Cystine 500mg - Ch\u00e2n T\u00e2m Pharma\",\"isPartOf\":{\"@id\":\"https:\/\/chantampharma.com.vn\/#website\"},\"primaryImageOfPage\":{\"@id\":\"https:\/\/chantampharma.com.vn\/en\/san-pham\/l-cystine-500mg\/#primaryimage\"},\"image\":{\"@id\":\"https:\/\/chantampharma.com.vn\/en\/san-pham\/l-cystine-500mg\/#primaryimage\"},\"thumbnailUrl\":\"https:\/\/chantampharma.com.vn\/wp-content\/uploads\/2021\/08\/L-CYSTINE-600px1.png\",\"datePublished\":\"2025-07-01T02:14:04+00:00\",\"breadcrumb\":{\"@id\":\"https:\/\/chantampharma.com.vn\/en\/san-pham\/l-cystine-500mg\/#breadcrumb\"},\"inLanguage\":\"en-GB\",\"potentialAction\":[{\"@type\":\"ReadAction\",\"target\":[\"https:\/\/chantampharma.com.vn\/en\/san-pham\/l-cystine-500mg\/\"]}]},{\"@type\":\"ImageObject\",\"inLanguage\":\"en-GB\",\"@id\":\"https:\/\/chantampharma.com.vn\/en\/san-pham\/l-cystine-500mg\/#primaryimage\",\"url\":\"https:\/\/chantampharma.com.vn\/wp-content\/uploads\/2021\/08\/L-CYSTINE-600px1.png\",\"contentUrl\":\"https:\/\/chantampharma.com.vn\/wp-content\/uploads\/2021\/08\/L-CYSTINE-600px1.png\",\"width\":600,\"height\":600},{\"@type\":\"BreadcrumbList\",\"@id\":\"https:\/\/chantampharma.com.vn\/en\/san-pham\/l-cystine-500mg\/#breadcrumb\",\"itemListElement\":[{\"@type\":\"ListItem\",\"position\":1,\"name\":\"Trang ch\u1ee7\",\"item\":\"https:\/\/chantampharma.com.vn\/en\/\"},{\"@type\":\"ListItem\",\"position\":2,\"name\":\"S\u1ea3n Ph\u1ea9m\",\"item\":\"https:\/\/chantampharma.com.vn\/san-pham\/\"},{\"@type\":\"ListItem\",\"position\":3,\"name\":\"L-Cystine 500mg\"}]},{\"@type\":\"WebSite\",\"@id\":\"https:\/\/chantampharma.com.vn\/#website\",\"url\":\"https:\/\/chantampharma.com.vn\/\",\"name\":\"Ch\u00e2n T\u00e2m Pharma\",\"description\":\"\",\"publisher\":{\"@id\":\"https:\/\/chantampharma.com.vn\/#organization\"},\"potentialAction\":[{\"@type\":\"SearchAction\",\"target\":{\"@type\":\"EntryPoint\",\"urlTemplate\":\"https:\/\/chantampharma.com.vn\/?s={search_term_string}\"},\"query-input\":{\"@type\":\"PropertyValueSpecification\",\"valueRequired\":true,\"valueName\":\"search_term_string\"}}],\"inLanguage\":\"en-GB\"},{\"@type\":\"Organization\",\"@id\":\"https:\/\/chantampharma.com.vn\/#organization\",\"name\":\"Ch\u00e2n T\u00e2m Pharma\",\"url\":\"https:\/\/chantampharma.com.vn\/\",\"logo\":{\"@type\":\"ImageObject\",\"inLanguage\":\"en-GB\",\"@id\":\"https:\/\/chantampharma.com.vn\/#\/schema\/logo\/image\/\",\"url\":\"https:\/\/chantampharma.com.vn\/wp-content\/uploads\/2025\/06\/cropped-fsd.png\",\"contentUrl\":\"https:\/\/chantampharma.com.vn\/wp-content\/uploads\/2025\/06\/cropped-fsd.png\",\"width\":130,\"height\":34,\"caption\":\"Ch\u00e2n T\u00e2m Pharma\"},\"image\":{\"@id\":\"https:\/\/chantampharma.com.vn\/#\/schema\/logo\/image\/\"}}]}<\/script>\n<!-- \/ Yoast SEO plugin. -->","yoast_head_json":{"title":"L-Cystine 500mg - Ch\u00e2n T\u00e2m Pharma","robots":{"index":"index","follow":"follow","max-snippet":"max-snippet:-1","max-image-preview":"max-image-preview:large","max-video-preview":"max-video-preview:-1"},"canonical":"https:\/\/chantampharma.com.vn\/en\/san-pham\/l-cystine-500mg\/","og_locale":"en_GB","og_type":"article","og_title":"L-Cystine 500mg - Ch\u00e2n T\u00e2m Pharma","og_description":"L-Cystine 500mg h\u1ed7 tr\u1ee3 trong c\u00e1c tr\u01b0\u1eddng h\u1ee3p: Vi\u00eam da do thu\u1ed1c, s\u1ea1m da, t\u00e0n nhang, s\u1ea1m n\u1eafng, eczema, m\u1ec1 \u0111ay, ph\u00e1t ban da, m\u1ee5n tr\u1ee9ng c\u00e1. C\u00e1c b\u1ec7nh bi\u1ec3u b\u00ec l\u00e0m m\u00f3ng t\u00f3c kh\u00f4 gi\u00f2n d\u1ec5 g\u00e3y.","og_url":"https:\/\/chantampharma.com.vn\/en\/san-pham\/l-cystine-500mg\/","og_site_name":"Ch\u00e2n T\u00e2m Pharma","twitter_card":"summary_large_image","schema":{"@context":"https:\/\/schema.org","@graph":[{"@type":"WebPage","@id":"https:\/\/chantampharma.com.vn\/en\/san-pham\/l-cystine-500mg\/","url":"https:\/\/chantampharma.com.vn\/en\/san-pham\/l-cystine-500mg\/","name":"L-Cystine 500mg - Ch\u00e2n T\u00e2m Pharma","isPartOf":{"@id":"https:\/\/chantampharma.com.vn\/#website"},"primaryImageOfPage":{"@id":"https:\/\/chantampharma.com.vn\/en\/san-pham\/l-cystine-500mg\/#primaryimage"},"image":{"@id":"https:\/\/chantampharma.com.vn\/en\/san-pham\/l-cystine-500mg\/#primaryimage"},"thumbnailUrl":"https:\/\/chantampharma.com.vn\/wp-content\/uploads\/2021\/08\/L-CYSTINE-600px1.png","datePublished":"2025-07-01T02:14:04+00:00","breadcrumb":{"@id":"https:\/\/chantampharma.com.vn\/en\/san-pham\/l-cystine-500mg\/#breadcrumb"},"inLanguage":"en-GB","potentialAction":[{"@type":"ReadAction","target":["https:\/\/chantampharma.com.vn\/en\/san-pham\/l-cystine-500mg\/"]}]},{"@type":"ImageObject","inLanguage":"en-GB","@id":"https:\/\/chantampharma.com.vn\/en\/san-pham\/l-cystine-500mg\/#primaryimage","url":"https:\/\/chantampharma.com.vn\/wp-content\/uploads\/2021\/08\/L-CYSTINE-600px1.png","contentUrl":"https:\/\/chantampharma.com.vn\/wp-content\/uploads\/2021\/08\/L-CYSTINE-600px1.png","width":600,"height":600},{"@type":"BreadcrumbList","@id":"https:\/\/chantampharma.com.vn\/en\/san-pham\/l-cystine-500mg\/#breadcrumb","itemListElement":[{"@type":"ListItem","position":1,"name":"Trang ch\u1ee7","item":"https:\/\/chantampharma.com.vn\/en\/"},{"@type":"ListItem","position":2,"name":"S\u1ea3n Ph\u1ea9m","item":"https:\/\/chantampharma.com.vn\/san-pham\/"},{"@type":"ListItem","position":3,"name":"L-Cystine 500mg"}]},{"@type":"WebSite","@id":"https:\/\/chantampharma.com.vn\/#website","url":"https:\/\/chantampharma.com.vn\/","name":"Ch\u00e2n T\u00e2m Pharma","description":"","publisher":{"@id":"https:\/\/chantampharma.com.vn\/#organization"},"potentialAction":[{"@type":"SearchAction","target":{"@type":"EntryPoint","urlTemplate":"https:\/\/chantampharma.com.vn\/?s={search_term_string}"},"query-input":{"@type":"PropertyValueSpecification","valueRequired":true,"valueName":"search_term_string"}}],"inLanguage":"en-GB"},{"@type":"Organization","@id":"https:\/\/chantampharma.com.vn\/#organization","name":"Ch\u00e2n T\u00e2m Pharma","url":"https:\/\/chantampharma.com.vn\/","logo":{"@type":"ImageObject","inLanguage":"en-GB","@id":"https:\/\/chantampharma.com.vn\/#\/schema\/logo\/image\/","url":"https:\/\/chantampharma.com.vn\/wp-content\/uploads\/2025\/06\/cropped-fsd.png","contentUrl":"https:\/\/chantampharma.com.vn\/wp-content\/uploads\/2025\/06\/cropped-fsd.png","width":130,"height":34,"caption":"Ch\u00e2n T\u00e2m Pharma"},"image":{"@id":"https:\/\/chantampharma.com.vn\/#\/schema\/logo\/image\/"}}]}},"_links":{"self":[{"href":"https:\/\/chantampharma.com.vn\/en\/wp-json\/wp\/v2\/product\/6654","targetHints":{"allow":["GET"]}}],"collection":[{"href":"https:\/\/chantampharma.com.vn\/en\/wp-json\/wp\/v2\/product"}],"about":[{"href":"https:\/\/chantampharma.com.vn\/en\/wp-json\/wp\/v2\/types\/product"}],"author":[{"embeddable":true,"href":"https:\/\/chantampharma.com.vn\/en\/wp-json\/wp\/v2\/users\/4"}],"replies":[{"embeddable":true,"href":"https:\/\/chantampharma.com.vn\/en\/wp-json\/wp\/v2\/comments?post=6654"}],"version-history":[{"count":0,"href":"https:\/\/chantampharma.com.vn\/en\/wp-json\/wp\/v2\/product\/6654\/revisions"}],"wp:featuredmedia":[{"embeddable":true,"href":"https:\/\/chantampharma.com.vn\/en\/wp-json\/wp\/v2\/media\/2321"}],"wp:attachment":[{"href":"https:\/\/chantampharma.com.vn\/en\/wp-json\/wp\/v2\/media?parent=6654"}],"wp:term":[{"taxonomy":"product_category","embeddable":true,"href":"https:\/\/chantampharma.com.vn\/en\/wp-json\/wp\/v2\/product_category?post=6654"},{"taxonomy":"product_tag","embeddable":true,"href":"https:\/\/chantampharma.com.vn\/en\/wp-json\/wp\/v2\/product_tag?post=6654"},{"taxonomy":"product_producer","embeddable":true,"href":"https:\/\/chantampharma.com.vn\/en\/wp-json\/wp\/v2\/product_producer?post=6654"}],"curies":[{"name":"wp","href":"https:\/\/api.w.org\/{rel}","templated":true}]}}