{"id":6653,"date":"2025-07-08T10:33:20","date_gmt":"2025-07-08T10:33:20","guid":{"rendered":"https:\/\/chantampharma.com.vn\/san-pham\/adagrin-50mg\/"},"modified":"2025-07-08T10:33:20","modified_gmt":"2025-07-08T10:33:20","slug":"adagrin-50mg","status":"publish","type":"product","link":"https:\/\/chantampharma.com.vn\/en\/san-pham\/adagrin-50mg\/","title":{"rendered":"Vi\u00ean n\u00e9n Adagrin 50mg"},"content":{"rendered":"<p>Thu\u1ed1c Adagrin 50mg ICA th\u00e0nh ph\u1ea7n ch\u00ednh l\u00e0 Sildenafil, l\u00e0 thu\u1ed1c d\u00f9ng \u0111\u1ec3 \u0111i\u1ec1u tr\u1ecb ch\u1ee9ng r\u1ed1i lo\u1ea1n c\u01b0\u01a1ng d\u01b0\u01a1ng, hay c\u00f2n g\u1ecdi l\u00e0 ch\u1ee9ng b\u1ea5t l\u1ef1c \u1edf \u0111\u00e0n \u00f4ng.  \u0110\u00e2y l\u00e0 m\u1ed9t v\u1ea5n \u0111\u1ec1 ph\u1ed5 bi\u1ebfn, khi\u1ebfn nam gi\u1edbi kh\u00f3 ho\u1eb7c kh\u00f4ng th\u1ec3 duy tr\u00ec c\u01b0\u01a1ng c\u1ee9ng \u0111\u1ee7 l\u00e2u \u0111\u1ec3 th\u1ef1c hi\u1ec7n quan h\u1ec7 t\u00ecnh d\u1ee5c<\/p>\n","protected":false},"excerpt":{"rendered":"<p>Thu\u1ed1c Adagrin 50mg ICA th\u00e0nh ph\u1ea7n ch\u00ednh l\u00e0 Sildenafil, l\u00e0 thu\u1ed1c d\u00f9ng \u0111\u1ec3 \u0111i\u1ec1u tr\u1ecb ch\u1ee9ng r\u1ed1i lo\u1ea1n c\u01b0\u01a1ng d\u01b0\u01a1ng, hay c\u00f2n g\u1ecdi l\u00e0 ch\u1ee9ng b\u1ea5t l\u1ef1c \u1edf \u0111\u00e0n \u00f4ng.  \u0110\u00e2y l\u00e0 m\u1ed9t v\u1ea5n \u0111\u1ec1 ph\u1ed5 bi\u1ebfn, khi\u1ebfn nam gi\u1edbi kh\u00f3 ho\u1eb7c kh\u00f4ng th\u1ec3 duy tr\u00ec c\u01b0\u01a1ng c\u1ee9ng \u0111\u1ee7 l\u00e2u \u0111\u1ec3 th\u1ef1c hi\u1ec7n quan h\u1ec7 t\u00ecnh d\u1ee5c<\/p>\n","protected":false},"author":2,"featured_media":3241,"parent":0,"menu_order":66,"comment_status":"closed","ping_status":"closed","template":"","meta":{"footnotes":""},"product_category":[114,263],"product_tag":[268],"product_producer":[126],"class_list":["post-6653","product","type-product","status-publish","has-post-thumbnail","hentry","product_category-reproductive-health","product_category-thuoc-ke-don-rx-en","product_tag-sinh-ly-nam-en","product_producer-ica-en"],"yoast_head":"<!-- This site is optimized with the Yoast SEO plugin v24.9 - https:\/\/yoast.com\/wordpress\/plugins\/seo\/ -->\n<title>Vi\u00ean n\u00e9n Adagrin 50mg - Ch\u00e2n T\u00e2m Pharma<\/title>\n<meta name=\"robots\" content=\"index, follow, max-snippet:-1, max-image-preview:large, max-video-preview:-1\" \/>\n<link rel=\"canonical\" href=\"https:\/\/chantampharma.com.vn\/en\/san-pham\/adagrin-50mg\/\" \/>\n<meta property=\"og:locale\" content=\"en_GB\" \/>\n<meta property=\"og:type\" content=\"article\" \/>\n<meta property=\"og:title\" content=\"Vi\u00ean n\u00e9n Adagrin 50mg - Ch\u00e2n T\u00e2m Pharma\" \/>\n<meta property=\"og:description\" content=\"Thu\u1ed1c Adagrin 50mg ICA th\u00e0nh ph\u1ea7n ch\u00ednh l\u00e0 Sildenafil, l\u00e0 thu\u1ed1c d\u00f9ng \u0111\u1ec3 \u0111i\u1ec1u tr\u1ecb ch\u1ee9ng r\u1ed1i lo\u1ea1n c\u01b0\u01a1ng d\u01b0\u01a1ng, hay c\u00f2n g\u1ecdi l\u00e0 ch\u1ee9ng b\u1ea5t l\u1ef1c \u1edf \u0111\u00e0n \u00f4ng. \u0110\u00e2y l\u00e0 m\u1ed9t v\u1ea5n \u0111\u1ec1 ph\u1ed5 bi\u1ebfn, khi\u1ebfn nam gi\u1edbi kh\u00f3 ho\u1eb7c kh\u00f4ng th\u1ec3 duy tr\u00ec c\u01b0\u01a1ng c\u1ee9ng \u0111\u1ee7 l\u00e2u \u0111\u1ec3 th\u1ef1c hi\u1ec7n quan h\u1ec7 t\u00ecnh d\u1ee5c\" \/>\n<meta property=\"og:url\" content=\"https:\/\/chantampharma.com.vn\/en\/san-pham\/adagrin-50mg\/\" \/>\n<meta property=\"og:site_name\" content=\"Ch\u00e2n T\u00e2m Pharma\" \/>\n<meta name=\"twitter:card\" content=\"summary_large_image\" \/>\n<script type=\"application\/ld+json\" class=\"yoast-schema-graph\">{\"@context\":\"https:\/\/schema.org\",\"@graph\":[{\"@type\":\"WebPage\",\"@id\":\"https:\/\/chantampharma.com.vn\/en\/san-pham\/adagrin-50mg\/\",\"url\":\"https:\/\/chantampharma.com.vn\/en\/san-pham\/adagrin-50mg\/\",\"name\":\"Vi\u00ean n\u00e9n Adagrin 50mg - Ch\u00e2n T\u00e2m Pharma\",\"isPartOf\":{\"@id\":\"https:\/\/chantampharma.com.vn\/#website\"},\"primaryImageOfPage\":{\"@id\":\"https:\/\/chantampharma.com.vn\/en\/san-pham\/adagrin-50mg\/#primaryimage\"},\"image\":{\"@id\":\"https:\/\/chantampharma.com.vn\/en\/san-pham\/adagrin-50mg\/#primaryimage\"},\"thumbnailUrl\":\"https:\/\/chantampharma.com.vn\/wp-content\/uploads\/2021\/08\/adagrin50-600px-1.png\",\"datePublished\":\"2025-07-08T10:33:20+00:00\",\"breadcrumb\":{\"@id\":\"https:\/\/chantampharma.com.vn\/en\/san-pham\/adagrin-50mg\/#breadcrumb\"},\"inLanguage\":\"en-GB\",\"potentialAction\":[{\"@type\":\"ReadAction\",\"target\":[\"https:\/\/chantampharma.com.vn\/en\/san-pham\/adagrin-50mg\/\"]}]},{\"@type\":\"ImageObject\",\"inLanguage\":\"en-GB\",\"@id\":\"https:\/\/chantampharma.com.vn\/en\/san-pham\/adagrin-50mg\/#primaryimage\",\"url\":\"https:\/\/chantampharma.com.vn\/wp-content\/uploads\/2021\/08\/adagrin50-600px-1.png\",\"contentUrl\":\"https:\/\/chantampharma.com.vn\/wp-content\/uploads\/2021\/08\/adagrin50-600px-1.png\",\"width\":600,\"height\":600},{\"@type\":\"BreadcrumbList\",\"@id\":\"https:\/\/chantampharma.com.vn\/en\/san-pham\/adagrin-50mg\/#breadcrumb\",\"itemListElement\":[{\"@type\":\"ListItem\",\"position\":1,\"name\":\"Trang ch\u1ee7\",\"item\":\"https:\/\/chantampharma.com.vn\/en\/\"},{\"@type\":\"ListItem\",\"position\":2,\"name\":\"S\u1ea3n Ph\u1ea9m\",\"item\":\"https:\/\/chantampharma.com.vn\/san-pham\/\"},{\"@type\":\"ListItem\",\"position\":3,\"name\":\"Vi\u00ean n\u00e9n Adagrin 50mg\"}]},{\"@type\":\"WebSite\",\"@id\":\"https:\/\/chantampharma.com.vn\/#website\",\"url\":\"https:\/\/chantampharma.com.vn\/\",\"name\":\"Ch\u00e2n T\u00e2m Pharma\",\"description\":\"\",\"publisher\":{\"@id\":\"https:\/\/chantampharma.com.vn\/#organization\"},\"potentialAction\":[{\"@type\":\"SearchAction\",\"target\":{\"@type\":\"EntryPoint\",\"urlTemplate\":\"https:\/\/chantampharma.com.vn\/?s={search_term_string}\"},\"query-input\":{\"@type\":\"PropertyValueSpecification\",\"valueRequired\":true,\"valueName\":\"search_term_string\"}}],\"inLanguage\":\"en-GB\"},{\"@type\":\"Organization\",\"@id\":\"https:\/\/chantampharma.com.vn\/#organization\",\"name\":\"Ch\u00e2n T\u00e2m Pharma\",\"url\":\"https:\/\/chantampharma.com.vn\/\",\"logo\":{\"@type\":\"ImageObject\",\"inLanguage\":\"en-GB\",\"@id\":\"https:\/\/chantampharma.com.vn\/#\/schema\/logo\/image\/\",\"url\":\"https:\/\/chantampharma.com.vn\/wp-content\/uploads\/2025\/06\/cropped-fsd.png\",\"contentUrl\":\"https:\/\/chantampharma.com.vn\/wp-content\/uploads\/2025\/06\/cropped-fsd.png\",\"width\":130,\"height\":34,\"caption\":\"Ch\u00e2n T\u00e2m Pharma\"},\"image\":{\"@id\":\"https:\/\/chantampharma.com.vn\/#\/schema\/logo\/image\/\"}}]}<\/script>\n<!-- \/ Yoast SEO plugin. -->","yoast_head_json":{"title":"Vi\u00ean n\u00e9n Adagrin 50mg - Ch\u00e2n T\u00e2m Pharma","robots":{"index":"index","follow":"follow","max-snippet":"max-snippet:-1","max-image-preview":"max-image-preview:large","max-video-preview":"max-video-preview:-1"},"canonical":"https:\/\/chantampharma.com.vn\/en\/san-pham\/adagrin-50mg\/","og_locale":"en_GB","og_type":"article","og_title":"Vi\u00ean n\u00e9n Adagrin 50mg - Ch\u00e2n T\u00e2m Pharma","og_description":"Thu\u1ed1c Adagrin 50mg ICA th\u00e0nh ph\u1ea7n ch\u00ednh l\u00e0 Sildenafil, l\u00e0 thu\u1ed1c d\u00f9ng \u0111\u1ec3 \u0111i\u1ec1u tr\u1ecb ch\u1ee9ng r\u1ed1i lo\u1ea1n c\u01b0\u01a1ng d\u01b0\u01a1ng, hay c\u00f2n g\u1ecdi l\u00e0 ch\u1ee9ng b\u1ea5t l\u1ef1c \u1edf \u0111\u00e0n \u00f4ng. \u0110\u00e2y l\u00e0 m\u1ed9t v\u1ea5n \u0111\u1ec1 ph\u1ed5 bi\u1ebfn, khi\u1ebfn nam gi\u1edbi kh\u00f3 ho\u1eb7c kh\u00f4ng th\u1ec3 duy tr\u00ec c\u01b0\u01a1ng c\u1ee9ng \u0111\u1ee7 l\u00e2u \u0111\u1ec3 th\u1ef1c hi\u1ec7n quan h\u1ec7 t\u00ecnh d\u1ee5c","og_url":"https:\/\/chantampharma.com.vn\/en\/san-pham\/adagrin-50mg\/","og_site_name":"Ch\u00e2n T\u00e2m Pharma","twitter_card":"summary_large_image","schema":{"@context":"https:\/\/schema.org","@graph":[{"@type":"WebPage","@id":"https:\/\/chantampharma.com.vn\/en\/san-pham\/adagrin-50mg\/","url":"https:\/\/chantampharma.com.vn\/en\/san-pham\/adagrin-50mg\/","name":"Vi\u00ean n\u00e9n Adagrin 50mg - Ch\u00e2n T\u00e2m Pharma","isPartOf":{"@id":"https:\/\/chantampharma.com.vn\/#website"},"primaryImageOfPage":{"@id":"https:\/\/chantampharma.com.vn\/en\/san-pham\/adagrin-50mg\/#primaryimage"},"image":{"@id":"https:\/\/chantampharma.com.vn\/en\/san-pham\/adagrin-50mg\/#primaryimage"},"thumbnailUrl":"https:\/\/chantampharma.com.vn\/wp-content\/uploads\/2021\/08\/adagrin50-600px-1.png","datePublished":"2025-07-08T10:33:20+00:00","breadcrumb":{"@id":"https:\/\/chantampharma.com.vn\/en\/san-pham\/adagrin-50mg\/#breadcrumb"},"inLanguage":"en-GB","potentialAction":[{"@type":"ReadAction","target":["https:\/\/chantampharma.com.vn\/en\/san-pham\/adagrin-50mg\/"]}]},{"@type":"ImageObject","inLanguage":"en-GB","@id":"https:\/\/chantampharma.com.vn\/en\/san-pham\/adagrin-50mg\/#primaryimage","url":"https:\/\/chantampharma.com.vn\/wp-content\/uploads\/2021\/08\/adagrin50-600px-1.png","contentUrl":"https:\/\/chantampharma.com.vn\/wp-content\/uploads\/2021\/08\/adagrin50-600px-1.png","width":600,"height":600},{"@type":"BreadcrumbList","@id":"https:\/\/chantampharma.com.vn\/en\/san-pham\/adagrin-50mg\/#breadcrumb","itemListElement":[{"@type":"ListItem","position":1,"name":"Trang ch\u1ee7","item":"https:\/\/chantampharma.com.vn\/en\/"},{"@type":"ListItem","position":2,"name":"S\u1ea3n Ph\u1ea9m","item":"https:\/\/chantampharma.com.vn\/san-pham\/"},{"@type":"ListItem","position":3,"name":"Vi\u00ean n\u00e9n Adagrin 50mg"}]},{"@type":"WebSite","@id":"https:\/\/chantampharma.com.vn\/#website","url":"https:\/\/chantampharma.com.vn\/","name":"Ch\u00e2n T\u00e2m Pharma","description":"","publisher":{"@id":"https:\/\/chantampharma.com.vn\/#organization"},"potentialAction":[{"@type":"SearchAction","target":{"@type":"EntryPoint","urlTemplate":"https:\/\/chantampharma.com.vn\/?s={search_term_string}"},"query-input":{"@type":"PropertyValueSpecification","valueRequired":true,"valueName":"search_term_string"}}],"inLanguage":"en-GB"},{"@type":"Organization","@id":"https:\/\/chantampharma.com.vn\/#organization","name":"Ch\u00e2n T\u00e2m Pharma","url":"https:\/\/chantampharma.com.vn\/","logo":{"@type":"ImageObject","inLanguage":"en-GB","@id":"https:\/\/chantampharma.com.vn\/#\/schema\/logo\/image\/","url":"https:\/\/chantampharma.com.vn\/wp-content\/uploads\/2025\/06\/cropped-fsd.png","contentUrl":"https:\/\/chantampharma.com.vn\/wp-content\/uploads\/2025\/06\/cropped-fsd.png","width":130,"height":34,"caption":"Ch\u00e2n T\u00e2m Pharma"},"image":{"@id":"https:\/\/chantampharma.com.vn\/#\/schema\/logo\/image\/"}}]}},"_links":{"self":[{"href":"https:\/\/chantampharma.com.vn\/en\/wp-json\/wp\/v2\/product\/6653","targetHints":{"allow":["GET"]}}],"collection":[{"href":"https:\/\/chantampharma.com.vn\/en\/wp-json\/wp\/v2\/product"}],"about":[{"href":"https:\/\/chantampharma.com.vn\/en\/wp-json\/wp\/v2\/types\/product"}],"author":[{"embeddable":true,"href":"https:\/\/chantampharma.com.vn\/en\/wp-json\/wp\/v2\/users\/2"}],"replies":[{"embeddable":true,"href":"https:\/\/chantampharma.com.vn\/en\/wp-json\/wp\/v2\/comments?post=6653"}],"version-history":[{"count":0,"href":"https:\/\/chantampharma.com.vn\/en\/wp-json\/wp\/v2\/product\/6653\/revisions"}],"wp:featuredmedia":[{"embeddable":true,"href":"https:\/\/chantampharma.com.vn\/en\/wp-json\/wp\/v2\/media\/3241"}],"wp:attachment":[{"href":"https:\/\/chantampharma.com.vn\/en\/wp-json\/wp\/v2\/media?parent=6653"}],"wp:term":[{"taxonomy":"product_category","embeddable":true,"href":"https:\/\/chantampharma.com.vn\/en\/wp-json\/wp\/v2\/product_category?post=6653"},{"taxonomy":"product_tag","embeddable":true,"href":"https:\/\/chantampharma.com.vn\/en\/wp-json\/wp\/v2\/product_tag?post=6653"},{"taxonomy":"product_producer","embeddable":true,"href":"https:\/\/chantampharma.com.vn\/en\/wp-json\/wp\/v2\/product_producer?post=6653"}],"curies":[{"name":"wp","href":"https:\/\/api.w.org\/{rel}","templated":true}]}}