{"id":6646,"date":"2025-07-25T02:09:06","date_gmt":"2025-07-25T02:09:06","guid":{"rendered":"https:\/\/chantampharma.com.vn\/san-pham\/eagle-brand-yellow-balm-20g\/"},"modified":"2025-07-25T02:09:06","modified_gmt":"2025-07-25T02:09:06","slug":"eagle-brand-yellow-balm-20g","status":"publish","type":"product","link":"https:\/\/chantampharma.com.vn\/en\/san-pham\/eagle-brand-yellow-balm-20g\/","title":{"rendered":"D\u1ea7u C\u00f9 L\u00e0 V\u00e0ng Con \u00d3 Eagle Brand 20g"},"content":{"rendered":"<p><span style=\"font-weight: 400;\">D\u1ea7u C\u00f9 L\u00e0 V\u00e0ng Con \u00d3 Eagle Brand 20g l\u00e0 gi\u1ea3i ph\u00e1p ho\u00e0n h\u1ea3o cho nh\u1eefng ai th\u01b0\u1eddng xuy\u00ean b\u1ecb \u0111au \u0111\u1ea7u, cho\u00e1ng v\u00e1ng, ch\u00f3ng m\u1eb7t, \u0111au l\u01b0ng, \u0111au th\u1eaft l\u01b0ng, th\u1ea5p kh\u1edbp, c\u00e1c v\u1ebft c\u00f4n tr\u00f9ng \u0111\u1ed1t, m\u1ea9n ng\u1ee9a v\u00e0 c\u00e1c tri\u1ec7u ch\u1ee9ng c\u1ea3m l\u1ea1nh. <\/span><\/p>\n","protected":false},"excerpt":{"rendered":"<p>D\u1ea7u C\u00f9 L\u00e0 V\u00e0ng Con \u00d3 Eagle Brand 20g l\u00e0 gi\u1ea3i ph\u00e1p ho\u00e0n h\u1ea3o cho nh\u1eefng ai th\u01b0\u1eddng xuy\u00ean b\u1ecb \u0111au \u0111\u1ea7u, cho\u00e1ng v\u00e1ng, ch\u00f3ng m\u1eb7t, \u0111au l\u01b0ng, \u0111au th\u1eaft l\u01b0ng, th\u1ea5p kh\u1edbp, c\u00e1c v\u1ebft c\u00f4n tr\u00f9ng \u0111\u1ed1t, m\u1ea9n ng\u1ee9a v\u00e0 c\u00e1c tri\u1ec7u ch\u1ee9ng c\u1ea3m l\u1ea1nh.<\/p>\n","protected":false},"author":2,"featured_media":4125,"parent":0,"menu_order":58,"comment_status":"closed","ping_status":"closed","template":"","meta":{"footnotes":""},"product_category":[261],"product_tag":[127],"product_producer":[267],"class_list":["post-6646","product","type-product","status-publish","has-post-thumbnail","hentry","product_category-ban-chay-en","product_tag-best-selling","product_producer-pt-eagle-indo-pharma-en"],"yoast_head":"<!-- This site is optimized with the Yoast SEO plugin v24.9 - https:\/\/yoast.com\/wordpress\/plugins\/seo\/ -->\n<title>D\u1ea7u C\u00f9 L\u00e0 V\u00e0ng Con \u00d3 Eagle Brand 20g - Ch\u00e2n T\u00e2m Pharma<\/title>\n<meta name=\"robots\" content=\"index, follow, max-snippet:-1, max-image-preview:large, max-video-preview:-1\" \/>\n<link rel=\"canonical\" href=\"https:\/\/chantampharma.com.vn\/en\/san-pham\/eagle-brand-yellow-balm-20g\/\" \/>\n<meta property=\"og:locale\" content=\"en_GB\" \/>\n<meta property=\"og:type\" content=\"article\" \/>\n<meta property=\"og:title\" content=\"D\u1ea7u C\u00f9 L\u00e0 V\u00e0ng Con \u00d3 Eagle Brand 20g - Ch\u00e2n T\u00e2m Pharma\" \/>\n<meta property=\"og:description\" content=\"D\u1ea7u C\u00f9 L\u00e0 V\u00e0ng Con \u00d3 Eagle Brand 20g l\u00e0 gi\u1ea3i ph\u00e1p ho\u00e0n h\u1ea3o cho nh\u1eefng ai th\u01b0\u1eddng xuy\u00ean b\u1ecb \u0111au \u0111\u1ea7u, cho\u00e1ng v\u00e1ng, ch\u00f3ng m\u1eb7t, \u0111au l\u01b0ng, \u0111au th\u1eaft l\u01b0ng, th\u1ea5p kh\u1edbp, c\u00e1c v\u1ebft c\u00f4n tr\u00f9ng \u0111\u1ed1t, m\u1ea9n ng\u1ee9a v\u00e0 c\u00e1c tri\u1ec7u ch\u1ee9ng c\u1ea3m l\u1ea1nh.\" \/>\n<meta property=\"og:url\" content=\"https:\/\/chantampharma.com.vn\/en\/san-pham\/eagle-brand-yellow-balm-20g\/\" \/>\n<meta property=\"og:site_name\" content=\"Ch\u00e2n T\u00e2m Pharma\" \/>\n<meta name=\"twitter:card\" content=\"summary_large_image\" \/>\n<script type=\"application\/ld+json\" class=\"yoast-schema-graph\">{\"@context\":\"https:\/\/schema.org\",\"@graph\":[{\"@type\":\"WebPage\",\"@id\":\"https:\/\/chantampharma.com.vn\/en\/san-pham\/eagle-brand-yellow-balm-20g\/\",\"url\":\"https:\/\/chantampharma.com.vn\/en\/san-pham\/eagle-brand-yellow-balm-20g\/\",\"name\":\"D\u1ea7u C\u00f9 L\u00e0 V\u00e0ng Con \u00d3 Eagle Brand 20g - Ch\u00e2n T\u00e2m Pharma\",\"isPartOf\":{\"@id\":\"https:\/\/chantampharma.com.vn\/#website\"},\"primaryImageOfPage\":{\"@id\":\"https:\/\/chantampharma.com.vn\/en\/san-pham\/eagle-brand-yellow-balm-20g\/#primaryimage\"},\"image\":{\"@id\":\"https:\/\/chantampharma.com.vn\/en\/san-pham\/eagle-brand-yellow-balm-20g\/#primaryimage\"},\"thumbnailUrl\":\"https:\/\/chantampharma.com.vn\/wp-content\/uploads\/2024\/09\/15.png\",\"datePublished\":\"2025-07-25T02:09:06+00:00\",\"breadcrumb\":{\"@id\":\"https:\/\/chantampharma.com.vn\/en\/san-pham\/eagle-brand-yellow-balm-20g\/#breadcrumb\"},\"inLanguage\":\"en-GB\",\"potentialAction\":[{\"@type\":\"ReadAction\",\"target\":[\"https:\/\/chantampharma.com.vn\/en\/san-pham\/eagle-brand-yellow-balm-20g\/\"]}]},{\"@type\":\"ImageObject\",\"inLanguage\":\"en-GB\",\"@id\":\"https:\/\/chantampharma.com.vn\/en\/san-pham\/eagle-brand-yellow-balm-20g\/#primaryimage\",\"url\":\"https:\/\/chantampharma.com.vn\/wp-content\/uploads\/2024\/09\/15.png\",\"contentUrl\":\"https:\/\/chantampharma.com.vn\/wp-content\/uploads\/2024\/09\/15.png\",\"width\":1080,\"height\":1080,\"caption\":\"Eagle Brand Yellow Balm 20g\"},{\"@type\":\"BreadcrumbList\",\"@id\":\"https:\/\/chantampharma.com.vn\/en\/san-pham\/eagle-brand-yellow-balm-20g\/#breadcrumb\",\"itemListElement\":[{\"@type\":\"ListItem\",\"position\":1,\"name\":\"Trang ch\u1ee7\",\"item\":\"https:\/\/chantampharma.com.vn\/en\/\"},{\"@type\":\"ListItem\",\"position\":2,\"name\":\"S\u1ea3n Ph\u1ea9m\",\"item\":\"https:\/\/chantampharma.com.vn\/san-pham\/\"},{\"@type\":\"ListItem\",\"position\":3,\"name\":\"D\u1ea7u C\u00f9 L\u00e0 V\u00e0ng Con \u00d3 Eagle Brand 20g\"}]},{\"@type\":\"WebSite\",\"@id\":\"https:\/\/chantampharma.com.vn\/#website\",\"url\":\"https:\/\/chantampharma.com.vn\/\",\"name\":\"Ch\u00e2n T\u00e2m Pharma\",\"description\":\"\",\"publisher\":{\"@id\":\"https:\/\/chantampharma.com.vn\/#organization\"},\"potentialAction\":[{\"@type\":\"SearchAction\",\"target\":{\"@type\":\"EntryPoint\",\"urlTemplate\":\"https:\/\/chantampharma.com.vn\/?s={search_term_string}\"},\"query-input\":{\"@type\":\"PropertyValueSpecification\",\"valueRequired\":true,\"valueName\":\"search_term_string\"}}],\"inLanguage\":\"en-GB\"},{\"@type\":\"Organization\",\"@id\":\"https:\/\/chantampharma.com.vn\/#organization\",\"name\":\"Ch\u00e2n T\u00e2m Pharma\",\"url\":\"https:\/\/chantampharma.com.vn\/\",\"logo\":{\"@type\":\"ImageObject\",\"inLanguage\":\"en-GB\",\"@id\":\"https:\/\/chantampharma.com.vn\/#\/schema\/logo\/image\/\",\"url\":\"https:\/\/chantampharma.com.vn\/wp-content\/uploads\/2025\/06\/cropped-fsd.png\",\"contentUrl\":\"https:\/\/chantampharma.com.vn\/wp-content\/uploads\/2025\/06\/cropped-fsd.png\",\"width\":130,\"height\":34,\"caption\":\"Ch\u00e2n T\u00e2m Pharma\"},\"image\":{\"@id\":\"https:\/\/chantampharma.com.vn\/#\/schema\/logo\/image\/\"}}]}<\/script>\n<!-- \/ Yoast SEO plugin. -->","yoast_head_json":{"title":"D\u1ea7u C\u00f9 L\u00e0 V\u00e0ng Con \u00d3 Eagle Brand 20g - Ch\u00e2n T\u00e2m Pharma","robots":{"index":"index","follow":"follow","max-snippet":"max-snippet:-1","max-image-preview":"max-image-preview:large","max-video-preview":"max-video-preview:-1"},"canonical":"https:\/\/chantampharma.com.vn\/en\/san-pham\/eagle-brand-yellow-balm-20g\/","og_locale":"en_GB","og_type":"article","og_title":"D\u1ea7u C\u00f9 L\u00e0 V\u00e0ng Con \u00d3 Eagle Brand 20g - Ch\u00e2n T\u00e2m Pharma","og_description":"D\u1ea7u C\u00f9 L\u00e0 V\u00e0ng Con \u00d3 Eagle Brand 20g l\u00e0 gi\u1ea3i ph\u00e1p ho\u00e0n h\u1ea3o cho nh\u1eefng ai th\u01b0\u1eddng xuy\u00ean b\u1ecb \u0111au \u0111\u1ea7u, cho\u00e1ng v\u00e1ng, ch\u00f3ng m\u1eb7t, \u0111au l\u01b0ng, \u0111au th\u1eaft l\u01b0ng, th\u1ea5p kh\u1edbp, c\u00e1c v\u1ebft c\u00f4n tr\u00f9ng \u0111\u1ed1t, m\u1ea9n ng\u1ee9a v\u00e0 c\u00e1c tri\u1ec7u ch\u1ee9ng c\u1ea3m l\u1ea1nh.","og_url":"https:\/\/chantampharma.com.vn\/en\/san-pham\/eagle-brand-yellow-balm-20g\/","og_site_name":"Ch\u00e2n T\u00e2m Pharma","twitter_card":"summary_large_image","schema":{"@context":"https:\/\/schema.org","@graph":[{"@type":"WebPage","@id":"https:\/\/chantampharma.com.vn\/en\/san-pham\/eagle-brand-yellow-balm-20g\/","url":"https:\/\/chantampharma.com.vn\/en\/san-pham\/eagle-brand-yellow-balm-20g\/","name":"D\u1ea7u C\u00f9 L\u00e0 V\u00e0ng Con \u00d3 Eagle Brand 20g - Ch\u00e2n T\u00e2m Pharma","isPartOf":{"@id":"https:\/\/chantampharma.com.vn\/#website"},"primaryImageOfPage":{"@id":"https:\/\/chantampharma.com.vn\/en\/san-pham\/eagle-brand-yellow-balm-20g\/#primaryimage"},"image":{"@id":"https:\/\/chantampharma.com.vn\/en\/san-pham\/eagle-brand-yellow-balm-20g\/#primaryimage"},"thumbnailUrl":"https:\/\/chantampharma.com.vn\/wp-content\/uploads\/2024\/09\/15.png","datePublished":"2025-07-25T02:09:06+00:00","breadcrumb":{"@id":"https:\/\/chantampharma.com.vn\/en\/san-pham\/eagle-brand-yellow-balm-20g\/#breadcrumb"},"inLanguage":"en-GB","potentialAction":[{"@type":"ReadAction","target":["https:\/\/chantampharma.com.vn\/en\/san-pham\/eagle-brand-yellow-balm-20g\/"]}]},{"@type":"ImageObject","inLanguage":"en-GB","@id":"https:\/\/chantampharma.com.vn\/en\/san-pham\/eagle-brand-yellow-balm-20g\/#primaryimage","url":"https:\/\/chantampharma.com.vn\/wp-content\/uploads\/2024\/09\/15.png","contentUrl":"https:\/\/chantampharma.com.vn\/wp-content\/uploads\/2024\/09\/15.png","width":1080,"height":1080,"caption":"Eagle Brand Yellow Balm 20g"},{"@type":"BreadcrumbList","@id":"https:\/\/chantampharma.com.vn\/en\/san-pham\/eagle-brand-yellow-balm-20g\/#breadcrumb","itemListElement":[{"@type":"ListItem","position":1,"name":"Trang ch\u1ee7","item":"https:\/\/chantampharma.com.vn\/en\/"},{"@type":"ListItem","position":2,"name":"S\u1ea3n Ph\u1ea9m","item":"https:\/\/chantampharma.com.vn\/san-pham\/"},{"@type":"ListItem","position":3,"name":"D\u1ea7u C\u00f9 L\u00e0 V\u00e0ng Con \u00d3 Eagle Brand 20g"}]},{"@type":"WebSite","@id":"https:\/\/chantampharma.com.vn\/#website","url":"https:\/\/chantampharma.com.vn\/","name":"Ch\u00e2n T\u00e2m Pharma","description":"","publisher":{"@id":"https:\/\/chantampharma.com.vn\/#organization"},"potentialAction":[{"@type":"SearchAction","target":{"@type":"EntryPoint","urlTemplate":"https:\/\/chantampharma.com.vn\/?s={search_term_string}"},"query-input":{"@type":"PropertyValueSpecification","valueRequired":true,"valueName":"search_term_string"}}],"inLanguage":"en-GB"},{"@type":"Organization","@id":"https:\/\/chantampharma.com.vn\/#organization","name":"Ch\u00e2n T\u00e2m Pharma","url":"https:\/\/chantampharma.com.vn\/","logo":{"@type":"ImageObject","inLanguage":"en-GB","@id":"https:\/\/chantampharma.com.vn\/#\/schema\/logo\/image\/","url":"https:\/\/chantampharma.com.vn\/wp-content\/uploads\/2025\/06\/cropped-fsd.png","contentUrl":"https:\/\/chantampharma.com.vn\/wp-content\/uploads\/2025\/06\/cropped-fsd.png","width":130,"height":34,"caption":"Ch\u00e2n T\u00e2m Pharma"},"image":{"@id":"https:\/\/chantampharma.com.vn\/#\/schema\/logo\/image\/"}}]}},"_links":{"self":[{"href":"https:\/\/chantampharma.com.vn\/en\/wp-json\/wp\/v2\/product\/6646","targetHints":{"allow":["GET"]}}],"collection":[{"href":"https:\/\/chantampharma.com.vn\/en\/wp-json\/wp\/v2\/product"}],"about":[{"href":"https:\/\/chantampharma.com.vn\/en\/wp-json\/wp\/v2\/types\/product"}],"author":[{"embeddable":true,"href":"https:\/\/chantampharma.com.vn\/en\/wp-json\/wp\/v2\/users\/2"}],"replies":[{"embeddable":true,"href":"https:\/\/chantampharma.com.vn\/en\/wp-json\/wp\/v2\/comments?post=6646"}],"version-history":[{"count":0,"href":"https:\/\/chantampharma.com.vn\/en\/wp-json\/wp\/v2\/product\/6646\/revisions"}],"wp:featuredmedia":[{"embeddable":true,"href":"https:\/\/chantampharma.com.vn\/en\/wp-json\/wp\/v2\/media\/4125"}],"wp:attachment":[{"href":"https:\/\/chantampharma.com.vn\/en\/wp-json\/wp\/v2\/media?parent=6646"}],"wp:term":[{"taxonomy":"product_category","embeddable":true,"href":"https:\/\/chantampharma.com.vn\/en\/wp-json\/wp\/v2\/product_category?post=6646"},{"taxonomy":"product_tag","embeddable":true,"href":"https:\/\/chantampharma.com.vn\/en\/wp-json\/wp\/v2\/product_tag?post=6646"},{"taxonomy":"product_producer","embeddable":true,"href":"https:\/\/chantampharma.com.vn\/en\/wp-json\/wp\/v2\/product_producer?post=6646"}],"curies":[{"name":"wp","href":"https:\/\/api.w.org\/{rel}","templated":true}]}}