{"id":6637,"date":"2025-07-25T04:37:06","date_gmt":"2025-07-25T04:37:06","guid":{"rendered":"https:\/\/chantampharma.com.vn\/san-pham\/fiesta-max-dotted\/"},"modified":"2026-05-11T02:33:16","modified_gmt":"2026-05-11T02:33:16","slug":"fiesta-max-dotted","status":"publish","type":"product","link":"https:\/\/chantampharma.com.vn\/en\/san-pham\/fiesta-max-dotted\/","title":{"rendered":"Bao Cao Su Fiesta Max Dotted"},"content":{"rendered":"<p>Bao Cao Su Fiesta Max Dotted thi\u1ebft k\u1ebf \u00f4m s\u00e1t v\u1edbi gai si\u00eau l\u1edbn d\u1ecdc th\u00e2n, k\u00edch th\u00edch m\u00e3nh li\u1ec7t t\u1eebng \u0111i\u1ec3m nh\u1ea1y c\u1ea3m v\u00e0 h\u01b0\u01a1ng hoa nh\u00e0i quy\u1ebfn r\u0169, tinh t\u1ebf, \u0111\u00e1nh th\u1ee9c m\u1ecdi gi\u00e1c quan, t\u1ea1o kh\u00f4ng gian y\u00eau n\u1ed3ng n\u00e0n, \u0111am m\u00ea, n\u00e2ng t\u1ea7m kho\u00e1i c\u1ea3m cho c\u1ea3 hai trong m\u1ed7i l\u1ea7n g\u1ea7n g\u0169i.<\/p>\n","protected":false},"excerpt":{"rendered":"<p>Fiesta Max Dotted thi\u1ebft k\u1ebf \u00f4m s\u00e1t v\u1edbi gai si\u00eau l\u1edbn d\u1ecdc th\u00e2n, k\u00edch th\u00edch m\u00e3nh li\u1ec7t t\u1eebng \u0111i\u1ec3m nh\u1ea1y c\u1ea3m v\u00e0 h\u01b0\u01a1ng hoa nh\u00e0i quy\u1ebfn r\u0169, tinh t\u1ebf, \u0111\u00e1nh th\u1ee9c m\u1ecdi gi\u00e1c quan, t\u1ea1o kh\u00f4ng gian y\u00eau n\u1ed3ng n\u00e0n, \u0111am m\u00ea, n\u00e2ng t\u1ea7m kho\u00e1i c\u1ea3m cho c\u1ea3 hai trong m\u1ed7i l\u1ea7n g\u1ea7n g\u0169i.<\/p>\n","protected":false},"author":4,"featured_media":6638,"parent":0,"menu_order":99,"comment_status":"closed","ping_status":"closed","template":"","meta":{"footnotes":""},"product_category":[300,301],"product_tag":[],"product_producer":[115],"class_list":["post-6637","product","type-product","status-publish","has-post-thumbnail","hentry","product_category-bao-cao-su-en","product_category-thiet-bi-y-te-en","product_producer-golden-choice-en"],"yoast_head":"<!-- This site is optimized with the Yoast SEO plugin v24.9 - https:\/\/yoast.com\/wordpress\/plugins\/seo\/ -->\n<title>Bao Cao Su Fiesta Max Dotted - Ch\u00e2n T\u00e2m Pharma<\/title>\n<meta name=\"description\" content=\"Fiesta Max Dotted thi\u1ebft k\u1ebf \u00f4m s\u00e1t v\u1edbi gai si\u00eau l\u1edbn d\u1ecdc th\u00e2n, k\u00edch th\u00edch m\u00e3nh li\u1ec7t t\u1eebng \u0111i\u1ec3m nh\u1ea1y c\u1ea3m v\u00e0 h\u01b0\u01a1ng hoa nh\u00e0i quy\u1ebfn r\u0169, tinh t\u1ebf, \u0111\u00e1nh th\u1ee9c m\u1ecdi gi\u00e1c quan, t\u1ea1o kh\u00f4ng gian y\u00eau n\u1ed3ng n\u00e0n, \u0111am m\u00ea, n\u00e2ng t\u1ea7m kho\u00e1i c\u1ea3m cho c\u1ea3 hai trong m\u1ed7i l\u1ea7n g\u1ea7n g\u0169i.\" \/>\n<meta name=\"robots\" content=\"index, follow, max-snippet:-1, max-image-preview:large, max-video-preview:-1\" \/>\n<link rel=\"canonical\" href=\"https:\/\/chantampharma.com.vn\/en\/san-pham\/fiesta-max-dotted\/\" \/>\n<meta property=\"og:locale\" content=\"en_GB\" \/>\n<meta property=\"og:type\" content=\"article\" \/>\n<meta property=\"og:title\" content=\"Bao Cao Su Fiesta Max Dotted - Ch\u00e2n T\u00e2m Pharma\" \/>\n<meta property=\"og:description\" content=\"Fiesta Max Dotted thi\u1ebft k\u1ebf \u00f4m s\u00e1t v\u1edbi gai si\u00eau l\u1edbn d\u1ecdc th\u00e2n, k\u00edch th\u00edch m\u00e3nh li\u1ec7t t\u1eebng \u0111i\u1ec3m nh\u1ea1y c\u1ea3m v\u00e0 h\u01b0\u01a1ng hoa nh\u00e0i quy\u1ebfn r\u0169, tinh t\u1ebf, \u0111\u00e1nh th\u1ee9c m\u1ecdi gi\u00e1c quan, t\u1ea1o kh\u00f4ng gian y\u00eau n\u1ed3ng n\u00e0n, \u0111am m\u00ea, n\u00e2ng t\u1ea7m kho\u00e1i c\u1ea3m cho c\u1ea3 hai trong m\u1ed7i l\u1ea7n g\u1ea7n g\u0169i.\" \/>\n<meta property=\"og:url\" content=\"https:\/\/chantampharma.com.vn\/en\/san-pham\/fiesta-max-dotted\/\" \/>\n<meta property=\"og:site_name\" content=\"Ch\u00e2n T\u00e2m Pharma\" \/>\n<meta property=\"article:modified_time\" content=\"2026-05-11T02:33:16+00:00\" \/>\n<meta property=\"og:image\" content=\"https:\/\/chantampharma.com.vn\/wp-content\/uploads\/2025\/07\/Fiesta-Max-Dotted-.png\" \/>\n\t<meta property=\"og:image:width\" content=\"600\" \/>\n\t<meta property=\"og:image:height\" content=\"600\" \/>\n\t<meta property=\"og:image:type\" content=\"image\/png\" \/>\n<meta name=\"twitter:card\" content=\"summary_large_image\" \/>\n<meta name=\"twitter:label1\" content=\"Estimated reading time\" \/>\n\t<meta name=\"twitter:data1\" content=\"1 minute\" \/>\n<script type=\"application\/ld+json\" class=\"yoast-schema-graph\">{\"@context\":\"https:\/\/schema.org\",\"@graph\":[{\"@type\":\"WebPage\",\"@id\":\"https:\/\/chantampharma.com.vn\/en\/san-pham\/fiesta-max-dotted\/\",\"url\":\"https:\/\/chantampharma.com.vn\/en\/san-pham\/fiesta-max-dotted\/\",\"name\":\"Bao Cao Su Fiesta Max Dotted - Ch\u00e2n T\u00e2m Pharma\",\"isPartOf\":{\"@id\":\"https:\/\/chantampharma.com.vn\/#website\"},\"primaryImageOfPage\":{\"@id\":\"https:\/\/chantampharma.com.vn\/en\/san-pham\/fiesta-max-dotted\/#primaryimage\"},\"image\":{\"@id\":\"https:\/\/chantampharma.com.vn\/en\/san-pham\/fiesta-max-dotted\/#primaryimage\"},\"thumbnailUrl\":\"https:\/\/chantampharma.com.vn\/wp-content\/uploads\/2025\/07\/Fiesta-Max-Dotted-.png\",\"datePublished\":\"2025-07-25T04:37:06+00:00\",\"dateModified\":\"2026-05-11T02:33:16+00:00\",\"description\":\"Fiesta Max Dotted thi\u1ebft k\u1ebf \u00f4m s\u00e1t v\u1edbi gai si\u00eau l\u1edbn d\u1ecdc th\u00e2n, k\u00edch th\u00edch m\u00e3nh li\u1ec7t t\u1eebng \u0111i\u1ec3m nh\u1ea1y c\u1ea3m v\u00e0 h\u01b0\u01a1ng hoa nh\u00e0i quy\u1ebfn r\u0169, tinh t\u1ebf, \u0111\u00e1nh th\u1ee9c m\u1ecdi gi\u00e1c quan, t\u1ea1o kh\u00f4ng gian y\u00eau n\u1ed3ng n\u00e0n, \u0111am m\u00ea, n\u00e2ng t\u1ea7m kho\u00e1i c\u1ea3m cho c\u1ea3 hai trong m\u1ed7i l\u1ea7n g\u1ea7n g\u0169i.\",\"breadcrumb\":{\"@id\":\"https:\/\/chantampharma.com.vn\/en\/san-pham\/fiesta-max-dotted\/#breadcrumb\"},\"inLanguage\":\"en-GB\",\"potentialAction\":[{\"@type\":\"ReadAction\",\"target\":[\"https:\/\/chantampharma.com.vn\/en\/san-pham\/fiesta-max-dotted\/\"]}]},{\"@type\":\"ImageObject\",\"inLanguage\":\"en-GB\",\"@id\":\"https:\/\/chantampharma.com.vn\/en\/san-pham\/fiesta-max-dotted\/#primaryimage\",\"url\":\"https:\/\/chantampharma.com.vn\/wp-content\/uploads\/2025\/07\/Fiesta-Max-Dotted-.png\",\"contentUrl\":\"https:\/\/chantampharma.com.vn\/wp-content\/uploads\/2025\/07\/Fiesta-Max-Dotted-.png\",\"width\":600,\"height\":600},{\"@type\":\"BreadcrumbList\",\"@id\":\"https:\/\/chantampharma.com.vn\/en\/san-pham\/fiesta-max-dotted\/#breadcrumb\",\"itemListElement\":[{\"@type\":\"ListItem\",\"position\":1,\"name\":\"Trang ch\u1ee7\",\"item\":\"https:\/\/chantampharma.com.vn\/en\/\"},{\"@type\":\"ListItem\",\"position\":2,\"name\":\"S\u1ea3n Ph\u1ea9m\",\"item\":\"https:\/\/chantampharma.com.vn\/san-pham\/\"},{\"@type\":\"ListItem\",\"position\":3,\"name\":\"Bao Cao Su Fiesta Max Dotted\"}]},{\"@type\":\"WebSite\",\"@id\":\"https:\/\/chantampharma.com.vn\/#website\",\"url\":\"https:\/\/chantampharma.com.vn\/\",\"name\":\"Ch\u00e2n T\u00e2m Pharma\",\"description\":\"\",\"publisher\":{\"@id\":\"https:\/\/chantampharma.com.vn\/#organization\"},\"potentialAction\":[{\"@type\":\"SearchAction\",\"target\":{\"@type\":\"EntryPoint\",\"urlTemplate\":\"https:\/\/chantampharma.com.vn\/?s={search_term_string}\"},\"query-input\":{\"@type\":\"PropertyValueSpecification\",\"valueRequired\":true,\"valueName\":\"search_term_string\"}}],\"inLanguage\":\"en-GB\"},{\"@type\":\"Organization\",\"@id\":\"https:\/\/chantampharma.com.vn\/#organization\",\"name\":\"Ch\u00e2n T\u00e2m Pharma\",\"url\":\"https:\/\/chantampharma.com.vn\/\",\"logo\":{\"@type\":\"ImageObject\",\"inLanguage\":\"en-GB\",\"@id\":\"https:\/\/chantampharma.com.vn\/#\/schema\/logo\/image\/\",\"url\":\"https:\/\/chantampharma.com.vn\/wp-content\/uploads\/2025\/06\/cropped-fsd.png\",\"contentUrl\":\"https:\/\/chantampharma.com.vn\/wp-content\/uploads\/2025\/06\/cropped-fsd.png\",\"width\":130,\"height\":34,\"caption\":\"Ch\u00e2n T\u00e2m Pharma\"},\"image\":{\"@id\":\"https:\/\/chantampharma.com.vn\/#\/schema\/logo\/image\/\"}}]}<\/script>\n<!-- \/ Yoast SEO plugin. -->","yoast_head_json":{"title":"Bao Cao Su Fiesta Max Dotted - Ch\u00e2n T\u00e2m Pharma","description":"Fiesta Max Dotted thi\u1ebft k\u1ebf \u00f4m s\u00e1t v\u1edbi gai si\u00eau l\u1edbn d\u1ecdc th\u00e2n, k\u00edch th\u00edch m\u00e3nh li\u1ec7t t\u1eebng \u0111i\u1ec3m nh\u1ea1y c\u1ea3m v\u00e0 h\u01b0\u01a1ng hoa nh\u00e0i quy\u1ebfn r\u0169, tinh t\u1ebf, \u0111\u00e1nh th\u1ee9c m\u1ecdi gi\u00e1c quan, t\u1ea1o kh\u00f4ng gian y\u00eau n\u1ed3ng n\u00e0n, \u0111am m\u00ea, n\u00e2ng t\u1ea7m kho\u00e1i c\u1ea3m cho c\u1ea3 hai trong m\u1ed7i l\u1ea7n g\u1ea7n g\u0169i.","robots":{"index":"index","follow":"follow","max-snippet":"max-snippet:-1","max-image-preview":"max-image-preview:large","max-video-preview":"max-video-preview:-1"},"canonical":"https:\/\/chantampharma.com.vn\/en\/san-pham\/fiesta-max-dotted\/","og_locale":"en_GB","og_type":"article","og_title":"Bao Cao Su Fiesta Max Dotted - Ch\u00e2n T\u00e2m Pharma","og_description":"Fiesta Max Dotted thi\u1ebft k\u1ebf \u00f4m s\u00e1t v\u1edbi gai si\u00eau l\u1edbn d\u1ecdc th\u00e2n, k\u00edch th\u00edch m\u00e3nh li\u1ec7t t\u1eebng \u0111i\u1ec3m nh\u1ea1y c\u1ea3m v\u00e0 h\u01b0\u01a1ng hoa nh\u00e0i quy\u1ebfn r\u0169, tinh t\u1ebf, \u0111\u00e1nh th\u1ee9c m\u1ecdi gi\u00e1c quan, t\u1ea1o kh\u00f4ng gian y\u00eau n\u1ed3ng n\u00e0n, \u0111am m\u00ea, n\u00e2ng t\u1ea7m kho\u00e1i c\u1ea3m cho c\u1ea3 hai trong m\u1ed7i l\u1ea7n g\u1ea7n g\u0169i.","og_url":"https:\/\/chantampharma.com.vn\/en\/san-pham\/fiesta-max-dotted\/","og_site_name":"Ch\u00e2n T\u00e2m Pharma","article_modified_time":"2026-05-11T02:33:16+00:00","og_image":[{"width":600,"height":600,"url":"https:\/\/chantampharma.com.vn\/wp-content\/uploads\/2025\/07\/Fiesta-Max-Dotted-.png","type":"image\/png"}],"twitter_card":"summary_large_image","twitter_misc":{"Estimated reading time":"1 minute"},"schema":{"@context":"https:\/\/schema.org","@graph":[{"@type":"WebPage","@id":"https:\/\/chantampharma.com.vn\/en\/san-pham\/fiesta-max-dotted\/","url":"https:\/\/chantampharma.com.vn\/en\/san-pham\/fiesta-max-dotted\/","name":"Bao Cao Su Fiesta Max Dotted - Ch\u00e2n T\u00e2m Pharma","isPartOf":{"@id":"https:\/\/chantampharma.com.vn\/#website"},"primaryImageOfPage":{"@id":"https:\/\/chantampharma.com.vn\/en\/san-pham\/fiesta-max-dotted\/#primaryimage"},"image":{"@id":"https:\/\/chantampharma.com.vn\/en\/san-pham\/fiesta-max-dotted\/#primaryimage"},"thumbnailUrl":"https:\/\/chantampharma.com.vn\/wp-content\/uploads\/2025\/07\/Fiesta-Max-Dotted-.png","datePublished":"2025-07-25T04:37:06+00:00","dateModified":"2026-05-11T02:33:16+00:00","description":"Fiesta Max Dotted thi\u1ebft k\u1ebf \u00f4m s\u00e1t v\u1edbi gai si\u00eau l\u1edbn d\u1ecdc th\u00e2n, k\u00edch th\u00edch m\u00e3nh li\u1ec7t t\u1eebng \u0111i\u1ec3m nh\u1ea1y c\u1ea3m v\u00e0 h\u01b0\u01a1ng hoa nh\u00e0i quy\u1ebfn r\u0169, tinh t\u1ebf, \u0111\u00e1nh th\u1ee9c m\u1ecdi gi\u00e1c quan, t\u1ea1o kh\u00f4ng gian y\u00eau n\u1ed3ng n\u00e0n, \u0111am m\u00ea, n\u00e2ng t\u1ea7m kho\u00e1i c\u1ea3m cho c\u1ea3 hai trong m\u1ed7i l\u1ea7n g\u1ea7n g\u0169i.","breadcrumb":{"@id":"https:\/\/chantampharma.com.vn\/en\/san-pham\/fiesta-max-dotted\/#breadcrumb"},"inLanguage":"en-GB","potentialAction":[{"@type":"ReadAction","target":["https:\/\/chantampharma.com.vn\/en\/san-pham\/fiesta-max-dotted\/"]}]},{"@type":"ImageObject","inLanguage":"en-GB","@id":"https:\/\/chantampharma.com.vn\/en\/san-pham\/fiesta-max-dotted\/#primaryimage","url":"https:\/\/chantampharma.com.vn\/wp-content\/uploads\/2025\/07\/Fiesta-Max-Dotted-.png","contentUrl":"https:\/\/chantampharma.com.vn\/wp-content\/uploads\/2025\/07\/Fiesta-Max-Dotted-.png","width":600,"height":600},{"@type":"BreadcrumbList","@id":"https:\/\/chantampharma.com.vn\/en\/san-pham\/fiesta-max-dotted\/#breadcrumb","itemListElement":[{"@type":"ListItem","position":1,"name":"Trang ch\u1ee7","item":"https:\/\/chantampharma.com.vn\/en\/"},{"@type":"ListItem","position":2,"name":"S\u1ea3n Ph\u1ea9m","item":"https:\/\/chantampharma.com.vn\/san-pham\/"},{"@type":"ListItem","position":3,"name":"Bao Cao Su Fiesta Max Dotted"}]},{"@type":"WebSite","@id":"https:\/\/chantampharma.com.vn\/#website","url":"https:\/\/chantampharma.com.vn\/","name":"Ch\u00e2n T\u00e2m Pharma","description":"","publisher":{"@id":"https:\/\/chantampharma.com.vn\/#organization"},"potentialAction":[{"@type":"SearchAction","target":{"@type":"EntryPoint","urlTemplate":"https:\/\/chantampharma.com.vn\/?s={search_term_string}"},"query-input":{"@type":"PropertyValueSpecification","valueRequired":true,"valueName":"search_term_string"}}],"inLanguage":"en-GB"},{"@type":"Organization","@id":"https:\/\/chantampharma.com.vn\/#organization","name":"Ch\u00e2n T\u00e2m Pharma","url":"https:\/\/chantampharma.com.vn\/","logo":{"@type":"ImageObject","inLanguage":"en-GB","@id":"https:\/\/chantampharma.com.vn\/#\/schema\/logo\/image\/","url":"https:\/\/chantampharma.com.vn\/wp-content\/uploads\/2025\/06\/cropped-fsd.png","contentUrl":"https:\/\/chantampharma.com.vn\/wp-content\/uploads\/2025\/06\/cropped-fsd.png","width":130,"height":34,"caption":"Ch\u00e2n T\u00e2m Pharma"},"image":{"@id":"https:\/\/chantampharma.com.vn\/#\/schema\/logo\/image\/"}}]}},"_links":{"self":[{"href":"https:\/\/chantampharma.com.vn\/en\/wp-json\/wp\/v2\/product\/6637","targetHints":{"allow":["GET"]}}],"collection":[{"href":"https:\/\/chantampharma.com.vn\/en\/wp-json\/wp\/v2\/product"}],"about":[{"href":"https:\/\/chantampharma.com.vn\/en\/wp-json\/wp\/v2\/types\/product"}],"author":[{"embeddable":true,"href":"https:\/\/chantampharma.com.vn\/en\/wp-json\/wp\/v2\/users\/4"}],"replies":[{"embeddable":true,"href":"https:\/\/chantampharma.com.vn\/en\/wp-json\/wp\/v2\/comments?post=6637"}],"version-history":[{"count":2,"href":"https:\/\/chantampharma.com.vn\/en\/wp-json\/wp\/v2\/product\/6637\/revisions"}],"predecessor-version":[{"id":7698,"href":"https:\/\/chantampharma.com.vn\/en\/wp-json\/wp\/v2\/product\/6637\/revisions\/7698"}],"wp:featuredmedia":[{"embeddable":true,"href":"https:\/\/chantampharma.com.vn\/en\/wp-json\/wp\/v2\/media\/6638"}],"wp:attachment":[{"href":"https:\/\/chantampharma.com.vn\/en\/wp-json\/wp\/v2\/media?parent=6637"}],"wp:term":[{"taxonomy":"product_category","embeddable":true,"href":"https:\/\/chantampharma.com.vn\/en\/wp-json\/wp\/v2\/product_category?post=6637"},{"taxonomy":"product_tag","embeddable":true,"href":"https:\/\/chantampharma.com.vn\/en\/wp-json\/wp\/v2\/product_tag?post=6637"},{"taxonomy":"product_producer","embeddable":true,"href":"https:\/\/chantampharma.com.vn\/en\/wp-json\/wp\/v2\/product_producer?post=6637"}],"curies":[{"name":"wp","href":"https:\/\/api.w.org\/{rel}","templated":true}]}}