{"id":6634,"date":"2025-07-25T04:48:11","date_gmt":"2025-07-25T04:48:11","guid":{"rendered":"https:\/\/chantampharma.com.vn\/san-pham\/bao-cao-su-fiesta-ultra-thin\/"},"modified":"2026-05-11T02:31:49","modified_gmt":"2026-05-11T02:31:49","slug":"bao-cao-su-fiesta-ultra-thin","status":"publish","type":"product","link":"https:\/\/chantampharma.com.vn\/en\/san-pham\/bao-cao-su-fiesta-ultra-thin\/","title":{"rendered":"Bao Cao Su Fiesta Ultra Thin"},"content":{"rendered":"<p>Fiesta Ultra Thin v\u1edbi thi\u1ebft k\u1ebf si\u00eau m\u1ecfng ch\u1ec9 0.005 mm, l\u00e0m t\u1eeb 100% latex thi\u00ean nhi\u00ean mang \u0111\u1ebfn c\u1ea3m gi\u00e1c g\u1ea7n g\u0169i nh\u01b0 da ch\u1ea1m da. M\u1ec1m m\u1ea1i, nh\u1eb9 nh\u00e0ng v\u00e0 an to\u00e0n tuy\u1ec7t \u0111\u1ed1i, gi\u00fap b\u1ea1n t\u1eadn h\u01b0\u1edfng tr\u1ecdn v\u1eb9n t\u1eebng kho\u1ea3nh kh\u1eafc \u0111\u1ea7y \u0111am m\u00ea v\u00e0 ch\u00e2n th\u1eadt nh\u1ea5t.<\/p>\n","protected":false},"excerpt":{"rendered":"<p>Fiesta Ultra Thin v\u1edbi thi\u1ebft k\u1ebf si\u00eau m\u1ecfng ch\u1ec9 0.005 mm, l\u00e0m t\u1eeb 100% latex thi\u00ean nhi\u00ean mang \u0111\u1ebfn c\u1ea3m gi\u00e1c g\u1ea7n g\u0169i nh\u01b0 da ch\u1ea1m da. M\u1ec1m m\u1ea1i, nh\u1eb9 nh\u00e0ng v\u00e0 an to\u00e0n tuy\u1ec7t \u0111\u1ed1i, gi\u00fap b\u1ea1n t\u1eadn h\u01b0\u1edfng tr\u1ecdn v\u1eb9n t\u1eebng kho\u1ea3nh kh\u1eafc \u0111\u1ea7y \u0111am m\u00ea v\u00e0 ch\u00e2n th\u1eadt nh\u1ea5t.<\/p>\n","protected":false},"author":4,"featured_media":6636,"parent":0,"menu_order":96,"comment_status":"closed","ping_status":"closed","template":"","meta":{"footnotes":""},"product_category":[300,301],"product_tag":[],"product_producer":[115],"class_list":["post-6634","product","type-product","status-publish","has-post-thumbnail","hentry","product_category-bao-cao-su-en","product_category-thiet-bi-y-te-en","product_producer-golden-choice-en"],"yoast_head":"<!-- This site is optimized with the Yoast SEO plugin v24.9 - https:\/\/yoast.com\/wordpress\/plugins\/seo\/ -->\n<title>Bao Cao Su Fiesta Ultra Thin - Ch\u00e2n T\u00e2m Pharma<\/title>\n<meta name=\"description\" content=\"Fiesta Ultra Thin v\u1edbi thi\u1ebft k\u1ebf si\u00eau m\u1ecfng ch\u1ec9 0.005 mm, l\u00e0m t\u1eeb 100% latex thi\u00ean nhi\u00ean mang \u0111\u1ebfn c\u1ea3m gi\u00e1c g\u1ea7n g\u0169i nh\u01b0 da ch\u1ea1m da. M\u1ec1m m\u1ea1i, nh\u1eb9 nh\u00e0ng v\u00e0 an to\u00e0n tuy\u1ec7t \u0111\u1ed1i, gi\u00fap b\u1ea1n t\u1eadn h\u01b0\u1edfng tr\u1ecdn v\u1eb9n t\u1eebng kho\u1ea3nh kh\u1eafc \u0111\u1ea7y \u0111am m\u00ea v\u00e0 ch\u00e2n th\u1eadt nh\u1ea5t.\" \/>\n<meta name=\"robots\" content=\"index, follow, max-snippet:-1, max-image-preview:large, max-video-preview:-1\" \/>\n<link rel=\"canonical\" href=\"https:\/\/chantampharma.com.vn\/en\/san-pham\/bao-cao-su-fiesta-ultra-thin\/\" \/>\n<meta property=\"og:locale\" content=\"en_GB\" \/>\n<meta property=\"og:type\" content=\"article\" \/>\n<meta property=\"og:title\" content=\"Bao Cao Su Fiesta Ultra Thin - Ch\u00e2n T\u00e2m Pharma\" \/>\n<meta property=\"og:description\" content=\"Fiesta Ultra Thin v\u1edbi thi\u1ebft k\u1ebf si\u00eau m\u1ecfng ch\u1ec9 0.005 mm, l\u00e0m t\u1eeb 100% latex thi\u00ean nhi\u00ean mang \u0111\u1ebfn c\u1ea3m gi\u00e1c g\u1ea7n g\u0169i nh\u01b0 da ch\u1ea1m da. M\u1ec1m m\u1ea1i, nh\u1eb9 nh\u00e0ng v\u00e0 an to\u00e0n tuy\u1ec7t \u0111\u1ed1i, gi\u00fap b\u1ea1n t\u1eadn h\u01b0\u1edfng tr\u1ecdn v\u1eb9n t\u1eebng kho\u1ea3nh kh\u1eafc \u0111\u1ea7y \u0111am m\u00ea v\u00e0 ch\u00e2n th\u1eadt nh\u1ea5t.\" \/>\n<meta property=\"og:url\" content=\"https:\/\/chantampharma.com.vn\/en\/san-pham\/bao-cao-su-fiesta-ultra-thin\/\" \/>\n<meta property=\"og:site_name\" content=\"Ch\u00e2n T\u00e2m Pharma\" \/>\n<meta property=\"article:modified_time\" content=\"2026-05-11T02:31:49+00:00\" \/>\n<meta property=\"og:image\" content=\"https:\/\/chantampharma.com.vn\/wp-content\/uploads\/2025\/07\/Fiesta-Ultra-Thin.png\" \/>\n\t<meta property=\"og:image:width\" content=\"600\" \/>\n\t<meta property=\"og:image:height\" content=\"600\" \/>\n\t<meta property=\"og:image:type\" content=\"image\/png\" \/>\n<meta name=\"twitter:card\" content=\"summary_large_image\" \/>\n<meta name=\"twitter:label1\" content=\"Estimated reading time\" \/>\n\t<meta name=\"twitter:data1\" content=\"1 minute\" \/>\n<script type=\"application\/ld+json\" class=\"yoast-schema-graph\">{\"@context\":\"https:\/\/schema.org\",\"@graph\":[{\"@type\":\"WebPage\",\"@id\":\"https:\/\/chantampharma.com.vn\/en\/san-pham\/bao-cao-su-fiesta-ultra-thin\/\",\"url\":\"https:\/\/chantampharma.com.vn\/en\/san-pham\/bao-cao-su-fiesta-ultra-thin\/\",\"name\":\"Bao Cao Su Fiesta Ultra Thin - Ch\u00e2n T\u00e2m Pharma\",\"isPartOf\":{\"@id\":\"https:\/\/chantampharma.com.vn\/#website\"},\"primaryImageOfPage\":{\"@id\":\"https:\/\/chantampharma.com.vn\/en\/san-pham\/bao-cao-su-fiesta-ultra-thin\/#primaryimage\"},\"image\":{\"@id\":\"https:\/\/chantampharma.com.vn\/en\/san-pham\/bao-cao-su-fiesta-ultra-thin\/#primaryimage\"},\"thumbnailUrl\":\"https:\/\/chantampharma.com.vn\/wp-content\/uploads\/2025\/07\/Fiesta-Ultra-Thin.png\",\"datePublished\":\"2025-07-25T04:48:11+00:00\",\"dateModified\":\"2026-05-11T02:31:49+00:00\",\"description\":\"Fiesta Ultra Thin v\u1edbi thi\u1ebft k\u1ebf si\u00eau m\u1ecfng ch\u1ec9 0.005 mm, l\u00e0m t\u1eeb 100% latex thi\u00ean nhi\u00ean mang \u0111\u1ebfn c\u1ea3m gi\u00e1c g\u1ea7n g\u0169i nh\u01b0 da ch\u1ea1m da. M\u1ec1m m\u1ea1i, nh\u1eb9 nh\u00e0ng v\u00e0 an to\u00e0n tuy\u1ec7t \u0111\u1ed1i, gi\u00fap b\u1ea1n t\u1eadn h\u01b0\u1edfng tr\u1ecdn v\u1eb9n t\u1eebng kho\u1ea3nh kh\u1eafc \u0111\u1ea7y \u0111am m\u00ea v\u00e0 ch\u00e2n th\u1eadt nh\u1ea5t.\",\"breadcrumb\":{\"@id\":\"https:\/\/chantampharma.com.vn\/en\/san-pham\/bao-cao-su-fiesta-ultra-thin\/#breadcrumb\"},\"inLanguage\":\"en-GB\",\"potentialAction\":[{\"@type\":\"ReadAction\",\"target\":[\"https:\/\/chantampharma.com.vn\/en\/san-pham\/bao-cao-su-fiesta-ultra-thin\/\"]}]},{\"@type\":\"ImageObject\",\"inLanguage\":\"en-GB\",\"@id\":\"https:\/\/chantampharma.com.vn\/en\/san-pham\/bao-cao-su-fiesta-ultra-thin\/#primaryimage\",\"url\":\"https:\/\/chantampharma.com.vn\/wp-content\/uploads\/2025\/07\/Fiesta-Ultra-Thin.png\",\"contentUrl\":\"https:\/\/chantampharma.com.vn\/wp-content\/uploads\/2025\/07\/Fiesta-Ultra-Thin.png\",\"width\":600,\"height\":600},{\"@type\":\"BreadcrumbList\",\"@id\":\"https:\/\/chantampharma.com.vn\/en\/san-pham\/bao-cao-su-fiesta-ultra-thin\/#breadcrumb\",\"itemListElement\":[{\"@type\":\"ListItem\",\"position\":1,\"name\":\"Trang ch\u1ee7\",\"item\":\"https:\/\/chantampharma.com.vn\/en\/\"},{\"@type\":\"ListItem\",\"position\":2,\"name\":\"S\u1ea3n Ph\u1ea9m\",\"item\":\"https:\/\/chantampharma.com.vn\/san-pham\/\"},{\"@type\":\"ListItem\",\"position\":3,\"name\":\"Bao Cao Su Fiesta Ultra Thin\"}]},{\"@type\":\"WebSite\",\"@id\":\"https:\/\/chantampharma.com.vn\/#website\",\"url\":\"https:\/\/chantampharma.com.vn\/\",\"name\":\"Ch\u00e2n T\u00e2m Pharma\",\"description\":\"\",\"publisher\":{\"@id\":\"https:\/\/chantampharma.com.vn\/#organization\"},\"potentialAction\":[{\"@type\":\"SearchAction\",\"target\":{\"@type\":\"EntryPoint\",\"urlTemplate\":\"https:\/\/chantampharma.com.vn\/?s={search_term_string}\"},\"query-input\":{\"@type\":\"PropertyValueSpecification\",\"valueRequired\":true,\"valueName\":\"search_term_string\"}}],\"inLanguage\":\"en-GB\"},{\"@type\":\"Organization\",\"@id\":\"https:\/\/chantampharma.com.vn\/#organization\",\"name\":\"Ch\u00e2n T\u00e2m Pharma\",\"url\":\"https:\/\/chantampharma.com.vn\/\",\"logo\":{\"@type\":\"ImageObject\",\"inLanguage\":\"en-GB\",\"@id\":\"https:\/\/chantampharma.com.vn\/#\/schema\/logo\/image\/\",\"url\":\"https:\/\/chantampharma.com.vn\/wp-content\/uploads\/2025\/06\/cropped-fsd.png\",\"contentUrl\":\"https:\/\/chantampharma.com.vn\/wp-content\/uploads\/2025\/06\/cropped-fsd.png\",\"width\":130,\"height\":34,\"caption\":\"Ch\u00e2n T\u00e2m Pharma\"},\"image\":{\"@id\":\"https:\/\/chantampharma.com.vn\/#\/schema\/logo\/image\/\"}}]}<\/script>\n<!-- \/ Yoast SEO plugin. -->","yoast_head_json":{"title":"Bao Cao Su Fiesta Ultra Thin - Ch\u00e2n T\u00e2m Pharma","description":"Fiesta Ultra Thin v\u1edbi thi\u1ebft k\u1ebf si\u00eau m\u1ecfng ch\u1ec9 0.005 mm, l\u00e0m t\u1eeb 100% latex thi\u00ean nhi\u00ean mang \u0111\u1ebfn c\u1ea3m gi\u00e1c g\u1ea7n g\u0169i nh\u01b0 da ch\u1ea1m da. M\u1ec1m m\u1ea1i, nh\u1eb9 nh\u00e0ng v\u00e0 an to\u00e0n tuy\u1ec7t \u0111\u1ed1i, gi\u00fap b\u1ea1n t\u1eadn h\u01b0\u1edfng tr\u1ecdn v\u1eb9n t\u1eebng kho\u1ea3nh kh\u1eafc \u0111\u1ea7y \u0111am m\u00ea v\u00e0 ch\u00e2n th\u1eadt nh\u1ea5t.","robots":{"index":"index","follow":"follow","max-snippet":"max-snippet:-1","max-image-preview":"max-image-preview:large","max-video-preview":"max-video-preview:-1"},"canonical":"https:\/\/chantampharma.com.vn\/en\/san-pham\/bao-cao-su-fiesta-ultra-thin\/","og_locale":"en_GB","og_type":"article","og_title":"Bao Cao Su Fiesta Ultra Thin - Ch\u00e2n T\u00e2m Pharma","og_description":"Fiesta Ultra Thin v\u1edbi thi\u1ebft k\u1ebf si\u00eau m\u1ecfng ch\u1ec9 0.005 mm, l\u00e0m t\u1eeb 100% latex thi\u00ean nhi\u00ean mang \u0111\u1ebfn c\u1ea3m gi\u00e1c g\u1ea7n g\u0169i nh\u01b0 da ch\u1ea1m da. M\u1ec1m m\u1ea1i, nh\u1eb9 nh\u00e0ng v\u00e0 an to\u00e0n tuy\u1ec7t \u0111\u1ed1i, gi\u00fap b\u1ea1n t\u1eadn h\u01b0\u1edfng tr\u1ecdn v\u1eb9n t\u1eebng kho\u1ea3nh kh\u1eafc \u0111\u1ea7y \u0111am m\u00ea v\u00e0 ch\u00e2n th\u1eadt nh\u1ea5t.","og_url":"https:\/\/chantampharma.com.vn\/en\/san-pham\/bao-cao-su-fiesta-ultra-thin\/","og_site_name":"Ch\u00e2n T\u00e2m Pharma","article_modified_time":"2026-05-11T02:31:49+00:00","og_image":[{"width":600,"height":600,"url":"https:\/\/chantampharma.com.vn\/wp-content\/uploads\/2025\/07\/Fiesta-Ultra-Thin.png","type":"image\/png"}],"twitter_card":"summary_large_image","twitter_misc":{"Estimated reading time":"1 minute"},"schema":{"@context":"https:\/\/schema.org","@graph":[{"@type":"WebPage","@id":"https:\/\/chantampharma.com.vn\/en\/san-pham\/bao-cao-su-fiesta-ultra-thin\/","url":"https:\/\/chantampharma.com.vn\/en\/san-pham\/bao-cao-su-fiesta-ultra-thin\/","name":"Bao Cao Su Fiesta Ultra Thin - Ch\u00e2n T\u00e2m Pharma","isPartOf":{"@id":"https:\/\/chantampharma.com.vn\/#website"},"primaryImageOfPage":{"@id":"https:\/\/chantampharma.com.vn\/en\/san-pham\/bao-cao-su-fiesta-ultra-thin\/#primaryimage"},"image":{"@id":"https:\/\/chantampharma.com.vn\/en\/san-pham\/bao-cao-su-fiesta-ultra-thin\/#primaryimage"},"thumbnailUrl":"https:\/\/chantampharma.com.vn\/wp-content\/uploads\/2025\/07\/Fiesta-Ultra-Thin.png","datePublished":"2025-07-25T04:48:11+00:00","dateModified":"2026-05-11T02:31:49+00:00","description":"Fiesta Ultra Thin v\u1edbi thi\u1ebft k\u1ebf si\u00eau m\u1ecfng ch\u1ec9 0.005 mm, l\u00e0m t\u1eeb 100% latex thi\u00ean nhi\u00ean mang \u0111\u1ebfn c\u1ea3m gi\u00e1c g\u1ea7n g\u0169i nh\u01b0 da ch\u1ea1m da. M\u1ec1m m\u1ea1i, nh\u1eb9 nh\u00e0ng v\u00e0 an to\u00e0n tuy\u1ec7t \u0111\u1ed1i, gi\u00fap b\u1ea1n t\u1eadn h\u01b0\u1edfng tr\u1ecdn v\u1eb9n t\u1eebng kho\u1ea3nh kh\u1eafc \u0111\u1ea7y \u0111am m\u00ea v\u00e0 ch\u00e2n th\u1eadt nh\u1ea5t.","breadcrumb":{"@id":"https:\/\/chantampharma.com.vn\/en\/san-pham\/bao-cao-su-fiesta-ultra-thin\/#breadcrumb"},"inLanguage":"en-GB","potentialAction":[{"@type":"ReadAction","target":["https:\/\/chantampharma.com.vn\/en\/san-pham\/bao-cao-su-fiesta-ultra-thin\/"]}]},{"@type":"ImageObject","inLanguage":"en-GB","@id":"https:\/\/chantampharma.com.vn\/en\/san-pham\/bao-cao-su-fiesta-ultra-thin\/#primaryimage","url":"https:\/\/chantampharma.com.vn\/wp-content\/uploads\/2025\/07\/Fiesta-Ultra-Thin.png","contentUrl":"https:\/\/chantampharma.com.vn\/wp-content\/uploads\/2025\/07\/Fiesta-Ultra-Thin.png","width":600,"height":600},{"@type":"BreadcrumbList","@id":"https:\/\/chantampharma.com.vn\/en\/san-pham\/bao-cao-su-fiesta-ultra-thin\/#breadcrumb","itemListElement":[{"@type":"ListItem","position":1,"name":"Trang ch\u1ee7","item":"https:\/\/chantampharma.com.vn\/en\/"},{"@type":"ListItem","position":2,"name":"S\u1ea3n Ph\u1ea9m","item":"https:\/\/chantampharma.com.vn\/san-pham\/"},{"@type":"ListItem","position":3,"name":"Bao Cao Su Fiesta Ultra Thin"}]},{"@type":"WebSite","@id":"https:\/\/chantampharma.com.vn\/#website","url":"https:\/\/chantampharma.com.vn\/","name":"Ch\u00e2n T\u00e2m Pharma","description":"","publisher":{"@id":"https:\/\/chantampharma.com.vn\/#organization"},"potentialAction":[{"@type":"SearchAction","target":{"@type":"EntryPoint","urlTemplate":"https:\/\/chantampharma.com.vn\/?s={search_term_string}"},"query-input":{"@type":"PropertyValueSpecification","valueRequired":true,"valueName":"search_term_string"}}],"inLanguage":"en-GB"},{"@type":"Organization","@id":"https:\/\/chantampharma.com.vn\/#organization","name":"Ch\u00e2n T\u00e2m Pharma","url":"https:\/\/chantampharma.com.vn\/","logo":{"@type":"ImageObject","inLanguage":"en-GB","@id":"https:\/\/chantampharma.com.vn\/#\/schema\/logo\/image\/","url":"https:\/\/chantampharma.com.vn\/wp-content\/uploads\/2025\/06\/cropped-fsd.png","contentUrl":"https:\/\/chantampharma.com.vn\/wp-content\/uploads\/2025\/06\/cropped-fsd.png","width":130,"height":34,"caption":"Ch\u00e2n T\u00e2m Pharma"},"image":{"@id":"https:\/\/chantampharma.com.vn\/#\/schema\/logo\/image\/"}}]}},"_links":{"self":[{"href":"https:\/\/chantampharma.com.vn\/en\/wp-json\/wp\/v2\/product\/6634","targetHints":{"allow":["GET"]}}],"collection":[{"href":"https:\/\/chantampharma.com.vn\/en\/wp-json\/wp\/v2\/product"}],"about":[{"href":"https:\/\/chantampharma.com.vn\/en\/wp-json\/wp\/v2\/types\/product"}],"author":[{"embeddable":true,"href":"https:\/\/chantampharma.com.vn\/en\/wp-json\/wp\/v2\/users\/4"}],"replies":[{"embeddable":true,"href":"https:\/\/chantampharma.com.vn\/en\/wp-json\/wp\/v2\/comments?post=6634"}],"version-history":[{"count":1,"href":"https:\/\/chantampharma.com.vn\/en\/wp-json\/wp\/v2\/product\/6634\/revisions"}],"predecessor-version":[{"id":7697,"href":"https:\/\/chantampharma.com.vn\/en\/wp-json\/wp\/v2\/product\/6634\/revisions\/7697"}],"wp:featuredmedia":[{"embeddable":true,"href":"https:\/\/chantampharma.com.vn\/en\/wp-json\/wp\/v2\/media\/6636"}],"wp:attachment":[{"href":"https:\/\/chantampharma.com.vn\/en\/wp-json\/wp\/v2\/media?parent=6634"}],"wp:term":[{"taxonomy":"product_category","embeddable":true,"href":"https:\/\/chantampharma.com.vn\/en\/wp-json\/wp\/v2\/product_category?post=6634"},{"taxonomy":"product_tag","embeddable":true,"href":"https:\/\/chantampharma.com.vn\/en\/wp-json\/wp\/v2\/product_tag?post=6634"},{"taxonomy":"product_producer","embeddable":true,"href":"https:\/\/chantampharma.com.vn\/en\/wp-json\/wp\/v2\/product_producer?post=6634"}],"curies":[{"name":"wp","href":"https:\/\/api.w.org\/{rel}","templated":true}]}}