{"id":6630,"date":"2025-07-25T07:45:00","date_gmt":"2025-07-25T07:45:00","guid":{"rendered":"https:\/\/chantampharma.com.vn\/san-pham\/fiesta-intim-natural-gel\/"},"modified":"2026-05-11T02:38:46","modified_gmt":"2026-05-11T02:38:46","slug":"fiesta-intim-natural-gel","status":"publish","type":"product","link":"https:\/\/chantampharma.com.vn\/en\/san-pham\/fiesta-intim-natural-gel\/","title":{"rendered":"Fiesta Intim Natural Gel"},"content":{"rendered":"<p>Fiesta Intim Natural Gel l\u00e0 d\u00f2ng gel b\u00f4i tr\u01a1n g\u1ed1c n\u01b0\u1edbc v\u1edbi c\u00f4ng th\u1ee9c d\u1ecbu nh\u1eb9, ph\u00f9 h\u1ee3p cho c\u1ea3 nh\u1eefng l\u00e0n da nh\u1ea1y c\u1ea3m nh\u1ea5t. V\u1edbi k\u1ebft c\u1ea5u m\u1ecfng nh\u1eb9, kh\u00f4ng b\u1ebft d\u00ednh, s\u1ea3n ph\u1ea9m gi\u00fap gi\u1ea3m t\u1ed1i \u0111a ma s\u00e1t, mang l\u1ea1i c\u1ea3m gi\u00e1c tho\u1ea3i m\u00e1i v\u00e0 t\u1ef1 nhi\u00ean trong m\u1ed7i cu\u1ed9c y\u00eau.<\/p>\n","protected":false},"excerpt":{"rendered":"<p>Fiesta Intim Natural Gel l\u00e0 d\u00f2ng gel b\u00f4i tr\u01a1n g\u1ed1c n\u01b0\u1edbc v\u1edbi c\u00f4ng th\u1ee9c d\u1ecbu nh\u1eb9, ph\u00f9 h\u1ee3p cho c\u1ea3 nh\u1eefng l\u00e0n da nh\u1ea1y c\u1ea3m nh\u1ea5t. V\u1edbi k\u1ebft c\u1ea5u m\u1ecfng nh\u1eb9, kh\u00f4ng b\u1ebft d\u00ednh, s\u1ea3n ph\u1ea9m gi\u00fap gi\u1ea3m t\u1ed1i \u0111a ma s\u00e1t, mang l\u1ea1i c\u1ea3m gi\u00e1c tho\u1ea3i m\u00e1i v\u00e0 t\u1ef1 nhi\u00ean trong m\u1ed7i cu\u1ed9c y\u00eau.<\/p>\n","protected":false},"author":4,"featured_media":6631,"parent":0,"menu_order":93,"comment_status":"closed","ping_status":"closed","template":"","meta":{"footnotes":""},"product_category":[303,301],"product_tag":[],"product_producer":[115],"class_list":["post-6630","product","type-product","status-publish","has-post-thumbnail","hentry","product_category-gel-boi-tron-en","product_category-thiet-bi-y-te-en","product_producer-golden-choice-en"],"yoast_head":"<!-- This site is optimized with the Yoast SEO plugin v24.9 - https:\/\/yoast.com\/wordpress\/plugins\/seo\/ -->\n<title>Fiesta Intim Natural Gel - Ch\u00e2n T\u00e2m Pharma<\/title>\n<meta name=\"description\" content=\"Fiesta Intim Natural Gel l\u00e0 d\u00f2ng gel b\u00f4i tr\u01a1n g\u1ed1c n\u01b0\u1edbc v\u1edbi c\u00f4ng th\u1ee9c d\u1ecbu nh\u1eb9, ph\u00f9 h\u1ee3p cho c\u1ea3 nh\u1eefng l\u00e0n da nh\u1ea1y c\u1ea3m nh\u1ea5t. V\u1edbi k\u1ebft c\u1ea5u m\u1ecfng nh\u1eb9, kh\u00f4ng b\u1ebft d\u00ednh, s\u1ea3n ph\u1ea9m gi\u00fap gi\u1ea3m t\u1ed1i \u0111a ma s\u00e1t, mang l\u1ea1i c\u1ea3m gi\u00e1c tho\u1ea3i m\u00e1i v\u00e0 t\u1ef1 nhi\u00ean trong m\u1ed7i cu\u1ed9c y\u00eau.\" \/>\n<meta name=\"robots\" content=\"index, follow, max-snippet:-1, max-image-preview:large, max-video-preview:-1\" \/>\n<link rel=\"canonical\" href=\"https:\/\/chantampharma.com.vn\/en\/san-pham\/fiesta-intim-natural-gel\/\" \/>\n<meta property=\"og:locale\" content=\"en_GB\" \/>\n<meta property=\"og:type\" content=\"article\" \/>\n<meta property=\"og:title\" content=\"Fiesta Intim Natural Gel - Ch\u00e2n T\u00e2m Pharma\" \/>\n<meta property=\"og:description\" content=\"Fiesta Intim Natural Gel l\u00e0 d\u00f2ng gel b\u00f4i tr\u01a1n g\u1ed1c n\u01b0\u1edbc v\u1edbi c\u00f4ng th\u1ee9c d\u1ecbu nh\u1eb9, ph\u00f9 h\u1ee3p cho c\u1ea3 nh\u1eefng l\u00e0n da nh\u1ea1y c\u1ea3m nh\u1ea5t. V\u1edbi k\u1ebft c\u1ea5u m\u1ecfng nh\u1eb9, kh\u00f4ng b\u1ebft d\u00ednh, s\u1ea3n ph\u1ea9m gi\u00fap gi\u1ea3m t\u1ed1i \u0111a ma s\u00e1t, mang l\u1ea1i c\u1ea3m gi\u00e1c tho\u1ea3i m\u00e1i v\u00e0 t\u1ef1 nhi\u00ean trong m\u1ed7i cu\u1ed9c y\u00eau.\" \/>\n<meta property=\"og:url\" content=\"https:\/\/chantampharma.com.vn\/en\/san-pham\/fiesta-intim-natural-gel\/\" \/>\n<meta property=\"og:site_name\" content=\"Ch\u00e2n T\u00e2m Pharma\" \/>\n<meta property=\"article:modified_time\" content=\"2026-05-11T02:38:46+00:00\" \/>\n<meta property=\"og:image\" content=\"https:\/\/chantampharma.com.vn\/wp-content\/uploads\/2025\/07\/Fiesta-Intim-Gel.png\" \/>\n\t<meta property=\"og:image:width\" content=\"600\" \/>\n\t<meta property=\"og:image:height\" content=\"600\" \/>\n\t<meta property=\"og:image:type\" content=\"image\/png\" \/>\n<meta name=\"twitter:card\" content=\"summary_large_image\" \/>\n<meta name=\"twitter:label1\" content=\"Estimated reading time\" \/>\n\t<meta name=\"twitter:data1\" content=\"1 minute\" \/>\n<script type=\"application\/ld+json\" class=\"yoast-schema-graph\">{\"@context\":\"https:\/\/schema.org\",\"@graph\":[{\"@type\":\"WebPage\",\"@id\":\"https:\/\/chantampharma.com.vn\/en\/san-pham\/fiesta-intim-natural-gel\/\",\"url\":\"https:\/\/chantampharma.com.vn\/en\/san-pham\/fiesta-intim-natural-gel\/\",\"name\":\"Fiesta Intim Natural Gel - Ch\u00e2n T\u00e2m Pharma\",\"isPartOf\":{\"@id\":\"https:\/\/chantampharma.com.vn\/#website\"},\"primaryImageOfPage\":{\"@id\":\"https:\/\/chantampharma.com.vn\/en\/san-pham\/fiesta-intim-natural-gel\/#primaryimage\"},\"image\":{\"@id\":\"https:\/\/chantampharma.com.vn\/en\/san-pham\/fiesta-intim-natural-gel\/#primaryimage\"},\"thumbnailUrl\":\"https:\/\/chantampharma.com.vn\/wp-content\/uploads\/2025\/07\/Fiesta-Intim-Gel.png\",\"datePublished\":\"2025-07-25T07:45:00+00:00\",\"dateModified\":\"2026-05-11T02:38:46+00:00\",\"description\":\"Fiesta Intim Natural Gel l\u00e0 d\u00f2ng gel b\u00f4i tr\u01a1n g\u1ed1c n\u01b0\u1edbc v\u1edbi c\u00f4ng th\u1ee9c d\u1ecbu nh\u1eb9, ph\u00f9 h\u1ee3p cho c\u1ea3 nh\u1eefng l\u00e0n da nh\u1ea1y c\u1ea3m nh\u1ea5t. V\u1edbi k\u1ebft c\u1ea5u m\u1ecfng nh\u1eb9, kh\u00f4ng b\u1ebft d\u00ednh, s\u1ea3n ph\u1ea9m gi\u00fap gi\u1ea3m t\u1ed1i \u0111a ma s\u00e1t, mang l\u1ea1i c\u1ea3m gi\u00e1c tho\u1ea3i m\u00e1i v\u00e0 t\u1ef1 nhi\u00ean trong m\u1ed7i cu\u1ed9c y\u00eau.\",\"breadcrumb\":{\"@id\":\"https:\/\/chantampharma.com.vn\/en\/san-pham\/fiesta-intim-natural-gel\/#breadcrumb\"},\"inLanguage\":\"en-GB\",\"potentialAction\":[{\"@type\":\"ReadAction\",\"target\":[\"https:\/\/chantampharma.com.vn\/en\/san-pham\/fiesta-intim-natural-gel\/\"]}]},{\"@type\":\"ImageObject\",\"inLanguage\":\"en-GB\",\"@id\":\"https:\/\/chantampharma.com.vn\/en\/san-pham\/fiesta-intim-natural-gel\/#primaryimage\",\"url\":\"https:\/\/chantampharma.com.vn\/wp-content\/uploads\/2025\/07\/Fiesta-Intim-Gel.png\",\"contentUrl\":\"https:\/\/chantampharma.com.vn\/wp-content\/uploads\/2025\/07\/Fiesta-Intim-Gel.png\",\"width\":600,\"height\":600},{\"@type\":\"BreadcrumbList\",\"@id\":\"https:\/\/chantampharma.com.vn\/en\/san-pham\/fiesta-intim-natural-gel\/#breadcrumb\",\"itemListElement\":[{\"@type\":\"ListItem\",\"position\":1,\"name\":\"Trang ch\u1ee7\",\"item\":\"https:\/\/chantampharma.com.vn\/en\/\"},{\"@type\":\"ListItem\",\"position\":2,\"name\":\"S\u1ea3n Ph\u1ea9m\",\"item\":\"https:\/\/chantampharma.com.vn\/san-pham\/\"},{\"@type\":\"ListItem\",\"position\":3,\"name\":\"Fiesta Intim Natural Gel\"}]},{\"@type\":\"WebSite\",\"@id\":\"https:\/\/chantampharma.com.vn\/#website\",\"url\":\"https:\/\/chantampharma.com.vn\/\",\"name\":\"Ch\u00e2n T\u00e2m Pharma\",\"description\":\"\",\"publisher\":{\"@id\":\"https:\/\/chantampharma.com.vn\/#organization\"},\"potentialAction\":[{\"@type\":\"SearchAction\",\"target\":{\"@type\":\"EntryPoint\",\"urlTemplate\":\"https:\/\/chantampharma.com.vn\/?s={search_term_string}\"},\"query-input\":{\"@type\":\"PropertyValueSpecification\",\"valueRequired\":true,\"valueName\":\"search_term_string\"}}],\"inLanguage\":\"en-GB\"},{\"@type\":\"Organization\",\"@id\":\"https:\/\/chantampharma.com.vn\/#organization\",\"name\":\"Ch\u00e2n T\u00e2m Pharma\",\"url\":\"https:\/\/chantampharma.com.vn\/\",\"logo\":{\"@type\":\"ImageObject\",\"inLanguage\":\"en-GB\",\"@id\":\"https:\/\/chantampharma.com.vn\/#\/schema\/logo\/image\/\",\"url\":\"https:\/\/chantampharma.com.vn\/wp-content\/uploads\/2025\/06\/cropped-fsd.png\",\"contentUrl\":\"https:\/\/chantampharma.com.vn\/wp-content\/uploads\/2025\/06\/cropped-fsd.png\",\"width\":130,\"height\":34,\"caption\":\"Ch\u00e2n T\u00e2m Pharma\"},\"image\":{\"@id\":\"https:\/\/chantampharma.com.vn\/#\/schema\/logo\/image\/\"}}]}<\/script>\n<!-- \/ Yoast SEO plugin. -->","yoast_head_json":{"title":"Fiesta Intim Natural Gel - Ch\u00e2n T\u00e2m Pharma","description":"Fiesta Intim Natural Gel l\u00e0 d\u00f2ng gel b\u00f4i tr\u01a1n g\u1ed1c n\u01b0\u1edbc v\u1edbi c\u00f4ng th\u1ee9c d\u1ecbu nh\u1eb9, ph\u00f9 h\u1ee3p cho c\u1ea3 nh\u1eefng l\u00e0n da nh\u1ea1y c\u1ea3m nh\u1ea5t. V\u1edbi k\u1ebft c\u1ea5u m\u1ecfng nh\u1eb9, kh\u00f4ng b\u1ebft d\u00ednh, s\u1ea3n ph\u1ea9m gi\u00fap gi\u1ea3m t\u1ed1i \u0111a ma s\u00e1t, mang l\u1ea1i c\u1ea3m gi\u00e1c tho\u1ea3i m\u00e1i v\u00e0 t\u1ef1 nhi\u00ean trong m\u1ed7i cu\u1ed9c y\u00eau.","robots":{"index":"index","follow":"follow","max-snippet":"max-snippet:-1","max-image-preview":"max-image-preview:large","max-video-preview":"max-video-preview:-1"},"canonical":"https:\/\/chantampharma.com.vn\/en\/san-pham\/fiesta-intim-natural-gel\/","og_locale":"en_GB","og_type":"article","og_title":"Fiesta Intim Natural Gel - Ch\u00e2n T\u00e2m Pharma","og_description":"Fiesta Intim Natural Gel l\u00e0 d\u00f2ng gel b\u00f4i tr\u01a1n g\u1ed1c n\u01b0\u1edbc v\u1edbi c\u00f4ng th\u1ee9c d\u1ecbu nh\u1eb9, ph\u00f9 h\u1ee3p cho c\u1ea3 nh\u1eefng l\u00e0n da nh\u1ea1y c\u1ea3m nh\u1ea5t. V\u1edbi k\u1ebft c\u1ea5u m\u1ecfng nh\u1eb9, kh\u00f4ng b\u1ebft d\u00ednh, s\u1ea3n ph\u1ea9m gi\u00fap gi\u1ea3m t\u1ed1i \u0111a ma s\u00e1t, mang l\u1ea1i c\u1ea3m gi\u00e1c tho\u1ea3i m\u00e1i v\u00e0 t\u1ef1 nhi\u00ean trong m\u1ed7i cu\u1ed9c y\u00eau.","og_url":"https:\/\/chantampharma.com.vn\/en\/san-pham\/fiesta-intim-natural-gel\/","og_site_name":"Ch\u00e2n T\u00e2m Pharma","article_modified_time":"2026-05-11T02:38:46+00:00","og_image":[{"width":600,"height":600,"url":"https:\/\/chantampharma.com.vn\/wp-content\/uploads\/2025\/07\/Fiesta-Intim-Gel.png","type":"image\/png"}],"twitter_card":"summary_large_image","twitter_misc":{"Estimated reading time":"1 minute"},"schema":{"@context":"https:\/\/schema.org","@graph":[{"@type":"WebPage","@id":"https:\/\/chantampharma.com.vn\/en\/san-pham\/fiesta-intim-natural-gel\/","url":"https:\/\/chantampharma.com.vn\/en\/san-pham\/fiesta-intim-natural-gel\/","name":"Fiesta Intim Natural Gel - Ch\u00e2n T\u00e2m Pharma","isPartOf":{"@id":"https:\/\/chantampharma.com.vn\/#website"},"primaryImageOfPage":{"@id":"https:\/\/chantampharma.com.vn\/en\/san-pham\/fiesta-intim-natural-gel\/#primaryimage"},"image":{"@id":"https:\/\/chantampharma.com.vn\/en\/san-pham\/fiesta-intim-natural-gel\/#primaryimage"},"thumbnailUrl":"https:\/\/chantampharma.com.vn\/wp-content\/uploads\/2025\/07\/Fiesta-Intim-Gel.png","datePublished":"2025-07-25T07:45:00+00:00","dateModified":"2026-05-11T02:38:46+00:00","description":"Fiesta Intim Natural Gel l\u00e0 d\u00f2ng gel b\u00f4i tr\u01a1n g\u1ed1c n\u01b0\u1edbc v\u1edbi c\u00f4ng th\u1ee9c d\u1ecbu nh\u1eb9, ph\u00f9 h\u1ee3p cho c\u1ea3 nh\u1eefng l\u00e0n da nh\u1ea1y c\u1ea3m nh\u1ea5t. V\u1edbi k\u1ebft c\u1ea5u m\u1ecfng nh\u1eb9, kh\u00f4ng b\u1ebft d\u00ednh, s\u1ea3n ph\u1ea9m gi\u00fap gi\u1ea3m t\u1ed1i \u0111a ma s\u00e1t, mang l\u1ea1i c\u1ea3m gi\u00e1c tho\u1ea3i m\u00e1i v\u00e0 t\u1ef1 nhi\u00ean trong m\u1ed7i cu\u1ed9c y\u00eau.","breadcrumb":{"@id":"https:\/\/chantampharma.com.vn\/en\/san-pham\/fiesta-intim-natural-gel\/#breadcrumb"},"inLanguage":"en-GB","potentialAction":[{"@type":"ReadAction","target":["https:\/\/chantampharma.com.vn\/en\/san-pham\/fiesta-intim-natural-gel\/"]}]},{"@type":"ImageObject","inLanguage":"en-GB","@id":"https:\/\/chantampharma.com.vn\/en\/san-pham\/fiesta-intim-natural-gel\/#primaryimage","url":"https:\/\/chantampharma.com.vn\/wp-content\/uploads\/2025\/07\/Fiesta-Intim-Gel.png","contentUrl":"https:\/\/chantampharma.com.vn\/wp-content\/uploads\/2025\/07\/Fiesta-Intim-Gel.png","width":600,"height":600},{"@type":"BreadcrumbList","@id":"https:\/\/chantampharma.com.vn\/en\/san-pham\/fiesta-intim-natural-gel\/#breadcrumb","itemListElement":[{"@type":"ListItem","position":1,"name":"Trang ch\u1ee7","item":"https:\/\/chantampharma.com.vn\/en\/"},{"@type":"ListItem","position":2,"name":"S\u1ea3n Ph\u1ea9m","item":"https:\/\/chantampharma.com.vn\/san-pham\/"},{"@type":"ListItem","position":3,"name":"Fiesta Intim Natural Gel"}]},{"@type":"WebSite","@id":"https:\/\/chantampharma.com.vn\/#website","url":"https:\/\/chantampharma.com.vn\/","name":"Ch\u00e2n T\u00e2m Pharma","description":"","publisher":{"@id":"https:\/\/chantampharma.com.vn\/#organization"},"potentialAction":[{"@type":"SearchAction","target":{"@type":"EntryPoint","urlTemplate":"https:\/\/chantampharma.com.vn\/?s={search_term_string}"},"query-input":{"@type":"PropertyValueSpecification","valueRequired":true,"valueName":"search_term_string"}}],"inLanguage":"en-GB"},{"@type":"Organization","@id":"https:\/\/chantampharma.com.vn\/#organization","name":"Ch\u00e2n T\u00e2m Pharma","url":"https:\/\/chantampharma.com.vn\/","logo":{"@type":"ImageObject","inLanguage":"en-GB","@id":"https:\/\/chantampharma.com.vn\/#\/schema\/logo\/image\/","url":"https:\/\/chantampharma.com.vn\/wp-content\/uploads\/2025\/06\/cropped-fsd.png","contentUrl":"https:\/\/chantampharma.com.vn\/wp-content\/uploads\/2025\/06\/cropped-fsd.png","width":130,"height":34,"caption":"Ch\u00e2n T\u00e2m Pharma"},"image":{"@id":"https:\/\/chantampharma.com.vn\/#\/schema\/logo\/image\/"}}]}},"_links":{"self":[{"href":"https:\/\/chantampharma.com.vn\/en\/wp-json\/wp\/v2\/product\/6630","targetHints":{"allow":["GET"]}}],"collection":[{"href":"https:\/\/chantampharma.com.vn\/en\/wp-json\/wp\/v2\/product"}],"about":[{"href":"https:\/\/chantampharma.com.vn\/en\/wp-json\/wp\/v2\/types\/product"}],"author":[{"embeddable":true,"href":"https:\/\/chantampharma.com.vn\/en\/wp-json\/wp\/v2\/users\/4"}],"replies":[{"embeddable":true,"href":"https:\/\/chantampharma.com.vn\/en\/wp-json\/wp\/v2\/comments?post=6630"}],"version-history":[{"count":1,"href":"https:\/\/chantampharma.com.vn\/en\/wp-json\/wp\/v2\/product\/6630\/revisions"}],"predecessor-version":[{"id":7704,"href":"https:\/\/chantampharma.com.vn\/en\/wp-json\/wp\/v2\/product\/6630\/revisions\/7704"}],"wp:featuredmedia":[{"embeddable":true,"href":"https:\/\/chantampharma.com.vn\/en\/wp-json\/wp\/v2\/media\/6631"}],"wp:attachment":[{"href":"https:\/\/chantampharma.com.vn\/en\/wp-json\/wp\/v2\/media?parent=6630"}],"wp:term":[{"taxonomy":"product_category","embeddable":true,"href":"https:\/\/chantampharma.com.vn\/en\/wp-json\/wp\/v2\/product_category?post=6630"},{"taxonomy":"product_tag","embeddable":true,"href":"https:\/\/chantampharma.com.vn\/en\/wp-json\/wp\/v2\/product_tag?post=6630"},{"taxonomy":"product_producer","embeddable":true,"href":"https:\/\/chantampharma.com.vn\/en\/wp-json\/wp\/v2\/product_producer?post=6630"}],"curies":[{"name":"wp","href":"https:\/\/api.w.org\/{rel}","templated":true}]}}