{"id":6625,"date":"2025-07-29T04:29:42","date_gmt":"2025-07-29T04:29:42","guid":{"rendered":"https:\/\/chantampharma.com.vn\/san-pham\/kem-boi-gentridecme-10g\/"},"modified":"2025-07-29T04:29:42","modified_gmt":"2025-07-29T04:29:42","slug":"kem-boi-gentridecme-10g","status":"publish","type":"product","link":"https:\/\/chantampharma.com.vn\/en\/san-pham\/kem-boi-gentridecme-10g\/","title":{"rendered":"Kem b\u00f4i Gentridecme \u0111i\u1ec1u tr\u1ecb nhi\u1ec5m tr\u00f9ng da, n\u1ea5m da 10g"},"content":{"rendered":"<p>Kem b\u00f4i da Gentridecme 10g d\u00f9ng \u0111\u1ec3 \u0111i\u1ec1u tr\u1ecb d\u00f9ng ngo\u00e0i da trong c\u00e1c ch\u1ec9 \u0111\u1ecbnh sau khi c\u00f3 m\u1eb7t, nghi ng\u1edd ho\u1eb7c c\u00f3 th\u1ec3 x\u1ea3y ra nhi\u1ec5m tr\u00f9ng th\u1ee9 ph\u00e1t do vi khu\u1ea9n v\u00e0\/ho\u1eb7c n\u1ea5m: Ch\u00e0m, k\u1ec3 c\u1ea3 ch\u00e0m d\u1ecb \u1ee9ng, ch\u00e0m \u1edf tr\u1ebb em, v\u00e0 ch\u00e0m h\u00ecnh \u0111\u0129a; s\u1ea9n ng\u1ee9a n\u1ed5i c\u1ee5c; v\u1ea9y n\u1ebfn (ngo\u1ea1i tr\u1eeb v\u1ea9y n\u1ebfn d\u1ea1ng m\u1ea3ng lan r\u1ed9ng); c\u00e1c b\u1ec7nh da do th\u1ea7n kinh, k\u1ec3 c\u1ea3 liken \u0111\u01a1n, liken ph\u1eb3ng; vi\u00eam da ti\u1ebft b\u00e3 nh\u1eddn; c\u00e1c ph\u1ea3n \u1ee9ng d\u1ecb \u1ee9ng da do ti\u1ebfp x\u00fac: Lupus ban \u0111\u1ecf h\u00ecnh \u0111\u0129a.<\/p>\n","protected":false},"excerpt":{"rendered":"<p>Kem b\u00f4i Comozol c\u00f3 t\u00e1c d\u1ee5ng \u1ee9c ch\u1ebf ergosterol v\u00e0 lipod m\u00e0ng t\u1ebf b\u00e0o c\u1ee7a n\u1ea5m, do \u0111\u00f3 l\u00e0m thay \u0111\u1ed5i t\u00ednh th\u1ea5m m\u00e0ng t\u1ebf b\u00e0o v\u00e0 \u1ee9c ch\u1ebf s\u1ef1 ph\u00e1t tri\u1ec3n c\u1ee7a ch\u00fang, k\u1ebft qu\u1ea3 l\u00e0 k\u00ecm h\u00e3m n\u1ea5m (\u1edf li\u1ec1u th\u1ea5p) v\u00e0 ti\u00eau di\u1ec7t n\u1ea5m (\u1edf li\u1ec1u cao).<\/p>\n","protected":false},"author":4,"featured_media":2298,"parent":0,"menu_order":123,"comment_status":"closed","ping_status":"closed","template":"","meta":{"footnotes":""},"product_category":[261,123,263],"product_tag":[127],"product_producer":[113],"class_list":["post-6625","product","type-product","status-publish","has-post-thumbnail","hentry","product_category-ban-chay-en","product_category-dermatology-products","product_category-thuoc-ke-don-rx-en","product_tag-best-selling","product_producer-phil-inter-pharma-en"],"yoast_head":"<!-- This site is optimized with the Yoast SEO plugin v24.9 - https:\/\/yoast.com\/wordpress\/plugins\/seo\/ -->\n<title>Kem b\u00f4i Gentridecme \u0111i\u1ec1u tr\u1ecb nhi\u1ec5m tr\u00f9ng da, n\u1ea5m da 10g - Ch\u00e2n T\u00e2m Pharma<\/title>\n<meta name=\"robots\" content=\"index, follow, max-snippet:-1, max-image-preview:large, max-video-preview:-1\" \/>\n<link rel=\"canonical\" href=\"https:\/\/chantampharma.com.vn\/en\/san-pham\/kem-boi-gentridecme-10g\/\" \/>\n<meta property=\"og:locale\" content=\"en_GB\" \/>\n<meta property=\"og:type\" content=\"article\" \/>\n<meta property=\"og:title\" content=\"Kem b\u00f4i Gentridecme \u0111i\u1ec1u tr\u1ecb nhi\u1ec5m tr\u00f9ng da, n\u1ea5m da 10g - Ch\u00e2n T\u00e2m Pharma\" \/>\n<meta property=\"og:description\" content=\"Kem b\u00f4i Comozol c\u00f3 t\u00e1c d\u1ee5ng \u1ee9c ch\u1ebf ergosterol v\u00e0 lipod m\u00e0ng t\u1ebf b\u00e0o c\u1ee7a n\u1ea5m, do \u0111\u00f3 l\u00e0m thay \u0111\u1ed5i t\u00ednh th\u1ea5m m\u00e0ng t\u1ebf b\u00e0o v\u00e0 \u1ee9c ch\u1ebf s\u1ef1 ph\u00e1t tri\u1ec3n c\u1ee7a ch\u00fang, k\u1ebft qu\u1ea3 l\u00e0 k\u00ecm h\u00e3m n\u1ea5m (\u1edf li\u1ec1u th\u1ea5p) v\u00e0 ti\u00eau di\u1ec7t n\u1ea5m (\u1edf li\u1ec1u cao).\" \/>\n<meta property=\"og:url\" content=\"https:\/\/chantampharma.com.vn\/en\/san-pham\/kem-boi-gentridecme-10g\/\" \/>\n<meta property=\"og:site_name\" content=\"Ch\u00e2n T\u00e2m Pharma\" \/>\n<meta name=\"twitter:card\" content=\"summary_large_image\" \/>\n<meta name=\"twitter:label1\" content=\"Estimated reading time\" \/>\n\t<meta name=\"twitter:data1\" content=\"1 minute\" \/>\n<script type=\"application\/ld+json\" class=\"yoast-schema-graph\">{\"@context\":\"https:\/\/schema.org\",\"@graph\":[{\"@type\":\"WebPage\",\"@id\":\"https:\/\/chantampharma.com.vn\/en\/san-pham\/kem-boi-gentridecme-10g\/\",\"url\":\"https:\/\/chantampharma.com.vn\/en\/san-pham\/kem-boi-gentridecme-10g\/\",\"name\":\"Kem b\u00f4i Gentridecme \u0111i\u1ec1u tr\u1ecb nhi\u1ec5m tr\u00f9ng da, n\u1ea5m da 10g - Ch\u00e2n T\u00e2m Pharma\",\"isPartOf\":{\"@id\":\"https:\/\/chantampharma.com.vn\/#website\"},\"primaryImageOfPage\":{\"@id\":\"https:\/\/chantampharma.com.vn\/en\/san-pham\/kem-boi-gentridecme-10g\/#primaryimage\"},\"image\":{\"@id\":\"https:\/\/chantampharma.com.vn\/en\/san-pham\/kem-boi-gentridecme-10g\/#primaryimage\"},\"thumbnailUrl\":\"https:\/\/chantampharma.com.vn\/wp-content\/uploads\/2021\/08\/GENTRIDECME-UPWEB-800-1.png\",\"datePublished\":\"2025-07-29T04:29:42+00:00\",\"breadcrumb\":{\"@id\":\"https:\/\/chantampharma.com.vn\/en\/san-pham\/kem-boi-gentridecme-10g\/#breadcrumb\"},\"inLanguage\":\"en-GB\",\"potentialAction\":[{\"@type\":\"ReadAction\",\"target\":[\"https:\/\/chantampharma.com.vn\/en\/san-pham\/kem-boi-gentridecme-10g\/\"]}]},{\"@type\":\"ImageObject\",\"inLanguage\":\"en-GB\",\"@id\":\"https:\/\/chantampharma.com.vn\/en\/san-pham\/kem-boi-gentridecme-10g\/#primaryimage\",\"url\":\"https:\/\/chantampharma.com.vn\/wp-content\/uploads\/2021\/08\/GENTRIDECME-UPWEB-800-1.png\",\"contentUrl\":\"https:\/\/chantampharma.com.vn\/wp-content\/uploads\/2021\/08\/GENTRIDECME-UPWEB-800-1.png\",\"width\":800,\"height\":800},{\"@type\":\"BreadcrumbList\",\"@id\":\"https:\/\/chantampharma.com.vn\/en\/san-pham\/kem-boi-gentridecme-10g\/#breadcrumb\",\"itemListElement\":[{\"@type\":\"ListItem\",\"position\":1,\"name\":\"Trang ch\u1ee7\",\"item\":\"https:\/\/chantampharma.com.vn\/en\/\"},{\"@type\":\"ListItem\",\"position\":2,\"name\":\"S\u1ea3n Ph\u1ea9m\",\"item\":\"https:\/\/chantampharma.com.vn\/san-pham\/\"},{\"@type\":\"ListItem\",\"position\":3,\"name\":\"Kem b\u00f4i Gentridecme \u0111i\u1ec1u tr\u1ecb nhi\u1ec5m tr\u00f9ng da, n\u1ea5m da 10g\"}]},{\"@type\":\"WebSite\",\"@id\":\"https:\/\/chantampharma.com.vn\/#website\",\"url\":\"https:\/\/chantampharma.com.vn\/\",\"name\":\"Ch\u00e2n T\u00e2m Pharma\",\"description\":\"\",\"publisher\":{\"@id\":\"https:\/\/chantampharma.com.vn\/#organization\"},\"potentialAction\":[{\"@type\":\"SearchAction\",\"target\":{\"@type\":\"EntryPoint\",\"urlTemplate\":\"https:\/\/chantampharma.com.vn\/?s={search_term_string}\"},\"query-input\":{\"@type\":\"PropertyValueSpecification\",\"valueRequired\":true,\"valueName\":\"search_term_string\"}}],\"inLanguage\":\"en-GB\"},{\"@type\":\"Organization\",\"@id\":\"https:\/\/chantampharma.com.vn\/#organization\",\"name\":\"Ch\u00e2n T\u00e2m Pharma\",\"url\":\"https:\/\/chantampharma.com.vn\/\",\"logo\":{\"@type\":\"ImageObject\",\"inLanguage\":\"en-GB\",\"@id\":\"https:\/\/chantampharma.com.vn\/#\/schema\/logo\/image\/\",\"url\":\"https:\/\/chantampharma.com.vn\/wp-content\/uploads\/2025\/06\/cropped-fsd.png\",\"contentUrl\":\"https:\/\/chantampharma.com.vn\/wp-content\/uploads\/2025\/06\/cropped-fsd.png\",\"width\":130,\"height\":34,\"caption\":\"Ch\u00e2n T\u00e2m Pharma\"},\"image\":{\"@id\":\"https:\/\/chantampharma.com.vn\/#\/schema\/logo\/image\/\"}}]}<\/script>\n<!-- \/ Yoast SEO plugin. -->","yoast_head_json":{"title":"Kem b\u00f4i Gentridecme \u0111i\u1ec1u tr\u1ecb nhi\u1ec5m tr\u00f9ng da, n\u1ea5m da 10g - Ch\u00e2n T\u00e2m Pharma","robots":{"index":"index","follow":"follow","max-snippet":"max-snippet:-1","max-image-preview":"max-image-preview:large","max-video-preview":"max-video-preview:-1"},"canonical":"https:\/\/chantampharma.com.vn\/en\/san-pham\/kem-boi-gentridecme-10g\/","og_locale":"en_GB","og_type":"article","og_title":"Kem b\u00f4i Gentridecme \u0111i\u1ec1u tr\u1ecb nhi\u1ec5m tr\u00f9ng da, n\u1ea5m da 10g - Ch\u00e2n T\u00e2m Pharma","og_description":"Kem b\u00f4i Comozol c\u00f3 t\u00e1c d\u1ee5ng \u1ee9c ch\u1ebf ergosterol v\u00e0 lipod m\u00e0ng t\u1ebf b\u00e0o c\u1ee7a n\u1ea5m, do \u0111\u00f3 l\u00e0m thay \u0111\u1ed5i t\u00ednh th\u1ea5m m\u00e0ng t\u1ebf b\u00e0o v\u00e0 \u1ee9c ch\u1ebf s\u1ef1 ph\u00e1t tri\u1ec3n c\u1ee7a ch\u00fang, k\u1ebft qu\u1ea3 l\u00e0 k\u00ecm h\u00e3m n\u1ea5m (\u1edf li\u1ec1u th\u1ea5p) v\u00e0 ti\u00eau di\u1ec7t n\u1ea5m (\u1edf li\u1ec1u cao).","og_url":"https:\/\/chantampharma.com.vn\/en\/san-pham\/kem-boi-gentridecme-10g\/","og_site_name":"Ch\u00e2n T\u00e2m Pharma","twitter_card":"summary_large_image","twitter_misc":{"Estimated reading time":"1 minute"},"schema":{"@context":"https:\/\/schema.org","@graph":[{"@type":"WebPage","@id":"https:\/\/chantampharma.com.vn\/en\/san-pham\/kem-boi-gentridecme-10g\/","url":"https:\/\/chantampharma.com.vn\/en\/san-pham\/kem-boi-gentridecme-10g\/","name":"Kem b\u00f4i Gentridecme \u0111i\u1ec1u tr\u1ecb nhi\u1ec5m tr\u00f9ng da, n\u1ea5m da 10g - Ch\u00e2n T\u00e2m Pharma","isPartOf":{"@id":"https:\/\/chantampharma.com.vn\/#website"},"primaryImageOfPage":{"@id":"https:\/\/chantampharma.com.vn\/en\/san-pham\/kem-boi-gentridecme-10g\/#primaryimage"},"image":{"@id":"https:\/\/chantampharma.com.vn\/en\/san-pham\/kem-boi-gentridecme-10g\/#primaryimage"},"thumbnailUrl":"https:\/\/chantampharma.com.vn\/wp-content\/uploads\/2021\/08\/GENTRIDECME-UPWEB-800-1.png","datePublished":"2025-07-29T04:29:42+00:00","breadcrumb":{"@id":"https:\/\/chantampharma.com.vn\/en\/san-pham\/kem-boi-gentridecme-10g\/#breadcrumb"},"inLanguage":"en-GB","potentialAction":[{"@type":"ReadAction","target":["https:\/\/chantampharma.com.vn\/en\/san-pham\/kem-boi-gentridecme-10g\/"]}]},{"@type":"ImageObject","inLanguage":"en-GB","@id":"https:\/\/chantampharma.com.vn\/en\/san-pham\/kem-boi-gentridecme-10g\/#primaryimage","url":"https:\/\/chantampharma.com.vn\/wp-content\/uploads\/2021\/08\/GENTRIDECME-UPWEB-800-1.png","contentUrl":"https:\/\/chantampharma.com.vn\/wp-content\/uploads\/2021\/08\/GENTRIDECME-UPWEB-800-1.png","width":800,"height":800},{"@type":"BreadcrumbList","@id":"https:\/\/chantampharma.com.vn\/en\/san-pham\/kem-boi-gentridecme-10g\/#breadcrumb","itemListElement":[{"@type":"ListItem","position":1,"name":"Trang ch\u1ee7","item":"https:\/\/chantampharma.com.vn\/en\/"},{"@type":"ListItem","position":2,"name":"S\u1ea3n Ph\u1ea9m","item":"https:\/\/chantampharma.com.vn\/san-pham\/"},{"@type":"ListItem","position":3,"name":"Kem b\u00f4i Gentridecme \u0111i\u1ec1u tr\u1ecb nhi\u1ec5m tr\u00f9ng da, n\u1ea5m da 10g"}]},{"@type":"WebSite","@id":"https:\/\/chantampharma.com.vn\/#website","url":"https:\/\/chantampharma.com.vn\/","name":"Ch\u00e2n T\u00e2m Pharma","description":"","publisher":{"@id":"https:\/\/chantampharma.com.vn\/#organization"},"potentialAction":[{"@type":"SearchAction","target":{"@type":"EntryPoint","urlTemplate":"https:\/\/chantampharma.com.vn\/?s={search_term_string}"},"query-input":{"@type":"PropertyValueSpecification","valueRequired":true,"valueName":"search_term_string"}}],"inLanguage":"en-GB"},{"@type":"Organization","@id":"https:\/\/chantampharma.com.vn\/#organization","name":"Ch\u00e2n T\u00e2m Pharma","url":"https:\/\/chantampharma.com.vn\/","logo":{"@type":"ImageObject","inLanguage":"en-GB","@id":"https:\/\/chantampharma.com.vn\/#\/schema\/logo\/image\/","url":"https:\/\/chantampharma.com.vn\/wp-content\/uploads\/2025\/06\/cropped-fsd.png","contentUrl":"https:\/\/chantampharma.com.vn\/wp-content\/uploads\/2025\/06\/cropped-fsd.png","width":130,"height":34,"caption":"Ch\u00e2n T\u00e2m Pharma"},"image":{"@id":"https:\/\/chantampharma.com.vn\/#\/schema\/logo\/image\/"}}]}},"_links":{"self":[{"href":"https:\/\/chantampharma.com.vn\/en\/wp-json\/wp\/v2\/product\/6625","targetHints":{"allow":["GET"]}}],"collection":[{"href":"https:\/\/chantampharma.com.vn\/en\/wp-json\/wp\/v2\/product"}],"about":[{"href":"https:\/\/chantampharma.com.vn\/en\/wp-json\/wp\/v2\/types\/product"}],"author":[{"embeddable":true,"href":"https:\/\/chantampharma.com.vn\/en\/wp-json\/wp\/v2\/users\/4"}],"replies":[{"embeddable":true,"href":"https:\/\/chantampharma.com.vn\/en\/wp-json\/wp\/v2\/comments?post=6625"}],"version-history":[{"count":0,"href":"https:\/\/chantampharma.com.vn\/en\/wp-json\/wp\/v2\/product\/6625\/revisions"}],"wp:featuredmedia":[{"embeddable":true,"href":"https:\/\/chantampharma.com.vn\/en\/wp-json\/wp\/v2\/media\/2298"}],"wp:attachment":[{"href":"https:\/\/chantampharma.com.vn\/en\/wp-json\/wp\/v2\/media?parent=6625"}],"wp:term":[{"taxonomy":"product_category","embeddable":true,"href":"https:\/\/chantampharma.com.vn\/en\/wp-json\/wp\/v2\/product_category?post=6625"},{"taxonomy":"product_tag","embeddable":true,"href":"https:\/\/chantampharma.com.vn\/en\/wp-json\/wp\/v2\/product_tag?post=6625"},{"taxonomy":"product_producer","embeddable":true,"href":"https:\/\/chantampharma.com.vn\/en\/wp-json\/wp\/v2\/product_producer?post=6625"}],"curies":[{"name":"wp","href":"https:\/\/api.w.org\/{rel}","templated":true}]}}