{"id":6624,"date":"2025-07-29T04:45:26","date_gmt":"2025-07-29T04:45:26","guid":{"rendered":"https:\/\/chantampharma.com.vn\/san-pham\/thuoc-tranh-thai-newchoice\/"},"modified":"2025-07-29T04:45:26","modified_gmt":"2025-07-29T04:45:26","slug":"thuoc-tranh-thai-newchoice","status":"publish","type":"product","link":"https:\/\/chantampharma.com.vn\/en\/san-pham\/thuoc-tranh-thai-newchoice\/","title":{"rendered":"Thu\u1ed1c tr\u00e1nh thai NewChoice"},"content":{"rendered":"<p>Thu\u1ed1c tr\u00e1nh thai NewChoice l\u00e0  ch\u1ee9a ho\u1ea1t ch\u1ea5t Levonorgestrel c\u00f3 th\u1ec3 d\u00f9ng \u0111\u1ec3 tr\u00e1nh thai th\u01b0\u1eddng nh\u1eadt hay kh\u1ea9n c\u1ea5p (t\u00f9y v\u00e0o li\u1ec1u d\u00f9ng), v\u00ec v\u1eady NewChoice l\u00e0 s\u1ea3n ph\u1ea9m \u0111\u01b0\u1ee3c l\u1ef1a ch\u1ecdn b\u1edfi s\u1ed1 \u0111\u00f4ng ph\u1ee5 n\u1eef Vi\u1ec7t Nam.<\/p>\n","protected":false},"excerpt":{"rendered":"<p>Thu\u1ed1c tr\u00e1nh thai NewChoice l\u00e0  ch\u1ee9a ho\u1ea1t ch\u1ea5t Levonorgestrel c\u00f3 th\u1ec3 d\u00f9ng \u0111\u1ec3 tr\u00e1nh thai th\u01b0\u1eddng nh\u1eadt hay kh\u1ea9n c\u1ea5p (t\u00f9y v\u00e0o li\u1ec1u d\u00f9ng), v\u00ec v\u1eady NewChoice l\u00e0 s\u1ea3n ph\u1ea9m \u0111\u01b0\u1ee3c l\u1ef1a ch\u1ecdn b\u1edfi s\u1ed1 \u0111\u00f4ng ph\u1ee5 n\u1eef Vi\u1ec7t Nam.<\/p>\n","protected":false},"author":4,"featured_media":2994,"parent":0,"menu_order":70,"comment_status":"closed","ping_status":"closed","template":"","meta":{"footnotes":""},"product_category":[261,114],"product_tag":[127],"product_producer":[262],"class_list":["post-6624","product","type-product","status-publish","has-post-thumbnail","hentry","product_category-ban-chay-en","product_category-reproductive-health","product_tag-best-selling","product_producer-namha-pharma-en"],"yoast_head":"<!-- This site is optimized with the Yoast SEO plugin v24.9 - https:\/\/yoast.com\/wordpress\/plugins\/seo\/ -->\n<title>Thu\u1ed1c tr\u00e1nh thai NewChoice - Ch\u00e2n T\u00e2m Pharma<\/title>\n<meta name=\"robots\" content=\"index, follow, max-snippet:-1, max-image-preview:large, max-video-preview:-1\" \/>\n<link rel=\"canonical\" href=\"https:\/\/chantampharma.com.vn\/en\/san-pham\/thuoc-tranh-thai-newchoice\/\" \/>\n<meta property=\"og:locale\" content=\"en_GB\" \/>\n<meta property=\"og:type\" content=\"article\" \/>\n<meta property=\"og:title\" content=\"Thu\u1ed1c tr\u00e1nh thai NewChoice - Ch\u00e2n T\u00e2m Pharma\" \/>\n<meta property=\"og:description\" content=\"Thu\u1ed1c tr\u00e1nh thai NewChoice l\u00e0 ch\u1ee9a ho\u1ea1t ch\u1ea5t Levonorgestrel c\u00f3 th\u1ec3 d\u00f9ng \u0111\u1ec3 tr\u00e1nh thai th\u01b0\u1eddng nh\u1eadt hay kh\u1ea9n c\u1ea5p (t\u00f9y v\u00e0o li\u1ec1u d\u00f9ng), v\u00ec v\u1eady NewChoice l\u00e0 s\u1ea3n ph\u1ea9m \u0111\u01b0\u1ee3c l\u1ef1a ch\u1ecdn b\u1edfi s\u1ed1 \u0111\u00f4ng ph\u1ee5 n\u1eef Vi\u1ec7t Nam.\" \/>\n<meta property=\"og:url\" content=\"https:\/\/chantampharma.com.vn\/en\/san-pham\/thuoc-tranh-thai-newchoice\/\" \/>\n<meta property=\"og:site_name\" content=\"Ch\u00e2n T\u00e2m Pharma\" \/>\n<meta name=\"twitter:card\" content=\"summary_large_image\" \/>\n<script type=\"application\/ld+json\" class=\"yoast-schema-graph\">{\"@context\":\"https:\/\/schema.org\",\"@graph\":[{\"@type\":\"WebPage\",\"@id\":\"https:\/\/chantampharma.com.vn\/en\/san-pham\/thuoc-tranh-thai-newchoice\/\",\"url\":\"https:\/\/chantampharma.com.vn\/en\/san-pham\/thuoc-tranh-thai-newchoice\/\",\"name\":\"Thu\u1ed1c tr\u00e1nh thai NewChoice - Ch\u00e2n T\u00e2m Pharma\",\"isPartOf\":{\"@id\":\"https:\/\/chantampharma.com.vn\/#website\"},\"primaryImageOfPage\":{\"@id\":\"https:\/\/chantampharma.com.vn\/en\/san-pham\/thuoc-tranh-thai-newchoice\/#primaryimage\"},\"image\":{\"@id\":\"https:\/\/chantampharma.com.vn\/en\/san-pham\/thuoc-tranh-thai-newchoice\/#primaryimage\"},\"thumbnailUrl\":\"https:\/\/chantampharma.com.vn\/wp-content\/uploads\/2021\/12\/NEWCHOICE600-1.jpg\",\"datePublished\":\"2025-07-29T04:45:26+00:00\",\"breadcrumb\":{\"@id\":\"https:\/\/chantampharma.com.vn\/en\/san-pham\/thuoc-tranh-thai-newchoice\/#breadcrumb\"},\"inLanguage\":\"en-GB\",\"potentialAction\":[{\"@type\":\"ReadAction\",\"target\":[\"https:\/\/chantampharma.com.vn\/en\/san-pham\/thuoc-tranh-thai-newchoice\/\"]}]},{\"@type\":\"ImageObject\",\"inLanguage\":\"en-GB\",\"@id\":\"https:\/\/chantampharma.com.vn\/en\/san-pham\/thuoc-tranh-thai-newchoice\/#primaryimage\",\"url\":\"https:\/\/chantampharma.com.vn\/wp-content\/uploads\/2021\/12\/NEWCHOICE600-1.jpg\",\"contentUrl\":\"https:\/\/chantampharma.com.vn\/wp-content\/uploads\/2021\/12\/NEWCHOICE600-1.jpg\",\"width\":600,\"height\":600},{\"@type\":\"BreadcrumbList\",\"@id\":\"https:\/\/chantampharma.com.vn\/en\/san-pham\/thuoc-tranh-thai-newchoice\/#breadcrumb\",\"itemListElement\":[{\"@type\":\"ListItem\",\"position\":1,\"name\":\"Trang ch\u1ee7\",\"item\":\"https:\/\/chantampharma.com.vn\/en\/\"},{\"@type\":\"ListItem\",\"position\":2,\"name\":\"S\u1ea3n Ph\u1ea9m\",\"item\":\"https:\/\/chantampharma.com.vn\/san-pham\/\"},{\"@type\":\"ListItem\",\"position\":3,\"name\":\"Thu\u1ed1c tr\u00e1nh thai NewChoice\"}]},{\"@type\":\"WebSite\",\"@id\":\"https:\/\/chantampharma.com.vn\/#website\",\"url\":\"https:\/\/chantampharma.com.vn\/\",\"name\":\"Ch\u00e2n T\u00e2m Pharma\",\"description\":\"\",\"publisher\":{\"@id\":\"https:\/\/chantampharma.com.vn\/#organization\"},\"potentialAction\":[{\"@type\":\"SearchAction\",\"target\":{\"@type\":\"EntryPoint\",\"urlTemplate\":\"https:\/\/chantampharma.com.vn\/?s={search_term_string}\"},\"query-input\":{\"@type\":\"PropertyValueSpecification\",\"valueRequired\":true,\"valueName\":\"search_term_string\"}}],\"inLanguage\":\"en-GB\"},{\"@type\":\"Organization\",\"@id\":\"https:\/\/chantampharma.com.vn\/#organization\",\"name\":\"Ch\u00e2n T\u00e2m Pharma\",\"url\":\"https:\/\/chantampharma.com.vn\/\",\"logo\":{\"@type\":\"ImageObject\",\"inLanguage\":\"en-GB\",\"@id\":\"https:\/\/chantampharma.com.vn\/#\/schema\/logo\/image\/\",\"url\":\"https:\/\/chantampharma.com.vn\/wp-content\/uploads\/2025\/06\/cropped-fsd.png\",\"contentUrl\":\"https:\/\/chantampharma.com.vn\/wp-content\/uploads\/2025\/06\/cropped-fsd.png\",\"width\":130,\"height\":34,\"caption\":\"Ch\u00e2n T\u00e2m Pharma\"},\"image\":{\"@id\":\"https:\/\/chantampharma.com.vn\/#\/schema\/logo\/image\/\"}}]}<\/script>\n<!-- \/ Yoast SEO plugin. -->","yoast_head_json":{"title":"Thu\u1ed1c tr\u00e1nh thai NewChoice - Ch\u00e2n T\u00e2m Pharma","robots":{"index":"index","follow":"follow","max-snippet":"max-snippet:-1","max-image-preview":"max-image-preview:large","max-video-preview":"max-video-preview:-1"},"canonical":"https:\/\/chantampharma.com.vn\/en\/san-pham\/thuoc-tranh-thai-newchoice\/","og_locale":"en_GB","og_type":"article","og_title":"Thu\u1ed1c tr\u00e1nh thai NewChoice - Ch\u00e2n T\u00e2m Pharma","og_description":"Thu\u1ed1c tr\u00e1nh thai NewChoice l\u00e0 ch\u1ee9a ho\u1ea1t ch\u1ea5t Levonorgestrel c\u00f3 th\u1ec3 d\u00f9ng \u0111\u1ec3 tr\u00e1nh thai th\u01b0\u1eddng nh\u1eadt hay kh\u1ea9n c\u1ea5p (t\u00f9y v\u00e0o li\u1ec1u d\u00f9ng), v\u00ec v\u1eady NewChoice l\u00e0 s\u1ea3n ph\u1ea9m \u0111\u01b0\u1ee3c l\u1ef1a ch\u1ecdn b\u1edfi s\u1ed1 \u0111\u00f4ng ph\u1ee5 n\u1eef Vi\u1ec7t Nam.","og_url":"https:\/\/chantampharma.com.vn\/en\/san-pham\/thuoc-tranh-thai-newchoice\/","og_site_name":"Ch\u00e2n T\u00e2m Pharma","twitter_card":"summary_large_image","schema":{"@context":"https:\/\/schema.org","@graph":[{"@type":"WebPage","@id":"https:\/\/chantampharma.com.vn\/en\/san-pham\/thuoc-tranh-thai-newchoice\/","url":"https:\/\/chantampharma.com.vn\/en\/san-pham\/thuoc-tranh-thai-newchoice\/","name":"Thu\u1ed1c tr\u00e1nh thai NewChoice - Ch\u00e2n T\u00e2m Pharma","isPartOf":{"@id":"https:\/\/chantampharma.com.vn\/#website"},"primaryImageOfPage":{"@id":"https:\/\/chantampharma.com.vn\/en\/san-pham\/thuoc-tranh-thai-newchoice\/#primaryimage"},"image":{"@id":"https:\/\/chantampharma.com.vn\/en\/san-pham\/thuoc-tranh-thai-newchoice\/#primaryimage"},"thumbnailUrl":"https:\/\/chantampharma.com.vn\/wp-content\/uploads\/2021\/12\/NEWCHOICE600-1.jpg","datePublished":"2025-07-29T04:45:26+00:00","breadcrumb":{"@id":"https:\/\/chantampharma.com.vn\/en\/san-pham\/thuoc-tranh-thai-newchoice\/#breadcrumb"},"inLanguage":"en-GB","potentialAction":[{"@type":"ReadAction","target":["https:\/\/chantampharma.com.vn\/en\/san-pham\/thuoc-tranh-thai-newchoice\/"]}]},{"@type":"ImageObject","inLanguage":"en-GB","@id":"https:\/\/chantampharma.com.vn\/en\/san-pham\/thuoc-tranh-thai-newchoice\/#primaryimage","url":"https:\/\/chantampharma.com.vn\/wp-content\/uploads\/2021\/12\/NEWCHOICE600-1.jpg","contentUrl":"https:\/\/chantampharma.com.vn\/wp-content\/uploads\/2021\/12\/NEWCHOICE600-1.jpg","width":600,"height":600},{"@type":"BreadcrumbList","@id":"https:\/\/chantampharma.com.vn\/en\/san-pham\/thuoc-tranh-thai-newchoice\/#breadcrumb","itemListElement":[{"@type":"ListItem","position":1,"name":"Trang ch\u1ee7","item":"https:\/\/chantampharma.com.vn\/en\/"},{"@type":"ListItem","position":2,"name":"S\u1ea3n Ph\u1ea9m","item":"https:\/\/chantampharma.com.vn\/san-pham\/"},{"@type":"ListItem","position":3,"name":"Thu\u1ed1c tr\u00e1nh thai NewChoice"}]},{"@type":"WebSite","@id":"https:\/\/chantampharma.com.vn\/#website","url":"https:\/\/chantampharma.com.vn\/","name":"Ch\u00e2n T\u00e2m Pharma","description":"","publisher":{"@id":"https:\/\/chantampharma.com.vn\/#organization"},"potentialAction":[{"@type":"SearchAction","target":{"@type":"EntryPoint","urlTemplate":"https:\/\/chantampharma.com.vn\/?s={search_term_string}"},"query-input":{"@type":"PropertyValueSpecification","valueRequired":true,"valueName":"search_term_string"}}],"inLanguage":"en-GB"},{"@type":"Organization","@id":"https:\/\/chantampharma.com.vn\/#organization","name":"Ch\u00e2n T\u00e2m Pharma","url":"https:\/\/chantampharma.com.vn\/","logo":{"@type":"ImageObject","inLanguage":"en-GB","@id":"https:\/\/chantampharma.com.vn\/#\/schema\/logo\/image\/","url":"https:\/\/chantampharma.com.vn\/wp-content\/uploads\/2025\/06\/cropped-fsd.png","contentUrl":"https:\/\/chantampharma.com.vn\/wp-content\/uploads\/2025\/06\/cropped-fsd.png","width":130,"height":34,"caption":"Ch\u00e2n T\u00e2m Pharma"},"image":{"@id":"https:\/\/chantampharma.com.vn\/#\/schema\/logo\/image\/"}}]}},"_links":{"self":[{"href":"https:\/\/chantampharma.com.vn\/en\/wp-json\/wp\/v2\/product\/6624","targetHints":{"allow":["GET"]}}],"collection":[{"href":"https:\/\/chantampharma.com.vn\/en\/wp-json\/wp\/v2\/product"}],"about":[{"href":"https:\/\/chantampharma.com.vn\/en\/wp-json\/wp\/v2\/types\/product"}],"author":[{"embeddable":true,"href":"https:\/\/chantampharma.com.vn\/en\/wp-json\/wp\/v2\/users\/4"}],"replies":[{"embeddable":true,"href":"https:\/\/chantampharma.com.vn\/en\/wp-json\/wp\/v2\/comments?post=6624"}],"version-history":[{"count":0,"href":"https:\/\/chantampharma.com.vn\/en\/wp-json\/wp\/v2\/product\/6624\/revisions"}],"wp:featuredmedia":[{"embeddable":true,"href":"https:\/\/chantampharma.com.vn\/en\/wp-json\/wp\/v2\/media\/2994"}],"wp:attachment":[{"href":"https:\/\/chantampharma.com.vn\/en\/wp-json\/wp\/v2\/media?parent=6624"}],"wp:term":[{"taxonomy":"product_category","embeddable":true,"href":"https:\/\/chantampharma.com.vn\/en\/wp-json\/wp\/v2\/product_category?post=6624"},{"taxonomy":"product_tag","embeddable":true,"href":"https:\/\/chantampharma.com.vn\/en\/wp-json\/wp\/v2\/product_tag?post=6624"},{"taxonomy":"product_producer","embeddable":true,"href":"https:\/\/chantampharma.com.vn\/en\/wp-json\/wp\/v2\/product_producer?post=6624"}],"curies":[{"name":"wp","href":"https:\/\/api.w.org\/{rel}","templated":true}]}}