{"id":2395,"date":"2021-08-04T09:01:23","date_gmt":"2021-08-04T09:01:23","guid":{"rendered":"https:\/\/chantampharma.com.vn\/chinh-sach-bao-mat\/"},"modified":"2025-09-23T02:26:30","modified_gmt":"2025-09-23T02:26:30","slug":"chinh-sach-bao-mat","status":"publish","type":"page","link":"https:\/\/chantampharma.com.vn\/en\/chinh-sach-bao-mat\/","title":{"rendered":"Privacy Policy"},"content":{"rendered":"\r\n<h1 class=\"wp-block-heading\">Ch\u00ednh S\u00e1ch B\u1ea3o M\u1eadt<\/h1>\r\n\r\n\r\n\r\n<p><strong>THU TH\u1eacP TH\u00d4NG TIN C\u00c1 NH\u00c2N<\/strong><\/p>\r\n\r\n\r\n\r\n<p>Th\u00f4ng tin c\u00e1 nh\u00e2n thu th\u1eadp \u0111\u01b0\u1ee3c s\u1ebd s\u1eed d\u1ee5ng trong n\u1ed9i b\u1ed9 c\u00f4ng ty v\u1edbi m\u1ee5c \u0111\u00edch ch\u0103m s\u00f3c kh\u00e1ch h\u00e0ng t\u1ed1t h\u01a1n.<\/p>\r\n\r\n\r\n\r\n<p>Khi qu\u00fd kh\u00e1ch mua h\u00e0ng t\u1ea1i Ch\u00e2n T\u00e2m Pharma, ch\u00fang t\u00f4i ti\u1ebfn h\u00e0nh thu th\u1eadp c\u00e1c th\u00f4ng tin c\u1ea7n thi\u1ebft sau:<\/p>\r\n\r\n\r\n\r\n<p>H\u1ecd v\u00e0 t\u00ean ng\u01b0\u1eddi mua h\u00e0ng, ng\u01b0\u1eddi nh\u1eadn h\u00e0ng.<\/p>\r\n\r\n\r\n\r\n<p>\u0110\u1ecba ch\u1ec9 ng\u01b0\u1eddi mua h\u00e0ng, ng\u01b0\u1eddi nh\u1eadn h\u00e0ng.<\/p>\r\n\r\n\r\n\r\n<p>S\u1ed1 \u0111i\u1ec7n tho\u1ea1i ng\u01b0\u1eddi mua h\u00e0ng, ng\u01b0\u1eddi nh\u1eadn h\u00e0ng.<\/p>\r\n\r\n\r\n\r\n<p>\u0110\u1ecba ch\u1ec9 email.<\/p>\r\n\r\n\r\n\r\n<p>Ng\u00e0y sinh.<\/p>\r\n\r\n\r\n\r\n<p>Gi\u1edbi t\u00ednh.<\/p>\r\n\r\n\r\n\r\n<p>Nh\u1eefng th\u00f4ng tin tr\u00ean s\u1ebd \u0111\u01b0\u1ee3c s\u1eed d\u1ee5ng cho m\u1ed9t ho\u1eb7c t\u1ea5t c\u1ea3 c\u00e1c m\u1ee5c \u0111\u00edch sau \u0111\u00e2y:<\/p>\r\n\r\n\r\n\r\n<p>Giao s\u1ea3n ph\u1ea9m qu\u00fd kh\u00e1ch h\u00e0ng \u0111\u00e3 mua t\u1ea1i\u00a0Ch\u00e2n T\u00e2m Pharma.<\/p>\r\n\r\n\r\n\r\n<p>Th\u00f4ng b\u00e1o v\u1ec1 vi\u1ec7c giao h\u00e0ng v\u00e0 h\u1ed7 tr\u1ee3 kh\u00e1ch h\u00e0ng.<\/p>\r\n\r\n\r\n\r\n<p>Th\u00f4ng b\u00e1o c\u00e1c th\u00f4ng tin li\u00ean quan \u0111\u1ebfn s\u1ea3n ph\u1ea9m.<\/p>\r\n\r\n\r\n\r\n<p>X\u1eed l\u00fd \u0111\u01a1n \u0111\u1eb7t h\u00e0ng v\u00e0 cung c\u1ea5p c\u00e1c d\u1ecbch v\u1ee5, th\u00f4ng tin qua trang web theo y\u00eau c\u1ea7u kh\u00e1ch h\u00e0ng.<\/p>\r\n\r\n\r\n\r\n<p>Khi qu\u00fd kh\u00e1ch \u0111\u0103ng k\u00fd nh\u1eadn b\u1ea3n tin t\u1eeb \u00a0Ch\u00e2n T\u00e2m Pharma ch\u00fang t\u00f4i c\u0169ng s\u1ebd s\u1eed d\u1ee5ng th\u00f4ng tin c\u00e1 nh\u00e2n c\u1ee7a qu\u00fd kh\u00e1ch \u0111\u1ec3 g\u1eedi c\u00e1c th\u00f4ng tin khuy\u1ebfn m\u00e3i\/ti\u1ebfp th\u1ecb. Qu\u00fd kh\u00e1ch c\u00f3 th\u1ec3 h\u1ee7y nh\u1eadn c\u00e1c th\u00f4ng tin \u0111\u00f3 b\u1ea5t k\u1ef3 l\u00fac n\u00e0o b\u1eb1ng c\u00e1ch s\u1eed d\u1ee5ng ch\u1ee9c n\u0103ng h\u1ee7y \u0111\u0103ng k\u00fd trong c\u00e1c th\u00f4ng b\u00e1o qu\u1ea3ng c\u00e1o.<\/p>\r\n\r\n\r\n\r\n<p><strong>C\u1eacP NH\u1eacT TH\u00d4NG TIN C\u00c1 NH\u00c2N<\/strong><\/p>\r\n\r\n\r\n\r\n<p>Qu\u00fd kh\u00e1ch c\u00f3 th\u1ec3 c\u1eadp nh\u1eadt th\u00f4ng tin c\u00e1 nh\u00e2n c\u1ee7a m\u00ecnh b\u1ea5t k\u1ef3 l\u00fac n\u00e0o b\u1eb1ng c\u00e1ch \u0111\u0103ng nh\u1eadp(n\u1ebfu qu\u00fd kh\u00e1ch h\u00e0ng c\u00f3 t\u00e0i kho\u1ea3n) ho\u1eb7c li\u00ean h\u1ec7 v\u1edbi b\u1ed9 ph\u1eadn ch\u0103m s\u00f3c kh\u00e1ch h\u00e0ng c\u1ee7a ch\u00fang t\u00f4i.<\/p>\r\n\r\n\r\n\r\n<p><strong>B\u1ea2O M\u1eacT TH\u00d4NG TIN C\u00c1 NH\u00c2N<\/strong><\/p>\r\n\r\n\r\n\r\n<p>Ch\u00fang t\u00f4i \u0111\u1ea3m b\u1ea3o r\u1eb1ng m\u1ecdi th\u00f4ng tin thu th\u1eadp \u0111\u01b0\u1ee3c s\u1ebd \u0111\u01b0\u1ee3c l\u01b0u gi\u1eef an to\u00e0n. Ch\u00fang t\u00f4i b\u1ea3o v\u1ec7 th\u00f4ng tin c\u00e1 nh\u00e2n c\u1ee7a qu\u00fd kh\u00e1ch b\u1eb1ng c\u00e1ch:\u00a0 \u00a0 \u00a0<\/p>\r\n\r\n\r\n\r\n<p>Gi\u1edbi h\u1ea1n truy c\u1eadp th\u00f4ng tin c\u00e1 nh\u00e2n.<\/p>\r\n\r\n\r\n\r\n<p>S\u1eed d\u1ee5ng s\u1ea3n ph\u1ea9m c\u00f4ng ngh\u1ec7 \u0111\u1ec3 ng\u0103n ch\u1eb7n truy c\u1eadp m\u00e1y t\u00ednh tr\u00e1i ph\u00e9p<\/p>\r\n\r\n\r\n\r\n<p>X\u00f3a th\u00f4ng tin c\u00e1 nh\u00e2n c\u1ee7a qu\u00fd kh\u00e1ch khi n\u00f3 kh\u00f4ng c\u00f2n c\u1ea7n thi\u1ebft cho m\u1ee5c \u0111\u00edch l\u01b0u tr\u1eef h\u1ed3 s\u01a1 c\u1ee7a ch\u00fang t\u00f4i<\/p>\r\n\r\n\r\n\r\n<p><strong>TI\u1ebeT L\u1ed8 TH\u00d4NG TIN C\u00c1 NH\u00c2N<\/strong><\/p>\r\n\r\n\r\n\r\n<p>Ch\u00fang t\u00f4i s\u1ebd kh\u00f4ng chia s\u1ebb th\u00f4ng tin c\u1ee7a qu\u00fd kh\u00e1ch cho b\u1ea5t k\u1ef3 m\u1ed9t c\u00f4ng ty n\u00e0o kh\u00e1c ngo\u1ea1i tr\u1eeb nh\u1eefng c\u00f4ng ty v\u00e0 c\u00e1c b\u00ean th\u1ee9 ba c\u00f3 li\u00ean quan tr\u1ef1c ti\u1ebfp \u0111\u1ebfn vi\u1ec7c giao h\u00e0ng m\u00e0 qu\u00fd kh\u00e1ch \u0111\u00e3 mua t\u1ea1i c\u00f4ng ty ch\u00fang t\u00f4i. Trong m\u1ed9t v\u00e0i tr\u01b0\u1eddng h\u1ee3p \u0111\u1eb7c bi\u1ec7t, Ch\u00fang t\u00f4i c\u00f3 th\u1ec3 b\u1ecb y\u00eau c\u1ea7u ph\u1ea3i ti\u1ebft l\u1ed9 th\u00f4ng tin c\u00e1 nh\u00e2n, v\u00ed d\u1ee5 nh\u01b0 khi c\u00f3 c\u0103n c\u1ee9 cho vi\u1ec7c ti\u1ebft l\u1ed9 th\u00f4ng tin l\u00e0 c\u1ea7n thi\u1ebft \u0111\u1ec3 ng\u0103n ch\u1eb7n c\u00e1c m\u1ed1i \u0111e d\u1ecda v\u1ec1 t\u00ednh m\u1ea1ng v\u00e0 s\u1ee9c kh\u1ecfe, hay cho m\u1ee5c \u0111\u00edch th\u1ef1c thi ph\u00e1p lu\u1eadt Vi\u1ec7t Nam.<\/p>\r\n\r\n\r\n\r\n<p>Ch\u00fang t\u00f4i cam k\u1ebft kh\u00f4ng b\u00e1n, chia s\u1ebb th\u00f4ng tin c\u00e1 nh\u00e2n c\u1ee7a m\u1ecdi kh\u00e1ch h\u00e0ng cho b\u00ean th\u1ee9 3 n\u00e0o kh\u00e1c n\u1ebfu ch\u01b0a \u0111\u01b0\u1ee3c s\u1ef1 \u0111\u1ed3ng \u00fd c\u1ee7a kh\u00e1ch h\u00e0ng tr\u1eeb m\u1ed9t s\u1ed1 tr\u01b0\u1eddng h\u1ee3p c\u1ee5 th\u1ec3 sau:<\/p>\r\n\r\n\r\n\r\n<p>\u0110\u1ec3 b\u1ea3o v\u1ec7 Ch\u00e2n T\u00e2m Pharma (C\u00d4NG TY TNHH D\u01af\u1ee2C PH\u1ea8M CH\u00c2N T\u00c2M ) v\u00e0 b\u00ean th\u1ee9 ba: ch\u00fang t\u00f4i ch\u1ec9 cung c\u1ea5p th\u00f4ng tin kh\u00e1ch h\u00e0ng khi tin ch\u1eafc r\u1eb1ng nh\u1eefng th\u00f4ng tin n\u00e0y ph\u00f9 h\u1ee3p v\u1edbi ph\u00e1p lu\u1eadt Vi\u1ec7t Nam, b\u1ea3o v\u1ec7 quy\u1ec1n l\u1ee3i, t\u00e0i s\u1ea3n c\u1ee7a ng\u01b0\u1eddi s\u1eed d\u1ee5ng d\u1ecbch v\u1ee5, c\u1ee7a Ch\u00e2n T\u00e2m Pharma v\u00e0 b\u00ean th\u1ee9 ba kh\u00e1c c\u00f3 li\u00ean quan.<\/p>\r\n\r\n\r\n\r\n<p>Theo y\u00eau c\u1ea7u ph\u00e1p l\u00fd t\u1eeb m\u1ed9t c\u01a1 quan ch\u00ednh ph\u1ee7 n\u00e0o \u0111\u00f3 ho\u1eb7c khi ch\u00fang t\u00f4i tin r\u1eb1ng vi\u1ec7c \u0111\u00f3 l\u00e0 ph\u00f9 h\u1ee3p v\u00e0 c\u1ea7n thi\u1ebft nh\u1eb1m tu\u00e2n th\u1ee7 theo ph\u00e1p lu\u1eadt Vi\u1ec7t Nam.<\/p>\r\n\r\n\r\n\r\n<p>Trong nh\u1eefng tr\u01b0\u1eddng h\u1ee3p c\u00f2n l\u1ea1i, ch\u00fang t\u00f4i ch\u1ec9 cung c\u1ea5p cho b\u00ean th\u1ee9 ba khi v\u00e0 ch\u1ec9 khi nh\u1eadn \u0111\u01b0\u1ee3c s\u1ef1 \u0111\u1ed3ng \u00fd c\u1ee7a kh\u00e1ch h\u00e0ng. V\u00ed d\u1ee5: c\u00e1c ch\u01b0\u01a1ng tr\u00ecnh khuy\u1ebfn m\u00e3i c\u00f3 s\u1ef1 h\u1ee3p t\u00e1c c\u1ee7a Ch\u00e2n T\u00e2m Pharma v\u1edbi c\u00e1c \u0111\u1ed1i t\u00e1c, nh\u00e0 t\u00e0i tr\u1ee3 kh\u00e1c; cung c\u1ea5p th\u00f4ng tin giao nh\u1eadn c\u1ea7n thi\u1ebft cho c\u00e1c \u0111\u01a1n v\u1ecb giao nh\u1eadn.<\/p>\r\n\r\n\r\n\r\n<p>N\u1ebfu qu\u00fd kh\u00e1ch tin r\u1eb1ng b\u1ea3o m\u1eadt c\u1ee7a qu\u00fd kh\u00e1ch b\u1ecb Ch\u00e2n T\u00e2m Pharma x\u00e2m ph\u1ea1m, xin vui l\u00f2ng li\u00ean h\u1ec7 v\u1edbi ch\u00fang t\u00f4i t\u1ea1i \u0111\u1ecba ch\u1ec9 info@chantampharma.com.vn\u00a0\u0111\u1ec3 \u0111\u01b0\u1ee3c gi\u1ea3i quy\u1ebft v\u1ea5n \u0111\u1ec1.<\/p>\r\n\r\n\r\n\r\n<p><strong>THAY \u0110\u1ed4I C\u1ee6A CH\u00cdNH S\u00c1CH B\u1ea2O M\u1eacT<\/strong><\/p>\r\n\r\n\r\n\r\n<p>Ch\u00fang t\u00f4i c\u00f3 quy\u1ec1n thay \u0111\u1ed5i v\u00e0 ch\u1ec9nh s\u1eeda Quy \u0111\u1ecbnh B\u1ea3o m\u1eadt v\u00e0o b\u1ea5t k\u1ef3 l\u00fac n\u00e0o. B\u1ea5t c\u1ee9 thay \u0111\u1ed5i n\u00e0o v\u1ec1 ch\u00ednh s\u00e1ch n\u00e0y \u0111\u1ec1u \u0111\u01b0\u1ee3c \u0111\u0103ng tr\u00ean trang web c\u1ee7a ch\u00fang t\u00f4i.<\/p>\r\n\r\n\r\n\r\n<p>N\u1ebfu qu\u00fd kh\u00e1ch kh\u00f4ng h\u00e0i l\u00f2ng v\u1edbi vi\u1ec7c ch\u00fang t\u00f4i x\u1eed l\u00fd th\u1eafc m\u1eafc hay khi\u1ebfu n\u1ea1i c\u1ee7a qu\u00fd kh\u00e1ch, xin vui l\u00f2ng li\u00ean h\u1ec7 v\u1edbi ch\u00fang t\u00f4i t\u1ea1i info@chantampharma.com.vn<\/p>\r\n","protected":false},"excerpt":{"rendered":"<p>Ch\u00ednh S\u00e1ch B\u1ea3o M\u1eadt THU TH\u1eacP TH\u00d4NG TIN C\u00c1 NH\u00c2N Th\u00f4ng tin c\u00e1 nh\u00e2n thu th\u1eadp \u0111\u01b0\u1ee3c s\u1ebd s\u1eed d\u1ee5ng trong n\u1ed9i b\u1ed9 c\u00f4ng ty v\u1edbi m\u1ee5c \u0111\u00edch ch\u0103m s\u00f3c kh\u00e1ch h\u00e0ng t\u1ed1t h\u01a1n. Khi qu\u00fd kh\u00e1ch mua h\u00e0ng t\u1ea1i Ch\u00e2n T\u00e2m Pharma, ch\u00fang t\u00f4i ti\u1ebfn h\u00e0nh thu th\u1eadp c\u00e1c th\u00f4ng tin c\u1ea7n thi\u1ebft sau: [&hellip;]<\/p>\n","protected":false},"author":2,"featured_media":0,"parent":0,"menu_order":0,"comment_status":"closed","ping_status":"open","template":"page-template\/privacy_policy-template.php","meta":{"footnotes":""},"class_list":["post-2395","page","type-page","status-publish","hentry"],"yoast_head":"<!-- This site is optimized with the Yoast SEO plugin v24.9 - https:\/\/yoast.com\/wordpress\/plugins\/seo\/ -->\n<title>Privacy Policy - Ch\u00e2n T\u00e2m Pharma<\/title>\n<meta name=\"robots\" content=\"index, follow, max-snippet:-1, max-image-preview:large, max-video-preview:-1\" \/>\n<link rel=\"canonical\" href=\"https:\/\/chantampharma.com.vn\/en\/chinh-sach-bao-mat\/\" \/>\n<meta property=\"og:locale\" content=\"en_GB\" \/>\n<meta property=\"og:type\" content=\"article\" \/>\n<meta property=\"og:title\" content=\"Privacy Policy - Ch\u00e2n T\u00e2m Pharma\" \/>\n<meta property=\"og:description\" content=\"Ch\u00ednh S\u00e1ch B\u1ea3o M\u1eadt THU TH\u1eacP TH\u00d4NG TIN C\u00c1 NH\u00c2N Th\u00f4ng tin c\u00e1 nh\u00e2n thu th\u1eadp \u0111\u01b0\u1ee3c s\u1ebd s\u1eed d\u1ee5ng trong n\u1ed9i b\u1ed9 c\u00f4ng ty v\u1edbi m\u1ee5c \u0111\u00edch ch\u0103m s\u00f3c kh\u00e1ch h\u00e0ng t\u1ed1t h\u01a1n. Khi qu\u00fd kh\u00e1ch mua h\u00e0ng t\u1ea1i Ch\u00e2n T\u00e2m Pharma, ch\u00fang t\u00f4i ti\u1ebfn h\u00e0nh thu th\u1eadp c\u00e1c th\u00f4ng tin c\u1ea7n thi\u1ebft sau: [&hellip;]\" \/>\n<meta property=\"og:url\" content=\"https:\/\/chantampharma.com.vn\/en\/chinh-sach-bao-mat\/\" \/>\n<meta property=\"og:site_name\" content=\"Ch\u00e2n T\u00e2m Pharma\" \/>\n<meta property=\"article:modified_time\" content=\"2025-09-23T02:26:30+00:00\" \/>\n<meta name=\"twitter:card\" content=\"summary_large_image\" \/>\n<meta name=\"twitter:label1\" content=\"Estimated reading time\" \/>\n\t<meta name=\"twitter:data1\" content=\"5 minutes\" \/>\n<script type=\"application\/ld+json\" class=\"yoast-schema-graph\">{\"@context\":\"https:\/\/schema.org\",\"@graph\":[{\"@type\":\"WebPage\",\"@id\":\"https:\/\/chantampharma.com.vn\/en\/chinh-sach-bao-mat\/\",\"url\":\"https:\/\/chantampharma.com.vn\/en\/chinh-sach-bao-mat\/\",\"name\":\"Privacy Policy - Ch\u00e2n T\u00e2m Pharma\",\"isPartOf\":{\"@id\":\"https:\/\/chantampharma.com.vn\/#website\"},\"datePublished\":\"2021-08-04T09:01:23+00:00\",\"dateModified\":\"2025-09-23T02:26:30+00:00\",\"breadcrumb\":{\"@id\":\"https:\/\/chantampharma.com.vn\/en\/chinh-sach-bao-mat\/#breadcrumb\"},\"inLanguage\":\"en-GB\",\"potentialAction\":[{\"@type\":\"ReadAction\",\"target\":[\"https:\/\/chantampharma.com.vn\/en\/chinh-sach-bao-mat\/\"]}]},{\"@type\":\"BreadcrumbList\",\"@id\":\"https:\/\/chantampharma.com.vn\/en\/chinh-sach-bao-mat\/#breadcrumb\",\"itemListElement\":[{\"@type\":\"ListItem\",\"position\":1,\"name\":\"Trang ch\u1ee7\",\"item\":\"https:\/\/chantampharma.com.vn\/en\/\"},{\"@type\":\"ListItem\",\"position\":2,\"name\":\"Privacy Policy\"}]},{\"@type\":\"WebSite\",\"@id\":\"https:\/\/chantampharma.com.vn\/#website\",\"url\":\"https:\/\/chantampharma.com.vn\/\",\"name\":\"Ch\u00e2n T\u00e2m Pharma\",\"description\":\"\",\"publisher\":{\"@id\":\"https:\/\/chantampharma.com.vn\/#organization\"},\"potentialAction\":[{\"@type\":\"SearchAction\",\"target\":{\"@type\":\"EntryPoint\",\"urlTemplate\":\"https:\/\/chantampharma.com.vn\/?s={search_term_string}\"},\"query-input\":{\"@type\":\"PropertyValueSpecification\",\"valueRequired\":true,\"valueName\":\"search_term_string\"}}],\"inLanguage\":\"en-GB\"},{\"@type\":\"Organization\",\"@id\":\"https:\/\/chantampharma.com.vn\/#organization\",\"name\":\"Ch\u00e2n T\u00e2m Pharma\",\"url\":\"https:\/\/chantampharma.com.vn\/\",\"logo\":{\"@type\":\"ImageObject\",\"inLanguage\":\"en-GB\",\"@id\":\"https:\/\/chantampharma.com.vn\/#\/schema\/logo\/image\/\",\"url\":\"https:\/\/chantampharma.com.vn\/wp-content\/uploads\/2025\/06\/cropped-fsd.png\",\"contentUrl\":\"https:\/\/chantampharma.com.vn\/wp-content\/uploads\/2025\/06\/cropped-fsd.png\",\"width\":130,\"height\":34,\"caption\":\"Ch\u00e2n T\u00e2m Pharma\"},\"image\":{\"@id\":\"https:\/\/chantampharma.com.vn\/#\/schema\/logo\/image\/\"}}]}<\/script>\n<!-- \/ Yoast SEO plugin. -->","yoast_head_json":{"title":"Privacy Policy - Ch\u00e2n T\u00e2m Pharma","robots":{"index":"index","follow":"follow","max-snippet":"max-snippet:-1","max-image-preview":"max-image-preview:large","max-video-preview":"max-video-preview:-1"},"canonical":"https:\/\/chantampharma.com.vn\/en\/chinh-sach-bao-mat\/","og_locale":"en_GB","og_type":"article","og_title":"Privacy Policy - Ch\u00e2n T\u00e2m Pharma","og_description":"Ch\u00ednh S\u00e1ch B\u1ea3o M\u1eadt THU TH\u1eacP TH\u00d4NG TIN C\u00c1 NH\u00c2N Th\u00f4ng tin c\u00e1 nh\u00e2n thu th\u1eadp \u0111\u01b0\u1ee3c s\u1ebd s\u1eed d\u1ee5ng trong n\u1ed9i b\u1ed9 c\u00f4ng ty v\u1edbi m\u1ee5c \u0111\u00edch ch\u0103m s\u00f3c kh\u00e1ch h\u00e0ng t\u1ed1t h\u01a1n. Khi qu\u00fd kh\u00e1ch mua h\u00e0ng t\u1ea1i Ch\u00e2n T\u00e2m Pharma, ch\u00fang t\u00f4i ti\u1ebfn h\u00e0nh thu th\u1eadp c\u00e1c th\u00f4ng tin c\u1ea7n thi\u1ebft sau: [&hellip;]","og_url":"https:\/\/chantampharma.com.vn\/en\/chinh-sach-bao-mat\/","og_site_name":"Ch\u00e2n T\u00e2m Pharma","article_modified_time":"2025-09-23T02:26:30+00:00","twitter_card":"summary_large_image","twitter_misc":{"Estimated reading time":"5 minutes"},"schema":{"@context":"https:\/\/schema.org","@graph":[{"@type":"WebPage","@id":"https:\/\/chantampharma.com.vn\/en\/chinh-sach-bao-mat\/","url":"https:\/\/chantampharma.com.vn\/en\/chinh-sach-bao-mat\/","name":"Privacy Policy - Ch\u00e2n T\u00e2m Pharma","isPartOf":{"@id":"https:\/\/chantampharma.com.vn\/#website"},"datePublished":"2021-08-04T09:01:23+00:00","dateModified":"2025-09-23T02:26:30+00:00","breadcrumb":{"@id":"https:\/\/chantampharma.com.vn\/en\/chinh-sach-bao-mat\/#breadcrumb"},"inLanguage":"en-GB","potentialAction":[{"@type":"ReadAction","target":["https:\/\/chantampharma.com.vn\/en\/chinh-sach-bao-mat\/"]}]},{"@type":"BreadcrumbList","@id":"https:\/\/chantampharma.com.vn\/en\/chinh-sach-bao-mat\/#breadcrumb","itemListElement":[{"@type":"ListItem","position":1,"name":"Trang ch\u1ee7","item":"https:\/\/chantampharma.com.vn\/en\/"},{"@type":"ListItem","position":2,"name":"Privacy Policy"}]},{"@type":"WebSite","@id":"https:\/\/chantampharma.com.vn\/#website","url":"https:\/\/chantampharma.com.vn\/","name":"Ch\u00e2n T\u00e2m Pharma","description":"","publisher":{"@id":"https:\/\/chantampharma.com.vn\/#organization"},"potentialAction":[{"@type":"SearchAction","target":{"@type":"EntryPoint","urlTemplate":"https:\/\/chantampharma.com.vn\/?s={search_term_string}"},"query-input":{"@type":"PropertyValueSpecification","valueRequired":true,"valueName":"search_term_string"}}],"inLanguage":"en-GB"},{"@type":"Organization","@id":"https:\/\/chantampharma.com.vn\/#organization","name":"Ch\u00e2n T\u00e2m Pharma","url":"https:\/\/chantampharma.com.vn\/","logo":{"@type":"ImageObject","inLanguage":"en-GB","@id":"https:\/\/chantampharma.com.vn\/#\/schema\/logo\/image\/","url":"https:\/\/chantampharma.com.vn\/wp-content\/uploads\/2025\/06\/cropped-fsd.png","contentUrl":"https:\/\/chantampharma.com.vn\/wp-content\/uploads\/2025\/06\/cropped-fsd.png","width":130,"height":34,"caption":"Ch\u00e2n T\u00e2m Pharma"},"image":{"@id":"https:\/\/chantampharma.com.vn\/#\/schema\/logo\/image\/"}}]}},"_links":{"self":[{"href":"https:\/\/chantampharma.com.vn\/en\/wp-json\/wp\/v2\/pages\/2395","targetHints":{"allow":["GET"]}}],"collection":[{"href":"https:\/\/chantampharma.com.vn\/en\/wp-json\/wp\/v2\/pages"}],"about":[{"href":"https:\/\/chantampharma.com.vn\/en\/wp-json\/wp\/v2\/types\/page"}],"author":[{"embeddable":true,"href":"https:\/\/chantampharma.com.vn\/en\/wp-json\/wp\/v2\/users\/2"}],"replies":[{"embeddable":true,"href":"https:\/\/chantampharma.com.vn\/en\/wp-json\/wp\/v2\/comments?post=2395"}],"version-history":[{"count":5,"href":"https:\/\/chantampharma.com.vn\/en\/wp-json\/wp\/v2\/pages\/2395\/revisions"}],"predecessor-version":[{"id":6747,"href":"https:\/\/chantampharma.com.vn\/en\/wp-json\/wp\/v2\/pages\/2395\/revisions\/6747"}],"wp:attachment":[{"href":"https:\/\/chantampharma.com.vn\/en\/wp-json\/wp\/v2\/media?parent=2395"}],"curies":[{"name":"wp","href":"https:\/\/api.w.org\/{rel}","templated":true}]}}