{"id":2388,"date":"2021-08-09T07:54:19","date_gmt":"2021-08-09T07:54:19","guid":{"rendered":"https:\/\/chantampharma.com.vn\/chinh-sach-bao-hanh-ban-hang\/"},"modified":"2025-09-23T02:24:05","modified_gmt":"2025-09-23T02:24:05","slug":"chinh-sach-bao-hanh-ban-hang","status":"publish","type":"page","link":"https:\/\/chantampharma.com.vn\/en\/chinh-sach-bao-hanh-ban-hang\/","title":{"rendered":"Warranty &#038; Sales Policy"},"content":{"rendered":"\r\n<h1 class=\"has-black-color has-text-color wp-block-heading\">Ch\u00ednh S\u00e1ch B\u1ea3o H\u00e0nh &amp; B\u00e1n h\u00e0ng<\/h1>\r\n\r\n\r\n\r\n<p>Thu\u1ed1c v\u00e0 th\u1ef1c ph\u1ea9m ch\u1ee9c n\u0103ng kh\u00f4ng \u00e1p d\u1ee5ng ch\u00ednh s\u00e1ch b\u1ea3o h\u00e0nh. Tr\u00ean m\u1ed7i s\u1ea3n ph\u1ea9m c\u00f3 in H\u1ea1n s\u1eed d\u1ee5ng c\u1ee7a nh\u00e0 s\u1ea3n xu\u1ea5t.<\/p>\r\n\r\n\r\n\r\n<p><strong>C\u00d4NG TY TNHH D\u01af\u1ee2C PH\u1ea8M CH\u00c2N T\u00c2M<\/strong><\/p>\r\n\r\n\r\n\r\n<p><strong>\u0110\u1ecba ch\u1ec9:<\/strong> U1A B\u1ea1ch M\u00e3, Ph\u01b0\u1eddng 15, Q.10 TP.HCM.<\/p>\r\n\r\n\r\n\r\n<p><strong>Email:<\/strong>\u00a0info@chantampharma.com.vn\u00a0 \u00a0<\/p>\r\n\r\n\r\n\r\n<p><strong>Website:<\/strong>\u00a0chantampharma.com.vn<\/p>\r\n\r\n\r\n\r\n<p>M\u1eccI CHI TI\u1ebeT XIN LI\u00caN H\u1ec6<\/p>\r\n\r\n\r\n\r\n<p><strong>\u0110i\u1ec7n tho\u1ea1i:<\/strong> <a class=\"info__detail\" href=\"tel:+84909972324\">0909 97 2324<\/a><\/p>\r\n","protected":false},"excerpt":{"rendered":"<p>Ch\u00ednh S\u00e1ch B\u1ea3o H\u00e0nh &amp; B\u00e1n h\u00e0ng Thu\u1ed1c v\u00e0 th\u1ef1c ph\u1ea9m ch\u1ee9c n\u0103ng kh\u00f4ng \u00e1p d\u1ee5ng ch\u00ednh s\u00e1ch b\u1ea3o h\u00e0nh. Tr\u00ean m\u1ed7i s\u1ea3n ph\u1ea9m c\u00f3 in H\u1ea1n s\u1eed d\u1ee5ng c\u1ee7a nh\u00e0 s\u1ea3n xu\u1ea5t. C\u00d4NG TY TNHH D\u01af\u1ee2C PH\u1ea8M CH\u00c2N T\u00c2M \u0110\u1ecba ch\u1ec9: U1A B\u1ea1ch M\u00e3, Ph\u01b0\u1eddng 15, Q.10 TP.HCM. Email:\u00a0info@chantampharma.com.vn\u00a0 \u00a0 Website:\u00a0chantampharma.com.vn M\u1eccI CHI TI\u1ebeT [&hellip;]<\/p>\n","protected":false},"author":2,"featured_media":0,"parent":0,"menu_order":0,"comment_status":"closed","ping_status":"closed","template":"page-template\/warranty_salesPolicy-template.php","meta":{"footnotes":""},"class_list":["post-2388","page","type-page","status-publish","hentry"],"yoast_head":"<!-- This site is optimized with the Yoast SEO plugin v24.9 - https:\/\/yoast.com\/wordpress\/plugins\/seo\/ -->\n<title>Warranty &amp; Sales Policy - Ch\u00e2n T\u00e2m Pharma<\/title>\n<meta name=\"robots\" content=\"index, follow, max-snippet:-1, max-image-preview:large, max-video-preview:-1\" \/>\n<link rel=\"canonical\" href=\"https:\/\/chantampharma.com.vn\/en\/chinh-sach-bao-hanh-ban-hang\/\" \/>\n<meta property=\"og:locale\" content=\"en_GB\" \/>\n<meta property=\"og:type\" content=\"article\" \/>\n<meta property=\"og:title\" content=\"Warranty &amp; Sales Policy - Ch\u00e2n T\u00e2m Pharma\" \/>\n<meta property=\"og:description\" content=\"Ch\u00ednh S\u00e1ch B\u1ea3o H\u00e0nh &amp; B\u00e1n h\u00e0ng Thu\u1ed1c v\u00e0 th\u1ef1c ph\u1ea9m ch\u1ee9c n\u0103ng kh\u00f4ng \u00e1p d\u1ee5ng ch\u00ednh s\u00e1ch b\u1ea3o h\u00e0nh. Tr\u00ean m\u1ed7i s\u1ea3n ph\u1ea9m c\u00f3 in H\u1ea1n s\u1eed d\u1ee5ng c\u1ee7a nh\u00e0 s\u1ea3n xu\u1ea5t. C\u00d4NG TY TNHH D\u01af\u1ee2C PH\u1ea8M CH\u00c2N T\u00c2M \u0110\u1ecba ch\u1ec9: U1A B\u1ea1ch M\u00e3, Ph\u01b0\u1eddng 15, Q.10 TP.HCM. Email:\u00a0info@chantampharma.com.vn\u00a0 \u00a0 Website:\u00a0chantampharma.com.vn M\u1eccI CHI TI\u1ebeT [&hellip;]\" \/>\n<meta property=\"og:url\" content=\"https:\/\/chantampharma.com.vn\/en\/chinh-sach-bao-hanh-ban-hang\/\" \/>\n<meta property=\"og:site_name\" content=\"Ch\u00e2n T\u00e2m Pharma\" \/>\n<meta property=\"article:modified_time\" content=\"2025-09-23T02:24:05+00:00\" \/>\n<meta name=\"twitter:card\" content=\"summary_large_image\" \/>\n<meta name=\"twitter:label1\" content=\"Estimated reading time\" \/>\n\t<meta name=\"twitter:data1\" content=\"1 minute\" \/>\n<script type=\"application\/ld+json\" class=\"yoast-schema-graph\">{\"@context\":\"https:\/\/schema.org\",\"@graph\":[{\"@type\":\"WebPage\",\"@id\":\"https:\/\/chantampharma.com.vn\/en\/chinh-sach-bao-hanh-ban-hang\/\",\"url\":\"https:\/\/chantampharma.com.vn\/en\/chinh-sach-bao-hanh-ban-hang\/\",\"name\":\"Warranty & Sales Policy - Ch\u00e2n T\u00e2m Pharma\",\"isPartOf\":{\"@id\":\"https:\/\/chantampharma.com.vn\/#website\"},\"datePublished\":\"2021-08-09T07:54:19+00:00\",\"dateModified\":\"2025-09-23T02:24:05+00:00\",\"breadcrumb\":{\"@id\":\"https:\/\/chantampharma.com.vn\/en\/chinh-sach-bao-hanh-ban-hang\/#breadcrumb\"},\"inLanguage\":\"en-GB\",\"potentialAction\":[{\"@type\":\"ReadAction\",\"target\":[\"https:\/\/chantampharma.com.vn\/en\/chinh-sach-bao-hanh-ban-hang\/\"]}]},{\"@type\":\"BreadcrumbList\",\"@id\":\"https:\/\/chantampharma.com.vn\/en\/chinh-sach-bao-hanh-ban-hang\/#breadcrumb\",\"itemListElement\":[{\"@type\":\"ListItem\",\"position\":1,\"name\":\"Trang ch\u1ee7\",\"item\":\"https:\/\/chantampharma.com.vn\/en\/\"},{\"@type\":\"ListItem\",\"position\":2,\"name\":\"Warranty &#038; Sales Policy\"}]},{\"@type\":\"WebSite\",\"@id\":\"https:\/\/chantampharma.com.vn\/#website\",\"url\":\"https:\/\/chantampharma.com.vn\/\",\"name\":\"Ch\u00e2n T\u00e2m Pharma\",\"description\":\"\",\"publisher\":{\"@id\":\"https:\/\/chantampharma.com.vn\/#organization\"},\"potentialAction\":[{\"@type\":\"SearchAction\",\"target\":{\"@type\":\"EntryPoint\",\"urlTemplate\":\"https:\/\/chantampharma.com.vn\/?s={search_term_string}\"},\"query-input\":{\"@type\":\"PropertyValueSpecification\",\"valueRequired\":true,\"valueName\":\"search_term_string\"}}],\"inLanguage\":\"en-GB\"},{\"@type\":\"Organization\",\"@id\":\"https:\/\/chantampharma.com.vn\/#organization\",\"name\":\"Ch\u00e2n T\u00e2m Pharma\",\"url\":\"https:\/\/chantampharma.com.vn\/\",\"logo\":{\"@type\":\"ImageObject\",\"inLanguage\":\"en-GB\",\"@id\":\"https:\/\/chantampharma.com.vn\/#\/schema\/logo\/image\/\",\"url\":\"https:\/\/chantampharma.com.vn\/wp-content\/uploads\/2025\/06\/cropped-fsd.png\",\"contentUrl\":\"https:\/\/chantampharma.com.vn\/wp-content\/uploads\/2025\/06\/cropped-fsd.png\",\"width\":130,\"height\":34,\"caption\":\"Ch\u00e2n T\u00e2m Pharma\"},\"image\":{\"@id\":\"https:\/\/chantampharma.com.vn\/#\/schema\/logo\/image\/\"}}]}<\/script>\n<!-- \/ Yoast SEO plugin. -->","yoast_head_json":{"title":"Warranty & Sales Policy - Ch\u00e2n T\u00e2m Pharma","robots":{"index":"index","follow":"follow","max-snippet":"max-snippet:-1","max-image-preview":"max-image-preview:large","max-video-preview":"max-video-preview:-1"},"canonical":"https:\/\/chantampharma.com.vn\/en\/chinh-sach-bao-hanh-ban-hang\/","og_locale":"en_GB","og_type":"article","og_title":"Warranty & Sales Policy - Ch\u00e2n T\u00e2m Pharma","og_description":"Ch\u00ednh S\u00e1ch B\u1ea3o H\u00e0nh &amp; B\u00e1n h\u00e0ng Thu\u1ed1c v\u00e0 th\u1ef1c ph\u1ea9m ch\u1ee9c n\u0103ng kh\u00f4ng \u00e1p d\u1ee5ng ch\u00ednh s\u00e1ch b\u1ea3o h\u00e0nh. Tr\u00ean m\u1ed7i s\u1ea3n ph\u1ea9m c\u00f3 in H\u1ea1n s\u1eed d\u1ee5ng c\u1ee7a nh\u00e0 s\u1ea3n xu\u1ea5t. C\u00d4NG TY TNHH D\u01af\u1ee2C PH\u1ea8M CH\u00c2N T\u00c2M \u0110\u1ecba ch\u1ec9: U1A B\u1ea1ch M\u00e3, Ph\u01b0\u1eddng 15, Q.10 TP.HCM. Email:\u00a0info@chantampharma.com.vn\u00a0 \u00a0 Website:\u00a0chantampharma.com.vn M\u1eccI CHI TI\u1ebeT [&hellip;]","og_url":"https:\/\/chantampharma.com.vn\/en\/chinh-sach-bao-hanh-ban-hang\/","og_site_name":"Ch\u00e2n T\u00e2m Pharma","article_modified_time":"2025-09-23T02:24:05+00:00","twitter_card":"summary_large_image","twitter_misc":{"Estimated reading time":"1 minute"},"schema":{"@context":"https:\/\/schema.org","@graph":[{"@type":"WebPage","@id":"https:\/\/chantampharma.com.vn\/en\/chinh-sach-bao-hanh-ban-hang\/","url":"https:\/\/chantampharma.com.vn\/en\/chinh-sach-bao-hanh-ban-hang\/","name":"Warranty & Sales Policy - Ch\u00e2n T\u00e2m Pharma","isPartOf":{"@id":"https:\/\/chantampharma.com.vn\/#website"},"datePublished":"2021-08-09T07:54:19+00:00","dateModified":"2025-09-23T02:24:05+00:00","breadcrumb":{"@id":"https:\/\/chantampharma.com.vn\/en\/chinh-sach-bao-hanh-ban-hang\/#breadcrumb"},"inLanguage":"en-GB","potentialAction":[{"@type":"ReadAction","target":["https:\/\/chantampharma.com.vn\/en\/chinh-sach-bao-hanh-ban-hang\/"]}]},{"@type":"BreadcrumbList","@id":"https:\/\/chantampharma.com.vn\/en\/chinh-sach-bao-hanh-ban-hang\/#breadcrumb","itemListElement":[{"@type":"ListItem","position":1,"name":"Trang ch\u1ee7","item":"https:\/\/chantampharma.com.vn\/en\/"},{"@type":"ListItem","position":2,"name":"Warranty &#038; Sales Policy"}]},{"@type":"WebSite","@id":"https:\/\/chantampharma.com.vn\/#website","url":"https:\/\/chantampharma.com.vn\/","name":"Ch\u00e2n T\u00e2m Pharma","description":"","publisher":{"@id":"https:\/\/chantampharma.com.vn\/#organization"},"potentialAction":[{"@type":"SearchAction","target":{"@type":"EntryPoint","urlTemplate":"https:\/\/chantampharma.com.vn\/?s={search_term_string}"},"query-input":{"@type":"PropertyValueSpecification","valueRequired":true,"valueName":"search_term_string"}}],"inLanguage":"en-GB"},{"@type":"Organization","@id":"https:\/\/chantampharma.com.vn\/#organization","name":"Ch\u00e2n T\u00e2m Pharma","url":"https:\/\/chantampharma.com.vn\/","logo":{"@type":"ImageObject","inLanguage":"en-GB","@id":"https:\/\/chantampharma.com.vn\/#\/schema\/logo\/image\/","url":"https:\/\/chantampharma.com.vn\/wp-content\/uploads\/2025\/06\/cropped-fsd.png","contentUrl":"https:\/\/chantampharma.com.vn\/wp-content\/uploads\/2025\/06\/cropped-fsd.png","width":130,"height":34,"caption":"Ch\u00e2n T\u00e2m Pharma"},"image":{"@id":"https:\/\/chantampharma.com.vn\/#\/schema\/logo\/image\/"}}]}},"_links":{"self":[{"href":"https:\/\/chantampharma.com.vn\/en\/wp-json\/wp\/v2\/pages\/2388","targetHints":{"allow":["GET"]}}],"collection":[{"href":"https:\/\/chantampharma.com.vn\/en\/wp-json\/wp\/v2\/pages"}],"about":[{"href":"https:\/\/chantampharma.com.vn\/en\/wp-json\/wp\/v2\/types\/page"}],"author":[{"embeddable":true,"href":"https:\/\/chantampharma.com.vn\/en\/wp-json\/wp\/v2\/users\/2"}],"replies":[{"embeddable":true,"href":"https:\/\/chantampharma.com.vn\/en\/wp-json\/wp\/v2\/comments?post=2388"}],"version-history":[{"count":7,"href":"https:\/\/chantampharma.com.vn\/en\/wp-json\/wp\/v2\/pages\/2388\/revisions"}],"predecessor-version":[{"id":6736,"href":"https:\/\/chantampharma.com.vn\/en\/wp-json\/wp\/v2\/pages\/2388\/revisions\/6736"}],"wp:attachment":[{"href":"https:\/\/chantampharma.com.vn\/en\/wp-json\/wp\/v2\/media?parent=2388"}],"curies":[{"name":"wp","href":"https:\/\/api.w.org\/{rel}","templated":true}]}}