{"id":2387,"date":"2021-08-09T07:54:37","date_gmt":"2021-08-09T07:54:37","guid":{"rendered":"https:\/\/chantampharma.com.vn\/huong-dan-mua-hang-thanh-toan\/"},"modified":"2025-09-23T02:23:46","modified_gmt":"2025-09-23T02:23:46","slug":"huong-dan-mua-hang-thanh-toan","status":"publish","type":"page","link":"https:\/\/chantampharma.com.vn\/en\/huong-dan-mua-hang-thanh-toan\/","title":{"rendered":"Purchase Instructions &#8211; Payment"},"content":{"rendered":"\r\n<h1 class=\"wp-block-heading\">H\u01b0\u1edbng D\u1eabn Mua H\u00e0ng \u2013 Thanh To\u00e1n<\/h1>\r\n\r\n\r\n\r\n<ol class=\"wp-block-list\">\r\n<li><strong>H\u01b0\u1edbng d\u1eabn mua h\u00e0ng<\/strong><\/li>\r\n<\/ol>\r\n\r\n\r\n\r\n<p>Qu\u00fd kh\u00e1ch c\u00f3 th\u1ec3 l\u1ef1a ch\u1ecdn m\u1ed9t trong c\u00e1c c\u00e1ch mua h\u01b0<\/p>\r\n\r\n\r\n\r\n<p>C\u00e1ch 1: \u0110\u1ec3 l\u1ea1i th\u00f4ng tin \u1edf m\u1ee5c li\u00ean h\u1ec7, s\u1ebd c\u00f3 nh\u00e2n vi\u00ean li\u00ean h\u1ec7 t\u01b0 v\u1ea5n b\u00e1n h\u00e0ng qu\u00fd kh\u00e1ch.<\/p>\r\n\r\n\r\n\r\n<p>C\u00e1ch 2: G\u1ecdi \u0111i\u1ec7n \u0111\u1ebfn hotline\u00a0<a href=\"https:\/\/chantampharma.com.vn\/en\/en-2\/\"> \u00a0<\/a><a class=\"info__detail\" href=\"tel:+84909972324\">0909 97 2324<\/a>, h\u00e0ng ng\u00e0y t\u1eeb 8h30 s\u00e1ng ~ 18h t\u1ed1i, nh\u00e2n vi\u00ean c\u1ee7a Ch\u00e2n T\u00e2m Pharma s\u1eb5n s\u00e0ng ph\u1ee5c v\u1ee5 Qu\u00fd kh\u00e1ch.<\/p>\r\n\r\n\r\n\r\n<p>C\u00e1ch 3: Qu\u00fd kh\u00e1ch c\u00f3 th\u1ec3 \u0111\u1eb7t h\u00e0ng qua email t\u1ea1i \u0111\u1ecba ch\u1ec9: info@chantampharma.com.vn<\/p>\r\n<p>C\u00e1ch 4: Qu\u00fd kh\u00e1ch c\u00f3 th\u1ec3 \u0111\u1eb7t h\u00e0ng t\u1ea1i gian h\u00e0ng c\u1ee7a Ch\u00e2n T\u00e2m tr\u00ean c\u00e1c trang th\u01b0\u01a1ng m\u1ea1i \u0111i\u1ec7n t\u1eed Tiki, Lazada, Shopee. Ch\u00fang t\u00f4i c\u00f3 cung c\u1ea5p th\u00f4ng tin c\u00e1c trang s\u1ea3n ph\u1ea9m (ch\u1ec9 nh\u1eefng s\u1ea3n ph\u1ea9m \u0111\u01b0\u1ee3c b\u00e1n tr\u00ean c\u00e1c trang th\u01b0\u01a1ng m\u1ea1i \u0111i\u1ec7n t\u1eed)<\/p>\r\n\r\n\r\n\r\n<p>M\u1ed9t s\u1ed1 l\u01b0u \u00fd:<\/p>\r\n\r\n\r\n\r\n<p>+ Ch\u00fang T\u00f4i ch\u1ec9 ch\u1ea5p nh\u1eadn nh\u1eefng \u0111\u01a1n \u0111\u1eb7t h\u00e0ng khi cung c\u1ea5p \u0111\u1ea7y \u0111\u1ee7 th\u00f4ng tin ch\u00ednh x\u00e1c v\u1ec1 \u0111\u1ecba ch\u1ec9, s\u1ed1 \u0111i\u1ec7n tho\u1ea1i c\u1ed1 \u0111\u1ecbnh&#8230;Sau khi Qu\u00fd kh\u00e1ch \u0111\u1eb7t h\u00e0ng, Ch\u00fang T\u00f4i s\u1ebd li\u00ean l\u1ea1c l\u1ea1i \u0111\u1ec3 ki\u1ec3m tra th\u00f4ng tin v\u00e0 th\u1ecfa thu\u1eadn th\u00eam nh\u1eefng \u0111i\u1ec1u c\u00f3 li\u00ean quan.<\/p>\r\n\r\n\r\n\r\n<p>+ Hi\u1ec7n t\u1ea1i Ch\u00fang T\u00f4i ch\u1ec9 Ph\u1ee5c v\u1ee5 b\u00e1n h\u00e0ng tr\u1ef1c tuy\u1ebfn \u0111\u1ed1i v\u1edbi kh\u00e1ch h\u00e0ng TPHCM v\u00e0 c\u00e1c t\u1ec9nh th\u00e0nh thu\u1ed9c ph\u1ea1m vi trong n\u01b0\u1edbc Vi\u1ec7t Nam.<\/p>\r\n\r\n\r\n\r\n<p>+ \u0110\u1ecba ch\u1ec9 giao h\u00e0ng ph\u1ea3i c\u00f3 \u0111\u1ea7y \u0111\u1ee7 th\u00f4ng tin: Ng\u01b0\u1eddi nh\u1eadn h\u00e0ng, \u0111\u1ecba ch\u1ec9, s\u1ed1 \u0111i\u1ec7n tho\u1ea1i ch\u00ednh x\u00e1c, r\u00f5 r\u00e0ng. Ch\u00fang T\u00f4i kh\u00f4ng ch\u1ecbu tr\u00e1ch nhi\u1ec7m khi Qu\u00fd kh\u00e1ch ghi sai th\u00f4ng tin ng\u01b0\u1eddi nh\u1eadn.<\/p>\r\n\r\n\r\n\r\n<p>+ Ch\u00e2n T\u00e2m Pharma kh\u00f4ng b\u00e1n s\u1ea3n ph\u1ea9m cho ng\u01b0\u1eddi d\u01b0\u1edbi 16 tu\u1ed5i. N\u1ebfu Qu\u00fd kh\u00e1ch d\u01b0\u1edbi 16 tu\u1ed5i s\u1ebd \u0111\u01b0\u1ee3c y\u00eau c\u1ea7u ph\u1ea3i c\u00f3 s\u1ef1 \u0111\u1ed3ng \u00fd c\u1ee7a cha m\u1eb9 ho\u1eb7c ng\u01b0\u1eddi gi\u00e1m h\u1ed9 \u0111\u1ec3 th\u1ef1c hi\u1ec7n mua h\u00e0ng t\u1eeb website.<\/p>\r\n\r\n\r\n\r\n<p>&nbsp;<\/p>\r\n","protected":false},"excerpt":{"rendered":"<p>H\u01b0\u1edbng D\u1eabn Mua H\u00e0ng \u2013 Thanh To\u00e1n H\u01b0\u1edbng d\u1eabn mua h\u00e0ng Qu\u00fd kh\u00e1ch c\u00f3 th\u1ec3 l\u1ef1a ch\u1ecdn m\u1ed9t trong c\u00e1c c\u00e1ch mua h\u01b0 C\u00e1ch 1: \u0110\u1ec3 l\u1ea1i th\u00f4ng tin \u1edf m\u1ee5c li\u00ean h\u1ec7, s\u1ebd c\u00f3 nh\u00e2n vi\u00ean li\u00ean h\u1ec7 t\u01b0 v\u1ea5n b\u00e1n h\u00e0ng qu\u00fd kh\u00e1ch. C\u00e1ch 2: G\u1ecdi \u0111i\u1ec7n \u0111\u1ebfn hotline\u00a0 \u00a00909 97 2324, h\u00e0ng [&hellip;]<\/p>\n","protected":false},"author":2,"featured_media":0,"parent":0,"menu_order":0,"comment_status":"closed","ping_status":"closed","template":"page-template\/buyingGuide_payment-template.php","meta":{"footnotes":""},"class_list":["post-2387","page","type-page","status-publish","hentry"],"yoast_head":"<!-- This site is optimized with the Yoast SEO plugin v24.9 - https:\/\/yoast.com\/wordpress\/plugins\/seo\/ -->\n<title>Purchase Instructions - Payment - Ch\u00e2n T\u00e2m Pharma<\/title>\n<meta name=\"robots\" content=\"index, follow, max-snippet:-1, max-image-preview:large, max-video-preview:-1\" \/>\n<link rel=\"canonical\" href=\"https:\/\/chantampharma.com.vn\/en\/huong-dan-mua-hang-thanh-toan\/\" \/>\n<meta property=\"og:locale\" content=\"en_GB\" \/>\n<meta property=\"og:type\" content=\"article\" \/>\n<meta property=\"og:title\" content=\"Purchase Instructions - Payment - Ch\u00e2n T\u00e2m Pharma\" \/>\n<meta property=\"og:description\" content=\"H\u01b0\u1edbng D\u1eabn Mua H\u00e0ng \u2013 Thanh To\u00e1n H\u01b0\u1edbng d\u1eabn mua h\u00e0ng Qu\u00fd kh\u00e1ch c\u00f3 th\u1ec3 l\u1ef1a ch\u1ecdn m\u1ed9t trong c\u00e1c c\u00e1ch mua h\u01b0 C\u00e1ch 1: \u0110\u1ec3 l\u1ea1i th\u00f4ng tin \u1edf m\u1ee5c li\u00ean h\u1ec7, s\u1ebd c\u00f3 nh\u00e2n vi\u00ean li\u00ean h\u1ec7 t\u01b0 v\u1ea5n b\u00e1n h\u00e0ng qu\u00fd kh\u00e1ch. C\u00e1ch 2: G\u1ecdi \u0111i\u1ec7n \u0111\u1ebfn hotline\u00a0 \u00a00909 97 2324, h\u00e0ng [&hellip;]\" \/>\n<meta property=\"og:url\" content=\"https:\/\/chantampharma.com.vn\/en\/huong-dan-mua-hang-thanh-toan\/\" \/>\n<meta property=\"og:site_name\" content=\"Ch\u00e2n T\u00e2m Pharma\" \/>\n<meta property=\"article:modified_time\" content=\"2025-09-23T02:23:46+00:00\" \/>\n<meta name=\"twitter:card\" content=\"summary_large_image\" \/>\n<meta name=\"twitter:label1\" content=\"Estimated reading time\" \/>\n\t<meta name=\"twitter:data1\" content=\"2 minutes\" \/>\n<script type=\"application\/ld+json\" class=\"yoast-schema-graph\">{\"@context\":\"https:\/\/schema.org\",\"@graph\":[{\"@type\":\"WebPage\",\"@id\":\"https:\/\/chantampharma.com.vn\/en\/huong-dan-mua-hang-thanh-toan\/\",\"url\":\"https:\/\/chantampharma.com.vn\/en\/huong-dan-mua-hang-thanh-toan\/\",\"name\":\"Purchase Instructions - Payment - Ch\u00e2n T\u00e2m Pharma\",\"isPartOf\":{\"@id\":\"https:\/\/chantampharma.com.vn\/#website\"},\"datePublished\":\"2021-08-09T07:54:37+00:00\",\"dateModified\":\"2025-09-23T02:23:46+00:00\",\"breadcrumb\":{\"@id\":\"https:\/\/chantampharma.com.vn\/en\/huong-dan-mua-hang-thanh-toan\/#breadcrumb\"},\"inLanguage\":\"en-GB\",\"potentialAction\":[{\"@type\":\"ReadAction\",\"target\":[\"https:\/\/chantampharma.com.vn\/en\/huong-dan-mua-hang-thanh-toan\/\"]}]},{\"@type\":\"BreadcrumbList\",\"@id\":\"https:\/\/chantampharma.com.vn\/en\/huong-dan-mua-hang-thanh-toan\/#breadcrumb\",\"itemListElement\":[{\"@type\":\"ListItem\",\"position\":1,\"name\":\"Trang ch\u1ee7\",\"item\":\"https:\/\/chantampharma.com.vn\/en\/\"},{\"@type\":\"ListItem\",\"position\":2,\"name\":\"Purchase Instructions &#8211; Payment\"}]},{\"@type\":\"WebSite\",\"@id\":\"https:\/\/chantampharma.com.vn\/#website\",\"url\":\"https:\/\/chantampharma.com.vn\/\",\"name\":\"Ch\u00e2n T\u00e2m Pharma\",\"description\":\"\",\"publisher\":{\"@id\":\"https:\/\/chantampharma.com.vn\/#organization\"},\"potentialAction\":[{\"@type\":\"SearchAction\",\"target\":{\"@type\":\"EntryPoint\",\"urlTemplate\":\"https:\/\/chantampharma.com.vn\/?s={search_term_string}\"},\"query-input\":{\"@type\":\"PropertyValueSpecification\",\"valueRequired\":true,\"valueName\":\"search_term_string\"}}],\"inLanguage\":\"en-GB\"},{\"@type\":\"Organization\",\"@id\":\"https:\/\/chantampharma.com.vn\/#organization\",\"name\":\"Ch\u00e2n T\u00e2m Pharma\",\"url\":\"https:\/\/chantampharma.com.vn\/\",\"logo\":{\"@type\":\"ImageObject\",\"inLanguage\":\"en-GB\",\"@id\":\"https:\/\/chantampharma.com.vn\/#\/schema\/logo\/image\/\",\"url\":\"https:\/\/chantampharma.com.vn\/wp-content\/uploads\/2025\/06\/cropped-fsd.png\",\"contentUrl\":\"https:\/\/chantampharma.com.vn\/wp-content\/uploads\/2025\/06\/cropped-fsd.png\",\"width\":130,\"height\":34,\"caption\":\"Ch\u00e2n T\u00e2m Pharma\"},\"image\":{\"@id\":\"https:\/\/chantampharma.com.vn\/#\/schema\/logo\/image\/\"}}]}<\/script>\n<!-- \/ Yoast SEO plugin. -->","yoast_head_json":{"title":"Purchase Instructions - Payment - Ch\u00e2n T\u00e2m Pharma","robots":{"index":"index","follow":"follow","max-snippet":"max-snippet:-1","max-image-preview":"max-image-preview:large","max-video-preview":"max-video-preview:-1"},"canonical":"https:\/\/chantampharma.com.vn\/en\/huong-dan-mua-hang-thanh-toan\/","og_locale":"en_GB","og_type":"article","og_title":"Purchase Instructions - Payment - Ch\u00e2n T\u00e2m Pharma","og_description":"H\u01b0\u1edbng D\u1eabn Mua H\u00e0ng \u2013 Thanh To\u00e1n H\u01b0\u1edbng d\u1eabn mua h\u00e0ng Qu\u00fd kh\u00e1ch c\u00f3 th\u1ec3 l\u1ef1a ch\u1ecdn m\u1ed9t trong c\u00e1c c\u00e1ch mua h\u01b0 C\u00e1ch 1: \u0110\u1ec3 l\u1ea1i th\u00f4ng tin \u1edf m\u1ee5c li\u00ean h\u1ec7, s\u1ebd c\u00f3 nh\u00e2n vi\u00ean li\u00ean h\u1ec7 t\u01b0 v\u1ea5n b\u00e1n h\u00e0ng qu\u00fd kh\u00e1ch. C\u00e1ch 2: G\u1ecdi \u0111i\u1ec7n \u0111\u1ebfn hotline\u00a0 \u00a00909 97 2324, h\u00e0ng [&hellip;]","og_url":"https:\/\/chantampharma.com.vn\/en\/huong-dan-mua-hang-thanh-toan\/","og_site_name":"Ch\u00e2n T\u00e2m Pharma","article_modified_time":"2025-09-23T02:23:46+00:00","twitter_card":"summary_large_image","twitter_misc":{"Estimated reading time":"2 minutes"},"schema":{"@context":"https:\/\/schema.org","@graph":[{"@type":"WebPage","@id":"https:\/\/chantampharma.com.vn\/en\/huong-dan-mua-hang-thanh-toan\/","url":"https:\/\/chantampharma.com.vn\/en\/huong-dan-mua-hang-thanh-toan\/","name":"Purchase Instructions - Payment - Ch\u00e2n T\u00e2m Pharma","isPartOf":{"@id":"https:\/\/chantampharma.com.vn\/#website"},"datePublished":"2021-08-09T07:54:37+00:00","dateModified":"2025-09-23T02:23:46+00:00","breadcrumb":{"@id":"https:\/\/chantampharma.com.vn\/en\/huong-dan-mua-hang-thanh-toan\/#breadcrumb"},"inLanguage":"en-GB","potentialAction":[{"@type":"ReadAction","target":["https:\/\/chantampharma.com.vn\/en\/huong-dan-mua-hang-thanh-toan\/"]}]},{"@type":"BreadcrumbList","@id":"https:\/\/chantampharma.com.vn\/en\/huong-dan-mua-hang-thanh-toan\/#breadcrumb","itemListElement":[{"@type":"ListItem","position":1,"name":"Trang ch\u1ee7","item":"https:\/\/chantampharma.com.vn\/en\/"},{"@type":"ListItem","position":2,"name":"Purchase Instructions &#8211; Payment"}]},{"@type":"WebSite","@id":"https:\/\/chantampharma.com.vn\/#website","url":"https:\/\/chantampharma.com.vn\/","name":"Ch\u00e2n T\u00e2m Pharma","description":"","publisher":{"@id":"https:\/\/chantampharma.com.vn\/#organization"},"potentialAction":[{"@type":"SearchAction","target":{"@type":"EntryPoint","urlTemplate":"https:\/\/chantampharma.com.vn\/?s={search_term_string}"},"query-input":{"@type":"PropertyValueSpecification","valueRequired":true,"valueName":"search_term_string"}}],"inLanguage":"en-GB"},{"@type":"Organization","@id":"https:\/\/chantampharma.com.vn\/#organization","name":"Ch\u00e2n T\u00e2m Pharma","url":"https:\/\/chantampharma.com.vn\/","logo":{"@type":"ImageObject","inLanguage":"en-GB","@id":"https:\/\/chantampharma.com.vn\/#\/schema\/logo\/image\/","url":"https:\/\/chantampharma.com.vn\/wp-content\/uploads\/2025\/06\/cropped-fsd.png","contentUrl":"https:\/\/chantampharma.com.vn\/wp-content\/uploads\/2025\/06\/cropped-fsd.png","width":130,"height":34,"caption":"Ch\u00e2n T\u00e2m Pharma"},"image":{"@id":"https:\/\/chantampharma.com.vn\/#\/schema\/logo\/image\/"}}]}},"_links":{"self":[{"href":"https:\/\/chantampharma.com.vn\/en\/wp-json\/wp\/v2\/pages\/2387","targetHints":{"allow":["GET"]}}],"collection":[{"href":"https:\/\/chantampharma.com.vn\/en\/wp-json\/wp\/v2\/pages"}],"about":[{"href":"https:\/\/chantampharma.com.vn\/en\/wp-json\/wp\/v2\/types\/page"}],"author":[{"embeddable":true,"href":"https:\/\/chantampharma.com.vn\/en\/wp-json\/wp\/v2\/users\/2"}],"replies":[{"embeddable":true,"href":"https:\/\/chantampharma.com.vn\/en\/wp-json\/wp\/v2\/comments?post=2387"}],"version-history":[{"count":7,"href":"https:\/\/chantampharma.com.vn\/en\/wp-json\/wp\/v2\/pages\/2387\/revisions"}],"predecessor-version":[{"id":6737,"href":"https:\/\/chantampharma.com.vn\/en\/wp-json\/wp\/v2\/pages\/2387\/revisions\/6737"}],"wp:attachment":[{"href":"https:\/\/chantampharma.com.vn\/en\/wp-json\/wp\/v2\/media?parent=2387"}],"curies":[{"name":"wp","href":"https:\/\/api.w.org\/{rel}","templated":true}]}}